{"id":5900,"date":"2024-12-17T08:23:48","date_gmt":"2024-12-17T08:23:48","guid":{"rendered":"https:\/\/neelayurvedics.es\/?post_type=product&#038;p=5900"},"modified":"2025-03-29T09:53:59","modified_gmt":"2025-03-29T09:53:59","slug":"vaidyaratnam-amritharishtam-450-ml","status":"publish","type":"product","link":"https:\/\/neelayurvedics.es\/?product=vaidyaratnam-amritharishtam-450-ml","title":{"rendered":"Vaidyaratnam Amritharishtam \u2013 450 ML"},"content":{"rendered":"<h3>Composici\u00f3n de Vaidyaratnam Amritharishtam:<\/h3>\n<ul>\n<li>Amrutha<\/li>\n<li>Dasamoola<\/li>\n<li>Ajaji<\/li>\n<li>Parpata<\/li>\n<li>Sapthaparna<\/li>\n<li>Trikatu<\/li>\n<li>Musta<\/li>\n<li>Nagakesara<\/li>\n<li>Katuka<\/li>\n<li>Athivisha<\/li>\n<li>Indrayav\u00e1<\/li>\n<li>guada<\/li>\n<\/ul>\n<h3>Beneficios de Vaidyaratnam Amritharishtam:<\/h3>\n<ol>\n<li>Todo tipo de fiebre<\/li>\n<\/ol>\n<h3>Dosis de Vaidyaratnam Amritharishtam:<\/h3>\n<ol>\n<li>15 a 30 ml dos veces al d\u00eda, despu\u00e9s de las comidas o seg\u00fan lo prescriba un m\u00e9dico.<\/li>\n<\/ol>\n","protected":false},"excerpt":{"rendered":"<p>Composici\u00f3n de Vaidyaratnam Amritharishtam: Amrutha Dasamoola Ajaji Parpata Sapthaparna Trikatu Musta Nagakesara Katuka Athivisha Indrayav\u00e1 guada Beneficios de Vaidyaratnam Amritharishtam: Todo tipo de fiebre Dosis de Vaidyaratnam Amritharishtam: 15 a 30 ml dos veces al d\u00eda, despu\u00e9s de las comidas o seg\u00fan lo prescriba un m\u00e9dico.<\/p>\n","protected":false},"featured_media":5901,"comment_status":"open","ping_status":"closed","template":"","meta":[],"product_brand":[],"product_cat":[200,195,247],"product_tag":[],"class_list":{"0":"post-5900","1":"product","2":"type-product","3":"status-publish","4":"has-post-thumbnail","6":"product_cat-marca","7":"product_cat-productos-ayurvedicos","8":"product_cat-vaidyaratnam","10":"first","11":"instock","12":"shipping-taxable","13":"purchasable","14":"product-type-simple"},"_links":{"self":[{"href":"https:\/\/neelayurvedics.es\/index.php?rest_route=\/wp\/v2\/product\/5900","targetHints":{"allow":["GET"]}}],"collection":[{"href":"https:\/\/neelayurvedics.es\/index.php?rest_route=\/wp\/v2\/product"}],"about":[{"href":"https:\/\/neelayurvedics.es\/index.php?rest_route=\/wp\/v2\/types\/product"}],"replies":[{"embeddable":true,"href":"https:\/\/neelayurvedics.es\/index.php?rest_route=%2Fwp%2Fv2%2Fcomments&post=5900"}],"wp:featuredmedia":[{"embeddable":true,"href":"https:\/\/neelayurvedics.es\/index.php?rest_route=\/wp\/v2\/media\/5901"}],"wp:attachment":[{"href":"https:\/\/neelayurvedics.es\/index.php?rest_route=%2Fwp%2Fv2%2Fmedia&parent=5900"}],"wp:term":[{"taxonomy":"product_brand","embeddable":true,"href":"https:\/\/neelayurvedics.es\/index.php?rest_route=%2Fwp%2Fv2%2Fproduct_brand&post=5900"},{"taxonomy":"product_cat","embeddable":true,"href":"https:\/\/neelayurvedics.es\/index.php?rest_route=%2Fwp%2Fv2%2Fproduct_cat&post=5900"},{"taxonomy":"product_tag","embeddable":true,"href":"https:\/\/neelayurvedics.es\/index.php?rest_route=%2Fwp%2Fv2%2Fproduct_tag&post=5900"}],"curies":[{"name":"wp","href":"https:\/\/api.w.org\/{rel}","templated":true}]}}