{"id":5908,"date":"2024-12-17T11:36:16","date_gmt":"2024-12-17T11:36:16","guid":{"rendered":"https:\/\/neelayurvedics.es\/?post_type=product&#038;p=5908"},"modified":"2025-03-29T08:00:42","modified_gmt":"2025-03-29T08:00:42","slug":"vaidyaratnam-anu-thailam-10-ml","status":"publish","type":"product","link":"https:\/\/neelayurvedics.es\/?product=vaidyaratnam-anu-thailam-10-ml","title":{"rendered":"Vaidyaratnam Anu thailam \u2013 10 ML"},"content":{"rendered":"<h3>Composici\u00f3n de Vaidyaratnam Anu Thailam: &#8211;<\/h3>\n<ul>\n<li>Sudh guggul<\/li>\n<li>Mulethi<\/li>\n<li>Dalchini<\/li>\n<li>Tejpatra<\/li>\n<\/ul>\n<h3>Beneficios de Vaidyaratnam Anu Thailam: &#8211;<\/h3>\n<ol>\n<li>Proporciona alivio para una variedad de enfermedades mientras nutre los \u00f3rganos sensoriales.<\/li>\n<li>Fortaleciendo y nutriendo los cinco \u00f3rganos de los sentidos, esta preparaci\u00f3n ayurv\u00e9dica es muy efectiva.<\/li>\n<li>La cavidad nasal se limpia y los senos nasales y la nariz quedan libres de bacterias, alergias, mucosidad adicional e impurezas.<\/li>\n<li>Este aceite nasal no solo protege la cavidad nasal de irritantes externos como el polen.<\/li>\n<li>Reduce la coriza cr\u00f3nica, la congesti\u00f3n nasal y las infecciones de los senos nasales.<\/li>\n<li>Adem\u00e1s, hidrata los senos paranasales y la mucosa nasal.<\/li>\n<\/ol>\n<h3>Usos de Vaidyaratnam Anu Thailam: &#8211;<\/h3>\n<ul>\n<li>Aplicar de 2 a 4 gotas en cada fosa nasal dos veces al d\u00eda.<\/li>\n<\/ul>\n","protected":false},"excerpt":{"rendered":"<ul>\n<li>Vaidyaratnam Anu thailam es una cura ayurv\u00e9dica para apoyar los \u00f3rganos sensoriales y curar una variedad de enfermedades.<\/li>\n<li>Esta mezcla ayuda a fortalecer los nervios mientras act\u00faa como antiinflamatorio.<\/li>\n<li>Esto puede reducir las migra\u00f1as, los dolores de cabeza, la ca\u00edda del cabello, el encanecimiento prematuro del cabello y los problemas con los cinco sentidos.<\/li>\n<li>Equilibra los tres doshas del cuerpo.<\/li>\n<\/ul>\n","protected":false},"featured_media":5909,"comment_status":"open","ping_status":"closed","template":"","meta":[],"product_brand":[],"product_cat":[200,195,247],"product_tag":[],"class_list":{"0":"post-5908","1":"product","2":"type-product","3":"status-publish","4":"has-post-thumbnail","6":"product_cat-marca","7":"product_cat-productos-ayurvedicos","8":"product_cat-vaidyaratnam","10":"first","11":"instock","12":"shipping-taxable","13":"purchasable","14":"product-type-simple"},"_links":{"self":[{"href":"https:\/\/neelayurvedics.es\/index.php?rest_route=\/wp\/v2\/product\/5908","targetHints":{"allow":["GET"]}}],"collection":[{"href":"https:\/\/neelayurvedics.es\/index.php?rest_route=\/wp\/v2\/product"}],"about":[{"href":"https:\/\/neelayurvedics.es\/index.php?rest_route=\/wp\/v2\/types\/product"}],"replies":[{"embeddable":true,"href":"https:\/\/neelayurvedics.es\/index.php?rest_route=%2Fwp%2Fv2%2Fcomments&post=5908"}],"wp:featuredmedia":[{"embeddable":true,"href":"https:\/\/neelayurvedics.es\/index.php?rest_route=\/wp\/v2\/media\/5909"}],"wp:attachment":[{"href":"https:\/\/neelayurvedics.es\/index.php?rest_route=%2Fwp%2Fv2%2Fmedia&parent=5908"}],"wp:term":[{"taxonomy":"product_brand","embeddable":true,"href":"https:\/\/neelayurvedics.es\/index.php?rest_route=%2Fwp%2Fv2%2Fproduct_brand&post=5908"},{"taxonomy":"product_cat","embeddable":true,"href":"https:\/\/neelayurvedics.es\/index.php?rest_route=%2Fwp%2Fv2%2Fproduct_cat&post=5908"},{"taxonomy":"product_tag","embeddable":true,"href":"https:\/\/neelayurvedics.es\/index.php?rest_route=%2Fwp%2Fv2%2Fproduct_tag&post=5908"}],"curies":[{"name":"wp","href":"https:\/\/api.w.org\/{rel}","templated":true}]}}