{"id":5913,"date":"2024-12-17T12:02:12","date_gmt":"2024-12-17T12:02:12","guid":{"rendered":"https:\/\/neelayurvedics.es\/?post_type=product&#038;p=5913"},"modified":"2025-03-29T07:59:19","modified_gmt":"2025-03-29T07:59:19","slug":"vaidyaratnam-aragwadhamruthadi-kashayam-200-ml","status":"publish","type":"product","link":"https:\/\/neelayurvedics.es\/?product=vaidyaratnam-aragwadhamruthadi-kashayam-200-ml","title":{"rendered":"Vaidyaratnam Aragwadhamruthadi Kashayam \u2013 200 ML"},"content":{"rendered":"<h3>Composici\u00f3n de Vaidyaratnam Aragwadhamruthadi Kashayam: &#8211;<\/h3>\n<ul>\n<li>Jadira<\/li>\n<li>Guduchi<\/li>\n<li>Aragwada<\/li>\n<li>Harithaki<\/li>\n<\/ul>\n<h3>Beneficios de Vaidyaratnam Aragwadhamruthadi Kashayam: &#8211;<\/h3>\n<div class=\"flex-1 overflow-hidden\">\n<div class=\"react-scroll-to-bottom--css-ndszp-79elbk h-full\">\n<div class=\"react-scroll-to-bottom--css-ndszp-1n7m0yu\">\n<div class=\"flex flex-col text-sm pb-9\">\n<div class=\"w-full text-token-text-primary\" data-testid=\"conversation-turn-12\">\n<div class=\"px-4 py-2 justify-center text-base md:gap-6 m-auto\">\n<div class=\"flex flex-1 text-base mx-auto gap-3 md:px-5 lg:px-1 xl:px-5 md:max-w-3xl lg:max-w-[40rem] xl:max-w-[48rem] group final-completion\">\n<div class=\"relative flex w-full flex-col agent-turn\">\n<div class=\"flex-col gap-1 md:gap-3\">\n<div class=\"flex flex-grow flex-col max-w-full\">\n<div class=\"min-h-[20px] text-message flex flex-col items-start gap-3 whitespace-pre-wrap break-words [.text-message+&amp;]:mt-5 overflow-x-auto\" data-message-author-role=\"assistant\" data-message-id=\"ee7e2801-f962-47ce-a132-77d3a7691cdf\">\n<div class=\"markdown prose w-full break-words dark:prose-invert light\">\n<ol>\n<li>Vaidyaratnam Aragwadhamruthadi Kashayam es una potente f\u00f3rmula herbal que brinda asistencia terap\u00e9utica integral para diversos trastornos de la piel.<\/li>\n<li>Es particularmente beneficioso para abordar afecciones como v\u00f3mitos, diabetes, enfermedades de la piel caracterizadas por picaz\u00f3n, heridas que no cicatrizan, fiebre kaphaja, sarna y heridas, ofreciendo un apoyo terap\u00e9utico integral derivado de fuentes naturales.<\/li>\n<\/ol>\n<\/div>\n<\/div>\n<\/div>\n<\/div>\n<\/div>\n<\/div>\n<\/div>\n<\/div>\n<\/div>\n<\/div>\n<\/div>\n<\/div>\n<h3>Dosis de Vaidyaratnam Aragwadhamruthadi Kashayam: &#8211;<\/h3>\n<ul>\n<li>15 ml dos veces al d\u00eda, con cuatro tomas de agua tibia, una hora antes de la comida o seg\u00fan lo indique el m\u00e9dico.<\/li>\n<\/ul>\n","protected":false},"excerpt":{"rendered":"<ul>\n<li>Vaidyaratnam Aragwadhamruthadi Kashayam es un potente remedio herbal reconocido por su eficacia en el tratamiento ayurv\u00e9dico de diversas dolencias como v\u00f3mitos, diabetes, enfermedades de la piel caracterizadas por picaz\u00f3n, heridas que no cicatrizan, fiebre kaphaja, sarna y heridas.<\/li>\n<\/ul>\n","protected":false},"featured_media":5915,"comment_status":"open","ping_status":"closed","template":"","meta":[],"product_brand":[],"product_cat":[200,195,247],"product_tag":[],"class_list":{"0":"post-5913","1":"product","2":"type-product","3":"status-publish","4":"has-post-thumbnail","6":"product_cat-marca","7":"product_cat-productos-ayurvedicos","8":"product_cat-vaidyaratnam","10":"first","11":"instock","12":"shipping-taxable","13":"purchasable","14":"product-type-simple"},"_links":{"self":[{"href":"https:\/\/neelayurvedics.es\/index.php?rest_route=\/wp\/v2\/product\/5913","targetHints":{"allow":["GET"]}}],"collection":[{"href":"https:\/\/neelayurvedics.es\/index.php?rest_route=\/wp\/v2\/product"}],"about":[{"href":"https:\/\/neelayurvedics.es\/index.php?rest_route=\/wp\/v2\/types\/product"}],"replies":[{"embeddable":true,"href":"https:\/\/neelayurvedics.es\/index.php?rest_route=%2Fwp%2Fv2%2Fcomments&post=5913"}],"wp:featuredmedia":[{"embeddable":true,"href":"https:\/\/neelayurvedics.es\/index.php?rest_route=\/wp\/v2\/media\/5915"}],"wp:attachment":[{"href":"https:\/\/neelayurvedics.es\/index.php?rest_route=%2Fwp%2Fv2%2Fmedia&parent=5913"}],"wp:term":[{"taxonomy":"product_brand","embeddable":true,"href":"https:\/\/neelayurvedics.es\/index.php?rest_route=%2Fwp%2Fv2%2Fproduct_brand&post=5913"},{"taxonomy":"product_cat","embeddable":true,"href":"https:\/\/neelayurvedics.es\/index.php?rest_route=%2Fwp%2Fv2%2Fproduct_cat&post=5913"},{"taxonomy":"product_tag","embeddable":true,"href":"https:\/\/neelayurvedics.es\/index.php?rest_route=%2Fwp%2Fv2%2Fproduct_tag&post=5913"}],"curies":[{"name":"wp","href":"https:\/\/api.w.org\/{rel}","templated":true}]}}