{"id":5916,"date":"2024-12-17T12:10:34","date_gmt":"2024-12-17T12:10:34","guid":{"rendered":"https:\/\/neelayurvedics.es\/?post_type=product&#038;p=5916"},"modified":"2025-03-29T10:47:04","modified_gmt":"2025-03-29T10:47:04","slug":"vaidyaratnam-aragwadhasavam-450-ml","status":"publish","type":"product","link":"https:\/\/neelayurvedics.es\/?product=vaidyaratnam-aragwadhasavam-450-ml","title":{"rendered":"Vaidyaratnam Aragwadhasavam \u2013 450 ML"},"content":{"rendered":"<div id=\"nasa-section-accordion-description\" class=\"hidden-tag nasa-panel nasa-content-panel nasa-sp-panel nasa-content-description active first\">\n<h3>Composici\u00f3n de Vaidyaratnam Aragwadhasavam: &#8211;<\/h3>\n<ul>\n<li>Sita<\/li>\n<li>Pata<\/li>\n<li>Agni<\/li>\n<li>Pl\u00e1tano<\/li>\n<li>Fala<\/li>\n<li>Sruva<\/li>\n<li>Patala<\/li>\n<li>Patola<\/li>\n<li>Susavi<\/li>\n<li>Nimba<\/li>\n<li>Ghonda<\/li>\n<li>Vruksha<\/li>\n<li>Saiyaka<\/li>\n<li>Amrutha<\/li>\n<li>M\u00e1xima<\/li>\n<li>Indrayav\u00e1<\/li>\n<li>Kakathikta<\/li>\n<li>Aragwadha<\/li>\n<li>Bhoonimba<\/li>\n<li>Sapthachada<\/li>\n<li>Karanjayugma<\/li>\n<\/ul>\n<h3>Beneficios de Vaidyaratnam Aragwadhasavam: &#8211;<\/h3>\n<div class=\"flex-1 overflow-hidden\">\n<div class=\"react-scroll-to-bottom--css-ingga-79elbk h-full\">\n<div class=\"react-scroll-to-bottom--css-ingga-1n7m0yu\">\n<div class=\"flex flex-col text-sm pb-9\">\n<div class=\"w-full text-token-text-primary\" data-testid=\"conversation-turn-12\">\n<div class=\"px-4 py-2 justify-center text-base md:gap-6 m-auto\">\n<div class=\"flex flex-1 text-base mx-auto gap-3 md:px-5 lg:px-1 xl:px-5 md:max-w-3xl lg:max-w-[40rem] xl:max-w-[48rem] group final-completion\">\n<div class=\"relative flex w-full flex-col agent-turn\">\n<div class=\"flex-col gap-1 md:gap-3\">\n<div class=\"flex flex-grow flex-col max-w-full\">\n<div class=\"min-h-[20px] text-message flex flex-col items-start gap-3 whitespace-pre-wrap break-words [.text-message+&amp;]:mt-5 overflow-x-auto\" data-message-author-role=\"assistant\" data-message-id=\"380bfa9c-55fc-4f64-8038-03a84af32464\">\n<div class=\"markdown prose w-full break-words dark:prose-invert light\">\n<ol>\n<li>Vaidyaratnam Aragwadhasavam es una f\u00f3rmula ayurv\u00e9dica altamente efectiva reconocida por su versatilidad en el tratamiento de una multitud de afecciones de la piel.<\/li>\n<li>Este potente t\u00f3nico es particularmente beneficioso para tratar heridas cr\u00f3nicas, hemorroides y vit\u00edligo, ofreciendo un enfoque hol\u00edstico para la curaci\u00f3n y el bienestar.<\/li>\n<\/ol>\n<\/div>\n<\/div>\n<\/div>\n<\/div>\n<\/div>\n<\/div>\n<\/div>\n<\/div>\n<\/div>\n<\/div>\n<\/div>\n<\/div>\n<h3>Dosis de Vaidyaratnam Aragwadhasavam: &#8211;<\/h3>\n<ul>\n<li>15 a 30 mililitros, tomados dos veces al d\u00eda, preferiblemente despu\u00e9s de las comidas.<\/li>\n<\/ul>\n<\/div>\n<div class=\"nasa-accordion-title\"><\/div>\n","protected":false},"excerpt":{"rendered":"<ul>\n<li>Vaidyaratnam Aragwadhasavam es un potente purificador de sangre reconocido por su eficacia en el tratamiento de una amplia variedad de afecciones de la piel.<\/li>\n<li>Posee notables propiedades curativas y limpiadoras de heridas, lo que lo convierte en un remedio invaluable para diversas afecciones de la piel.<\/li>\n<\/ul>\n","protected":false},"featured_media":5918,"comment_status":"open","ping_status":"closed","template":"","meta":[],"product_brand":[],"product_cat":[200,195,247],"product_tag":[],"class_list":{"0":"post-5916","1":"product","2":"type-product","3":"status-publish","4":"has-post-thumbnail","6":"product_cat-marca","7":"product_cat-productos-ayurvedicos","8":"product_cat-vaidyaratnam","10":"first","11":"instock","12":"shipping-taxable","13":"purchasable","14":"product-type-simple"},"_links":{"self":[{"href":"https:\/\/neelayurvedics.es\/index.php?rest_route=\/wp\/v2\/product\/5916","targetHints":{"allow":["GET"]}}],"collection":[{"href":"https:\/\/neelayurvedics.es\/index.php?rest_route=\/wp\/v2\/product"}],"about":[{"href":"https:\/\/neelayurvedics.es\/index.php?rest_route=\/wp\/v2\/types\/product"}],"replies":[{"embeddable":true,"href":"https:\/\/neelayurvedics.es\/index.php?rest_route=%2Fwp%2Fv2%2Fcomments&post=5916"}],"wp:featuredmedia":[{"embeddable":true,"href":"https:\/\/neelayurvedics.es\/index.php?rest_route=\/wp\/v2\/media\/5918"}],"wp:attachment":[{"href":"https:\/\/neelayurvedics.es\/index.php?rest_route=%2Fwp%2Fv2%2Fmedia&parent=5916"}],"wp:term":[{"taxonomy":"product_brand","embeddable":true,"href":"https:\/\/neelayurvedics.es\/index.php?rest_route=%2Fwp%2Fv2%2Fproduct_brand&post=5916"},{"taxonomy":"product_cat","embeddable":true,"href":"https:\/\/neelayurvedics.es\/index.php?rest_route=%2Fwp%2Fv2%2Fproduct_cat&post=5916"},{"taxonomy":"product_tag","embeddable":true,"href":"https:\/\/neelayurvedics.es\/index.php?rest_route=%2Fwp%2Fv2%2Fproduct_tag&post=5916"}],"curies":[{"name":"wp","href":"https:\/\/api.w.org\/{rel}","templated":true}]}}