{"id":5919,"date":"2024-12-17T12:15:29","date_gmt":"2024-12-17T12:15:29","guid":{"rendered":"https:\/\/neelayurvedics.es\/?post_type=product&#038;p=5919"},"modified":"2025-03-29T10:46:27","modified_gmt":"2025-03-29T10:46:27","slug":"vaidyaratnam-aravindasavam-450-ml","status":"publish","type":"product","link":"https:\/\/neelayurvedics.es\/?product=vaidyaratnam-aravindasavam-450-ml","title":{"rendered":"Vaidyaratnam Aravindasavam \u2013 450 ML"},"content":{"rendered":"<h3>Composici\u00f3n de Vaidyaratnam Aravindasavam:<\/h3>\n<ul>\n<li>Aravinda<\/li>\n<li>Usoera<\/li>\n<li>Cachemira<\/li>\n<li>Nilothpala<\/li>\n<li>Manjishta<\/li>\n<li>Ella<\/li>\n<li>Bala<\/li>\n<li>Mamsi<\/li>\n<li>Ambudha<\/li>\n<li>Sariba<\/li>\n<li>Siva<\/li>\n<li>Vibheethaki<\/li>\n<li>Vacha<\/li>\n<li>Dhatri<\/li>\n<li>Sati<\/li>\n<li>Shyama<\/li>\n<li>Neelini<\/li>\n<li>Patola<\/li>\n<li>Parpata<\/li>\n<li>Partha<\/li>\n<li>Madhooka<\/li>\n<li>Madhuka<\/li>\n<li>Mura<\/li>\n<li>Draksha<\/li>\n<li>Dhataki<\/li>\n<li>M\u00e1xima<\/li>\n<li>Sarkara<\/li>\n<\/ul>\n<h3>Beneficios de Vaidyaratnam Aravindasavam:<\/h3>\n<ol>\n<li>T\u00f3nico multiuso destinado a ser utilizado en ni\u00f1os.<\/li>\n<\/ol>\n<h3>Dosis de Vaidyaratnam Aravindasavam:<\/h3>\n<ol>\n<li>5 a 10 ml dos o tres veces al d\u00eda, despu\u00e9s de las comidas o seg\u00fan lo prescriba un m\u00e9dico.<\/li>\n<\/ol>\n","protected":false},"excerpt":{"rendered":"<p>Composici\u00f3n de Vaidyaratnam Aravindasavam: Aravinda Usoera Cachemira Nilothpala Manjishta Ella Bala Mamsi Ambudha Sariba Siva Vibheethaki Vacha Dhatri Sati Shyama Neelini Patola Parpata Partha Madhooka Madhuka Mura Draksha Dhataki M\u00e1xima Sarkara Beneficios de Vaidyaratnam Aravindasavam: T\u00f3nico multiuso destinado a ser utilizado en ni\u00f1os. Dosis de Vaidyaratnam Aravindasavam: 5 a 10 ml dos o tres veces [&hellip;]<\/p>\n","protected":false},"featured_media":5921,"comment_status":"open","ping_status":"closed","template":"","meta":[],"product_brand":[],"product_cat":[195,200,247],"product_tag":[],"class_list":{"0":"post-5919","1":"product","2":"type-product","3":"status-publish","4":"has-post-thumbnail","6":"product_cat-productos-ayurvedicos","7":"product_cat-marca","8":"product_cat-vaidyaratnam","10":"first","11":"instock","12":"shipping-taxable","13":"purchasable","14":"product-type-simple"},"_links":{"self":[{"href":"https:\/\/neelayurvedics.es\/index.php?rest_route=\/wp\/v2\/product\/5919","targetHints":{"allow":["GET"]}}],"collection":[{"href":"https:\/\/neelayurvedics.es\/index.php?rest_route=\/wp\/v2\/product"}],"about":[{"href":"https:\/\/neelayurvedics.es\/index.php?rest_route=\/wp\/v2\/types\/product"}],"replies":[{"embeddable":true,"href":"https:\/\/neelayurvedics.es\/index.php?rest_route=%2Fwp%2Fv2%2Fcomments&post=5919"}],"wp:featuredmedia":[{"embeddable":true,"href":"https:\/\/neelayurvedics.es\/index.php?rest_route=\/wp\/v2\/media\/5921"}],"wp:attachment":[{"href":"https:\/\/neelayurvedics.es\/index.php?rest_route=%2Fwp%2Fv2%2Fmedia&parent=5919"}],"wp:term":[{"taxonomy":"product_brand","embeddable":true,"href":"https:\/\/neelayurvedics.es\/index.php?rest_route=%2Fwp%2Fv2%2Fproduct_brand&post=5919"},{"taxonomy":"product_cat","embeddable":true,"href":"https:\/\/neelayurvedics.es\/index.php?rest_route=%2Fwp%2Fv2%2Fproduct_cat&post=5919"},{"taxonomy":"product_tag","embeddable":true,"href":"https:\/\/neelayurvedics.es\/index.php?rest_route=%2Fwp%2Fv2%2Fproduct_tag&post=5919"}],"curies":[{"name":"wp","href":"https:\/\/api.w.org\/{rel}","templated":true}]}}