{"id":5957,"date":"2024-12-21T05:40:19","date_gmt":"2024-12-21T05:40:19","guid":{"rendered":"https:\/\/neelayurvedics.es\/?post_type=product&#038;p=5957"},"modified":"2025-03-29T10:30:32","modified_gmt":"2025-03-29T10:30:32","slug":"vaidyaratnam-asokarishtam-450-ml","status":"publish","type":"product","link":"https:\/\/neelayurvedics.es\/?product=vaidyaratnam-asokarishtam-450-ml","title":{"rendered":"Vaidyaratnam Asokarishtam \u2013 450 ML"},"content":{"rendered":"<h3>Composici\u00f3n de Vaidyaratnam Asokarishtam:<\/h3>\n<ul>\n<li>Asoka<\/li>\n<li>Ajaji<\/li>\n<li>Mustaka<\/li>\n<li>Soledad<\/li>\n<li>Darvi<\/li>\n<li>Utpala<\/li>\n<li>Triphala<\/li>\n<li>Amrasti<\/li>\n<li>Jeeraka<\/li>\n<li>Vaso<\/li>\n<li>Chandana<\/li>\n<li>guada<\/li>\n<li>Dhataki<\/li>\n<\/ul>\n<h3>Beneficios de Vaidyaratnam Asokarishtam:<\/h3>\n<ol>\n<li>Hemorragia uterina disfuncional y leucorrea.<\/li>\n<\/ol>\n<h3>Dosis de Vaidyaratnam Asokarishtam:<\/h3>\n<ol>\n<li>15 a 30 ml dos veces al d\u00eda, o seg\u00fan prescripci\u00f3n m\u00e9dica, con la misma cantidad de agua tibia despu\u00e9s de las comidas.<\/li>\n<\/ol>\n","protected":false},"excerpt":{"rendered":"<p>Composici\u00f3n de Vaidyaratnam Asokarishtam: Asoka Ajaji Mustaka Soledad Darvi Utpala Triphala Amrasti Jeeraka Vaso Chandana guada Dhataki Beneficios de Vaidyaratnam Asokarishtam: Hemorragia uterina disfuncional y leucorrea. Dosis de Vaidyaratnam Asokarishtam: 15 a 30 ml dos veces al d\u00eda, o seg\u00fan prescripci\u00f3n m\u00e9dica, con la misma cantidad de agua tibia despu\u00e9s de las comidas.<\/p>\n","protected":false},"featured_media":5960,"comment_status":"open","ping_status":"closed","template":"","meta":[],"product_brand":[],"product_cat":[200,195,247],"product_tag":[],"class_list":{"0":"post-5957","1":"product","2":"type-product","3":"status-publish","4":"has-post-thumbnail","6":"product_cat-marca","7":"product_cat-productos-ayurvedicos","8":"product_cat-vaidyaratnam","10":"first","11":"instock","12":"shipping-taxable","13":"purchasable","14":"product-type-simple"},"_links":{"self":[{"href":"https:\/\/neelayurvedics.es\/index.php?rest_route=\/wp\/v2\/product\/5957","targetHints":{"allow":["GET"]}}],"collection":[{"href":"https:\/\/neelayurvedics.es\/index.php?rest_route=\/wp\/v2\/product"}],"about":[{"href":"https:\/\/neelayurvedics.es\/index.php?rest_route=\/wp\/v2\/types\/product"}],"replies":[{"embeddable":true,"href":"https:\/\/neelayurvedics.es\/index.php?rest_route=%2Fwp%2Fv2%2Fcomments&post=5957"}],"wp:featuredmedia":[{"embeddable":true,"href":"https:\/\/neelayurvedics.es\/index.php?rest_route=\/wp\/v2\/media\/5960"}],"wp:attachment":[{"href":"https:\/\/neelayurvedics.es\/index.php?rest_route=%2Fwp%2Fv2%2Fmedia&parent=5957"}],"wp:term":[{"taxonomy":"product_brand","embeddable":true,"href":"https:\/\/neelayurvedics.es\/index.php?rest_route=%2Fwp%2Fv2%2Fproduct_brand&post=5957"},{"taxonomy":"product_cat","embeddable":true,"href":"https:\/\/neelayurvedics.es\/index.php?rest_route=%2Fwp%2Fv2%2Fproduct_cat&post=5957"},{"taxonomy":"product_tag","embeddable":true,"href":"https:\/\/neelayurvedics.es\/index.php?rest_route=%2Fwp%2Fv2%2Fproduct_tag&post=5957"}],"curies":[{"name":"wp","href":"https:\/\/api.w.org\/{rel}","templated":true}]}}