{"id":5961,"date":"2024-12-21T05:46:18","date_gmt":"2024-12-21T05:46:18","guid":{"rendered":"https:\/\/neelayurvedics.es\/?post_type=product&#038;p=5961"},"modified":"2025-03-29T10:29:55","modified_gmt":"2025-03-29T10:29:55","slug":"vaidyaratnam-aswagandharishtam-450-ml","status":"publish","type":"product","link":"https:\/\/neelayurvedics.es\/?product=vaidyaratnam-aswagandharishtam-450-ml","title":{"rendered":"Vaidyaratnam Aswagandharishtam \u2013 450 ML"},"content":{"rendered":"<div id=\"nasa-section-accordion-description\" class=\"hidden-tag nasa-panel nasa-content-panel nasa-sp-panel nasa-content-description active first\">\n<h3>Composici\u00f3n de Vaidyaratnam Aswagandharishtam: &#8211;<\/h3>\n<ol>\n<li>Vidari<\/li>\n<li>Rasna<\/li>\n<li>Vacha<\/li>\n<li>Partha<\/li>\n<li>Musali<\/li>\n<li>Syama<\/li>\n<li>Trivrit<\/li>\n<li>Dhataki<\/li>\n<li>Chitraka<\/li>\n<li>Ananta<\/li>\n<li>Madhuka<\/li>\n<li>Priyangu<\/li>\n<li>Vyosham<\/li>\n<li>Mustaka<\/li>\n<li>Manjishta<\/li>\n<li>Harithaki<\/li>\n<li>Trijathaka<\/li>\n<li>M\u00e1xima<\/li>\n<li>Nagakesara<\/li>\n<li>Aswagandha<\/li>\n<li>Rajaneedwayam<\/li>\n<li>Chandanadwithayam<\/li>\n<\/ol>\n<h3>Beneficios de Vaidyaratnam Aswagandharishtam: &#8211;<\/h3>\n<ul>\n<li>Puede ayudar a fortalecer el sistema inmunol\u00f3gico.<\/li>\n<li>Puede mejorar la fuerza y \u200b\u200bla salud f\u00edsica.<\/li>\n<li>Puede proporcionar alivio del estr\u00e9s y la ansiedad.<\/li>\n<li>Podr\u00eda mejorar la memoria y la capacidad cerebral.<\/li>\n<li>Ayuda a revitalizar y rejuvenecer el cuerpo.<\/li>\n<\/ul>\n<h3>Dosis de Vaidyaratnam Aswagandharishtam: &#8211;<\/h3>\n<ul>\n<li>Utilizar seg\u00fan prescripci\u00f3n m\u00e9dica.<\/li>\n<\/ul>\n<\/div>\n","protected":false},"excerpt":{"rendered":"<ul>\n<li>Vaidyaratnam Aswagandharishtam es una f\u00f3rmula ayurv\u00e9dica que puede ayudar a mejorar la salud f\u00edsica y mental al mismo tiempo que alivia el estr\u00e9s.<\/li>\n<\/ul>\n","protected":false},"featured_media":5964,"comment_status":"open","ping_status":"closed","template":"","meta":[],"product_brand":[],"product_cat":[200,195,247],"product_tag":[],"class_list":{"0":"post-5961","1":"product","2":"type-product","3":"status-publish","4":"has-post-thumbnail","6":"product_cat-marca","7":"product_cat-productos-ayurvedicos","8":"product_cat-vaidyaratnam","10":"first","11":"instock","12":"shipping-taxable","13":"purchasable","14":"product-type-simple"},"_links":{"self":[{"href":"https:\/\/neelayurvedics.es\/index.php?rest_route=\/wp\/v2\/product\/5961","targetHints":{"allow":["GET"]}}],"collection":[{"href":"https:\/\/neelayurvedics.es\/index.php?rest_route=\/wp\/v2\/product"}],"about":[{"href":"https:\/\/neelayurvedics.es\/index.php?rest_route=\/wp\/v2\/types\/product"}],"replies":[{"embeddable":true,"href":"https:\/\/neelayurvedics.es\/index.php?rest_route=%2Fwp%2Fv2%2Fcomments&post=5961"}],"wp:featuredmedia":[{"embeddable":true,"href":"https:\/\/neelayurvedics.es\/index.php?rest_route=\/wp\/v2\/media\/5964"}],"wp:attachment":[{"href":"https:\/\/neelayurvedics.es\/index.php?rest_route=%2Fwp%2Fv2%2Fmedia&parent=5961"}],"wp:term":[{"taxonomy":"product_brand","embeddable":true,"href":"https:\/\/neelayurvedics.es\/index.php?rest_route=%2Fwp%2Fv2%2Fproduct_brand&post=5961"},{"taxonomy":"product_cat","embeddable":true,"href":"https:\/\/neelayurvedics.es\/index.php?rest_route=%2Fwp%2Fv2%2Fproduct_cat&post=5961"},{"taxonomy":"product_tag","embeddable":true,"href":"https:\/\/neelayurvedics.es\/index.php?rest_route=%2Fwp%2Fv2%2Fproduct_tag&post=5961"}],"curies":[{"name":"wp","href":"https:\/\/api.w.org\/{rel}","templated":true}]}}