{"id":5965,"date":"2024-12-21T05:55:25","date_gmt":"2024-12-21T05:55:25","guid":{"rendered":"https:\/\/neelayurvedics.es\/?post_type=product&#038;p=5965"},"modified":"2025-03-29T07:55:41","modified_gmt":"2025-03-29T07:55:41","slug":"vaidyaratnam-avipathi-choornam-50gm","status":"publish","type":"product","link":"https:\/\/neelayurvedics.es\/?product=vaidyaratnam-avipathi-choornam-50gm","title":{"rendered":"Vaidyaratnam Avipathi Choornam \u2013 50 Gm"},"content":{"rendered":"<h3>Composici\u00f3n de Vaidyaratnam Avipathi Choornam: &#8211;<\/h3>\n<ul>\n<li>Ella<\/li>\n<li>Sitha<\/li>\n<li>Patra<\/li>\n<li>Soledad<\/li>\n<li>Ajustar<\/li>\n<li>Trivrit<\/li>\n<li>Pippali<\/li>\n<li>Musta<\/li>\n<li>Maricha<\/li>\n<li>Vidanga<\/li>\n<li>Amalaki<\/li>\n<\/ul>\n<h3>Beneficios de Vaidyaratnam Avipathi Choornam: &#8211;<\/h3>\n<ul>\n<li>Sarna<\/li>\n<li>Hemorroides<\/li>\n<li>Constipaci\u00f3n<\/li>\n<li>Hiperacidez<\/li>\n<li>Enfermedades de la piel<\/li>\n<\/ul>\n<h3>Dosis de Vaidyaratnam Avipathi Choornam: &#8211;<\/h3>\n<ul>\n<li>5-15 g temprano en la ma\u00f1ana o antes de acostarse.<\/li>\n<\/ul>\n","protected":false},"excerpt":{"rendered":"<p>Vaidyaratnam Avipathi Choornam es una preparaci\u00f3n ayurv\u00e9dica que es particularmente eficaz para tratar afecciones como hiperacidez, estre\u00f1imiento, hemorroides, sarna y afecciones t\u00f3xicas.<\/p>\n","protected":false},"featured_media":5967,"comment_status":"open","ping_status":"closed","template":"","meta":[],"product_brand":[],"product_cat":[200,195,247],"product_tag":[],"class_list":{"0":"post-5965","1":"product","2":"type-product","3":"status-publish","4":"has-post-thumbnail","6":"product_cat-marca","7":"product_cat-productos-ayurvedicos","8":"product_cat-vaidyaratnam","10":"first","11":"instock","12":"shipping-taxable","13":"purchasable","14":"product-type-simple"},"_links":{"self":[{"href":"https:\/\/neelayurvedics.es\/index.php?rest_route=\/wp\/v2\/product\/5965","targetHints":{"allow":["GET"]}}],"collection":[{"href":"https:\/\/neelayurvedics.es\/index.php?rest_route=\/wp\/v2\/product"}],"about":[{"href":"https:\/\/neelayurvedics.es\/index.php?rest_route=\/wp\/v2\/types\/product"}],"replies":[{"embeddable":true,"href":"https:\/\/neelayurvedics.es\/index.php?rest_route=%2Fwp%2Fv2%2Fcomments&post=5965"}],"wp:featuredmedia":[{"embeddable":true,"href":"https:\/\/neelayurvedics.es\/index.php?rest_route=\/wp\/v2\/media\/5967"}],"wp:attachment":[{"href":"https:\/\/neelayurvedics.es\/index.php?rest_route=%2Fwp%2Fv2%2Fmedia&parent=5965"}],"wp:term":[{"taxonomy":"product_brand","embeddable":true,"href":"https:\/\/neelayurvedics.es\/index.php?rest_route=%2Fwp%2Fv2%2Fproduct_brand&post=5965"},{"taxonomy":"product_cat","embeddable":true,"href":"https:\/\/neelayurvedics.es\/index.php?rest_route=%2Fwp%2Fv2%2Fproduct_cat&post=5965"},{"taxonomy":"product_tag","embeddable":true,"href":"https:\/\/neelayurvedics.es\/index.php?rest_route=%2Fwp%2Fv2%2Fproduct_tag&post=5965"}],"curies":[{"name":"wp","href":"https:\/\/api.w.org\/{rel}","templated":true}]}}