{"id":5979,"date":"2024-12-21T06:22:04","date_gmt":"2024-12-21T06:22:04","guid":{"rendered":"https:\/\/neelayurvedics.es\/?post_type=product&#038;p=5979"},"modified":"2025-03-29T10:23:44","modified_gmt":"2025-03-29T10:23:44","slug":"vaidyaratnam-balarishtam-450-ml","status":"publish","type":"product","link":"https:\/\/neelayurvedics.es\/?product=vaidyaratnam-balarishtam-450-ml","title":{"rendered":"Vaidyaratnam Balarishtam \u2013 450 ML"},"content":{"rendered":"<div id=\"nasa-section-accordion-description\" class=\"hidden-tag nasa-panel nasa-content-panel nasa-sp-panel nasa-content-description active first\">\n<h3>Composici\u00f3n de Vaidyaratnam Balarishtam: &#8211;<\/h3>\n<ul>\n<li>Ella<\/li>\n<li>Bala<\/li>\n<li>guada<\/li>\n<li>Rasna<\/li>\n<li>Usoera<\/li>\n<li>Payasa<\/li>\n<li>Dhataki<\/li>\n<li>Prasarani<\/li>\n<li>Devapushpa<\/li>\n<li>Aswagandha<\/li>\n<li>Panchangula<\/li>\n<li>Swadamshtra<\/li>\n<\/ul>\n<h3>Beneficios de Vaidyaratnam Balarishtam: &#8211;<\/h3>\n<ul>\n<li>Bueno para la falta de apetito y digesti\u00f3n.<\/li>\n<li>Fortalece los nervios, m\u00fasculos y huesos.<\/li>\n<li>Ayuda con todo tipo de dolores musculares y articulares.<\/li>\n<li>Act\u00faa como un t\u00f3nico nervioso, aumentando la energ\u00eda y la fuerza.<\/li>\n<li>Reduce la hinchaz\u00f3n, el dolor en las articulaciones, el dolor de espalda y el dolor muscular.<\/li>\n<\/ul>\n<h3>Dosis de Vaidyaratnam Balarishtam: &#8211;<\/h3>\n<ul>\n<li>15 a 30 ml dos veces al d\u00eda despu\u00e9s de la comida.<\/li>\n<li>Seg\u00fan lo indique el m\u00e9dico.<\/li>\n<\/ul>\n<\/div>\n<div class=\"nasa-accordion-title\"><\/div>\n","protected":false},"excerpt":{"rendered":"<p>Vaidyaratnam Balarishtam ayuda con problemas reum\u00e1ticos y nerviosos, haci\u00e9ndote m\u00e1s fuerte y con m\u00e1s energ\u00eda.<\/p>\n","protected":false},"featured_media":5980,"comment_status":"open","ping_status":"closed","template":"","meta":[],"product_brand":[],"product_cat":[200,195,247],"product_tag":[],"class_list":{"0":"post-5979","1":"product","2":"type-product","3":"status-publish","4":"has-post-thumbnail","6":"product_cat-marca","7":"product_cat-productos-ayurvedicos","8":"product_cat-vaidyaratnam","10":"first","11":"instock","12":"shipping-taxable","13":"purchasable","14":"product-type-simple"},"_links":{"self":[{"href":"https:\/\/neelayurvedics.es\/index.php?rest_route=\/wp\/v2\/product\/5979","targetHints":{"allow":["GET"]}}],"collection":[{"href":"https:\/\/neelayurvedics.es\/index.php?rest_route=\/wp\/v2\/product"}],"about":[{"href":"https:\/\/neelayurvedics.es\/index.php?rest_route=\/wp\/v2\/types\/product"}],"replies":[{"embeddable":true,"href":"https:\/\/neelayurvedics.es\/index.php?rest_route=%2Fwp%2Fv2%2Fcomments&post=5979"}],"wp:featuredmedia":[{"embeddable":true,"href":"https:\/\/neelayurvedics.es\/index.php?rest_route=\/wp\/v2\/media\/5980"}],"wp:attachment":[{"href":"https:\/\/neelayurvedics.es\/index.php?rest_route=%2Fwp%2Fv2%2Fmedia&parent=5979"}],"wp:term":[{"taxonomy":"product_brand","embeddable":true,"href":"https:\/\/neelayurvedics.es\/index.php?rest_route=%2Fwp%2Fv2%2Fproduct_brand&post=5979"},{"taxonomy":"product_cat","embeddable":true,"href":"https:\/\/neelayurvedics.es\/index.php?rest_route=%2Fwp%2Fv2%2Fproduct_cat&post=5979"},{"taxonomy":"product_tag","embeddable":true,"href":"https:\/\/neelayurvedics.es\/index.php?rest_route=%2Fwp%2Fv2%2Fproduct_tag&post=5979"}],"curies":[{"name":"wp","href":"https:\/\/api.w.org\/{rel}","templated":true}]}}