{"id":5984,"date":"2024-12-21T06:52:45","date_gmt":"2024-12-21T06:52:45","guid":{"rendered":"https:\/\/neelayurvedics.es\/?post_type=product&#038;p=5984"},"modified":"2025-03-29T08:01:31","modified_gmt":"2025-03-29T08:01:31","slug":"vaidyaratnam-balaswagandhadi-thailam-200ml","status":"publish","type":"product","link":"https:\/\/neelayurvedics.es\/?product=vaidyaratnam-balaswagandhadi-thailam-200ml","title":{"rendered":"Vaidyaratnam Balaswagandhadi Thailam \u2013 200 ML"},"content":{"rendered":"<h3>Composici\u00f3n de Vaidyaratnam Balaswagandhadi Thailam: &#8211;<\/h3>\n<ul>\n<li>bala<\/li>\n<li>Laksha<\/li>\n<li>Ashwagandha<\/li>\n<\/ul>\n<h3>Beneficios de Vaidyaratnam Balaswagandhadi Thailam: &#8211;<\/h3>\n<div class=\"flex-1 overflow-hidden\">\n<div class=\"react-scroll-to-bottom--css-myesx-79elbk h-full\">\n<div class=\"react-scroll-to-bottom--css-myesx-1n7m0yu\">\n<div class=\"flex flex-col text-sm pb-9\">\n<div class=\"w-full text-token-text-primary\" data-testid=\"conversation-turn-38\">\n<div class=\"px-4 py-2 justify-center text-base md:gap-6 m-auto\">\n<div class=\"flex flex-1 text-base mx-auto gap-3 md:px-5 lg:px-1 xl:px-5 md:max-w-3xl group final-completion\">\n<div class=\"relative flex w-full flex-col agent-turn\">\n<div class=\"flex-col gap-1 md:gap-3\">\n<div class=\"flex flex-grow flex-col max-w-full\">\n<div class=\"min-h-[20px] text-message flex flex-col items-start gap-3 whitespace-pre-wrap break-words [.text-message+&amp;]:mt-5 overflow-x-auto\" data-message-author-role=\"assistant\" data-message-id=\"ab019d95-fef9-4769-bdb7-15ea95e001c6\">\n<ul>\n<li>Balaswagandhadi Thailam mejora la calidad de la circulaci\u00f3n sangu\u00ednea.<\/li>\n<li>Alivia la fiebre y los dolores de cabeza en virtud de sus propiedades antipir\u00e9ticas y analg\u00e9sicas.<\/li>\n<li>Eficaz para tratar la emaciaci\u00f3n, la atrofia muscular y la debilidad en las articulaciones, los m\u00fasculos y los huesos.<\/li>\n<li>Mitiga los s\u00edntomas asociados a la artritis, lesi\u00f3n del plexo braquial, espondilitis lumbar y cervical, dolor, neuralgia, par\u00e1lisis y trastornos mentales.<\/li>\n<\/ul>\n<h3>Uso de Vaidyaratnam Balaswagandhadi Thailam: &#8211;<\/h3>\n<ul>\n<li>Apl\u00edcalo sobre la piel por todo el cuerpo antes de ba\u00f1arte.<\/li>\n<\/ul>\n<\/div>\n<\/div>\n<\/div>\n<\/div>\n<\/div>\n<\/div>\n<\/div>\n<\/div>\n<\/div>\n<\/div>\n<\/div>\n","protected":false},"excerpt":{"rendered":"<p>Vaidyaratnam Balaswagandhadi Thailam es un aceite conocido por sus propiedades curativas y fortalecedoras. Mejora la fuerza muscular, el tono nervioso y la funci\u00f3n nerviosa, lo que lo hace beneficioso para tratar problemas nerviosos, debilidad y debilitamiento muscular.<\/p>\n","protected":false},"featured_media":5985,"comment_status":"open","ping_status":"closed","template":"","meta":[],"product_brand":[],"product_cat":[195,200,247],"product_tag":[],"class_list":{"0":"post-5984","1":"product","2":"type-product","3":"status-publish","4":"has-post-thumbnail","6":"product_cat-productos-ayurvedicos","7":"product_cat-marca","8":"product_cat-vaidyaratnam","10":"first","11":"instock","12":"shipping-taxable","13":"purchasable","14":"product-type-simple"},"_links":{"self":[{"href":"https:\/\/neelayurvedics.es\/index.php?rest_route=\/wp\/v2\/product\/5984","targetHints":{"allow":["GET"]}}],"collection":[{"href":"https:\/\/neelayurvedics.es\/index.php?rest_route=\/wp\/v2\/product"}],"about":[{"href":"https:\/\/neelayurvedics.es\/index.php?rest_route=\/wp\/v2\/types\/product"}],"replies":[{"embeddable":true,"href":"https:\/\/neelayurvedics.es\/index.php?rest_route=%2Fwp%2Fv2%2Fcomments&post=5984"}],"wp:featuredmedia":[{"embeddable":true,"href":"https:\/\/neelayurvedics.es\/index.php?rest_route=\/wp\/v2\/media\/5985"}],"wp:attachment":[{"href":"https:\/\/neelayurvedics.es\/index.php?rest_route=%2Fwp%2Fv2%2Fmedia&parent=5984"}],"wp:term":[{"taxonomy":"product_brand","embeddable":true,"href":"https:\/\/neelayurvedics.es\/index.php?rest_route=%2Fwp%2Fv2%2Fproduct_brand&post=5984"},{"taxonomy":"product_cat","embeddable":true,"href":"https:\/\/neelayurvedics.es\/index.php?rest_route=%2Fwp%2Fv2%2Fproduct_cat&post=5984"},{"taxonomy":"product_tag","embeddable":true,"href":"https:\/\/neelayurvedics.es\/index.php?rest_route=%2Fwp%2Fv2%2Fproduct_tag&post=5984"}],"curies":[{"name":"wp","href":"https:\/\/api.w.org\/{rel}","templated":true}]}}