{"id":6002,"date":"2024-12-21T07:39:17","date_gmt":"2024-12-21T07:39:17","guid":{"rendered":"https:\/\/neelayurvedics.es\/?post_type=product&#038;p=6002"},"modified":"2025-03-29T08:03:45","modified_gmt":"2025-03-29T08:03:45","slug":"vaidyaratnam-bhujagalathadi-oil-200-ml","status":"publish","type":"product","link":"https:\/\/neelayurvedics.es\/?product=vaidyaratnam-bhujagalathadi-oil-200-ml","title":{"rendered":"Vaidyaratnam Bhujagalathadi Oil \u2013 200 ML"},"content":{"rendered":"<h3>Composici\u00f3n del aceite de Vaidyaratnam Bhujagalathadi:<\/h3>\n<ul>\n<li>Tambulapatrani<\/li>\n<li>Custha<\/li>\n<li>Tila tailam<\/li>\n<li>Usira<\/li>\n<\/ul>\n<h3>Dosis de aceite de Vaidyaratnam Bhujagalathadi:<\/h3>\n<ul>\n<li>Se utiliza en el tratamiento ayurv\u00e9dico de todas las formas de artritis, dolor de espalda, ci\u00e1tica y gota.<\/li>\n<li>Tambi\u00e9n se utiliza para tratar dolores abdominales c\u00f3licos causados \u200b\u200bpor c\u00e1lculos urinarios, etc.<\/li>\n<\/ul>\n","protected":false},"excerpt":{"rendered":"<h3>Beneficios :<\/h3>\n<ul>\n<li>El aceite Vaidyaratnam Bhujagalathadi es un aceite ayurv\u00e9dico \u00fatil para aliviar la ca\u00edda del cabello, la calvicie y el encanecimiento del cabello.<\/li>\n<li>Tiene fama de producir calor y dolores de cabeza.<\/li>\n<\/ul>\n","protected":false},"featured_media":5934,"comment_status":"open","ping_status":"closed","template":"","meta":[],"product_brand":[],"product_cat":[200,195,247],"product_tag":[],"class_list":{"0":"post-6002","1":"product","2":"type-product","3":"status-publish","4":"has-post-thumbnail","6":"product_cat-marca","7":"product_cat-productos-ayurvedicos","8":"product_cat-vaidyaratnam","10":"first","11":"instock","12":"shipping-taxable","13":"purchasable","14":"product-type-simple"},"_links":{"self":[{"href":"https:\/\/neelayurvedics.es\/index.php?rest_route=\/wp\/v2\/product\/6002","targetHints":{"allow":["GET"]}}],"collection":[{"href":"https:\/\/neelayurvedics.es\/index.php?rest_route=\/wp\/v2\/product"}],"about":[{"href":"https:\/\/neelayurvedics.es\/index.php?rest_route=\/wp\/v2\/types\/product"}],"replies":[{"embeddable":true,"href":"https:\/\/neelayurvedics.es\/index.php?rest_route=%2Fwp%2Fv2%2Fcomments&post=6002"}],"wp:featuredmedia":[{"embeddable":true,"href":"https:\/\/neelayurvedics.es\/index.php?rest_route=\/wp\/v2\/media\/5934"}],"wp:attachment":[{"href":"https:\/\/neelayurvedics.es\/index.php?rest_route=%2Fwp%2Fv2%2Fmedia&parent=6002"}],"wp:term":[{"taxonomy":"product_brand","embeddable":true,"href":"https:\/\/neelayurvedics.es\/index.php?rest_route=%2Fwp%2Fv2%2Fproduct_brand&post=6002"},{"taxonomy":"product_cat","embeddable":true,"href":"https:\/\/neelayurvedics.es\/index.php?rest_route=%2Fwp%2Fv2%2Fproduct_cat&post=6002"},{"taxonomy":"product_tag","embeddable":true,"href":"https:\/\/neelayurvedics.es\/index.php?rest_route=%2Fwp%2Fv2%2Fproduct_tag&post=6002"}],"curies":[{"name":"wp","href":"https:\/\/api.w.org\/{rel}","templated":true}]}}