{"id":6003,"date":"2024-12-21T08:29:31","date_gmt":"2024-12-21T08:29:31","guid":{"rendered":"https:\/\/neelayurvedics.es\/?post_type=product&#038;p=6003"},"modified":"2025-03-29T10:16:34","modified_gmt":"2025-03-29T10:16:34","slug":"vaidyaratnam-brahmarasayanam-vopl-250-gm","status":"publish","type":"product","link":"https:\/\/neelayurvedics.es\/?product=vaidyaratnam-brahmarasayanam-vopl-250-gm","title":{"rendered":"Vaidyaratnam Brahmarasayanam Vopl \u2013 250 Gm"},"content":{"rendered":"<h3>Composici\u00f3n de Vaidyaratnam Brahmarasayanam Vopl:<\/h3>\n<ul>\n<li>Giloy<\/li>\n<li>Ushira<\/li>\n<li>Aparajita<\/li>\n<li>Shatavari<\/li>\n<li>haridra<\/li>\n<li>Nagarmota<\/li>\n<li>Oponerse a<\/li>\n<li>Canela<\/li>\n<li>Vacha<\/li>\n<li>ikshu<\/li>\n<li>Punarnava<\/li>\n<li>Ella<\/li>\n<li>Arkapushpi<\/li>\n<li>Pipali<\/li>\n<li>yashtimadhu<\/li>\n<li>Gokshura<\/li>\n<li>Vidang\u00e1<\/li>\n<li>Amlaki<\/li>\n<\/ul>\n<h3>Beneficios de Vaidyaratnam Brahmarasayanam Vopl:<\/h3>\n<ol>\n<li>Puede ayudar a mejorar la capacidad de recordar y mejorar la memoria.<\/li>\n<li>Puede mejorar la funci\u00f3n cognitiva, aumentar la inteligencia y abordar las deficiencias inmunol\u00f3gicas y la emaciaci\u00f3n.<\/li>\n<li>Tambi\u00e9n puede ayudar a controlar el peso.<\/li>\n<\/ol>\n<h3>Dosis de Vaidyaratnam Brahmarasayanam Vopl:<\/h3>\n<ul>\n<li>Tomar 5 \u2013 15 g<\/li>\n<li>Seg\u00fan lo indique el m\u00e9dico.<\/li>\n<\/ul>\n","protected":false},"excerpt":{"rendered":"<p>Beneficios :<\/p>\n<ul>\n<li>Puede ayudarle a perder peso.<\/li>\n<li>Puede ayudar a mejorar su memoria e inteligencia.<\/li>\n<li>Puede ayudar a reforzar su sistema inmunol\u00f3gico.<\/li>\n<li>Puede ayudar a prevenir deficiencias inmunol\u00f3gicas.<\/li>\n<\/ul>\n","protected":false},"featured_media":6005,"comment_status":"open","ping_status":"closed","template":"","meta":[],"product_brand":[],"product_cat":[200,195,247],"product_tag":[],"class_list":{"0":"post-6003","1":"product","2":"type-product","3":"status-publish","4":"has-post-thumbnail","6":"product_cat-marca","7":"product_cat-productos-ayurvedicos","8":"product_cat-vaidyaratnam","10":"first","11":"instock","12":"shipping-taxable","13":"purchasable","14":"product-type-simple"},"_links":{"self":[{"href":"https:\/\/neelayurvedics.es\/index.php?rest_route=\/wp\/v2\/product\/6003","targetHints":{"allow":["GET"]}}],"collection":[{"href":"https:\/\/neelayurvedics.es\/index.php?rest_route=\/wp\/v2\/product"}],"about":[{"href":"https:\/\/neelayurvedics.es\/index.php?rest_route=\/wp\/v2\/types\/product"}],"replies":[{"embeddable":true,"href":"https:\/\/neelayurvedics.es\/index.php?rest_route=%2Fwp%2Fv2%2Fcomments&post=6003"}],"wp:featuredmedia":[{"embeddable":true,"href":"https:\/\/neelayurvedics.es\/index.php?rest_route=\/wp\/v2\/media\/6005"}],"wp:attachment":[{"href":"https:\/\/neelayurvedics.es\/index.php?rest_route=%2Fwp%2Fv2%2Fmedia&parent=6003"}],"wp:term":[{"taxonomy":"product_brand","embeddable":true,"href":"https:\/\/neelayurvedics.es\/index.php?rest_route=%2Fwp%2Fv2%2Fproduct_brand&post=6003"},{"taxonomy":"product_cat","embeddable":true,"href":"https:\/\/neelayurvedics.es\/index.php?rest_route=%2Fwp%2Fv2%2Fproduct_cat&post=6003"},{"taxonomy":"product_tag","embeddable":true,"href":"https:\/\/neelayurvedics.es\/index.php?rest_route=%2Fwp%2Fv2%2Fproduct_tag&post=6003"}],"curies":[{"name":"wp","href":"https:\/\/api.w.org\/{rel}","templated":true}]}}