{"id":6006,"date":"2024-12-21T08:36:22","date_gmt":"2024-12-21T08:36:22","guid":{"rendered":"https:\/\/neelayurvedics.es\/?post_type=product&#038;p=6006"},"modified":"2025-03-29T08:04:35","modified_gmt":"2025-03-29T08:04:35","slug":"vaidyaratnam-brahmee-ghrutham-150-gm","status":"publish","type":"product","link":"https:\/\/neelayurvedics.es\/?product=vaidyaratnam-brahmee-ghrutham-150-gm","title":{"rendered":"Vaidyaratnam Brahmee Ghrutham &#8211; 150 Gm"},"content":{"rendered":"<div id=\"nasa-section-accordion-description\" class=\"hidden-tag nasa-panel nasa-content-panel nasa-sp-panel nasa-content-description active first\">\n<h3>Composici\u00f3n de Vaidyaratnam Brahmee Ghrutham: &#8211;<\/h3>\n<ul>\n<li>Jati<\/li>\n<li>Base<\/li>\n<li>Trivrit<\/li>\n<li>Danti<\/li>\n<li>Pippali<\/li>\n<li>Vidanga<\/li>\n<li>Maricha<\/li>\n<li>De Ghrutha<\/li>\n<li>Aragwadha<\/li>\n<li>Kalka-Sunti<\/li>\n<li>Sankhupushpi<\/li>\n<li>Swarasa-Brahmi<\/li>\n<\/ul>\n<h3>Beneficios de Vaidyaratnam Brahmee Ghrutham: &#8211;<\/h3>\n<ul>\n<li>Man\u00eda<\/li>\n<li>Epilepsia<\/li>\n<li>Promueve la inteligencia<\/li>\n<li>Enfermedades dermatol\u00f3gicas<\/li>\n<\/ul>\n<h3>Dosis de Vaidyaratnam Brahmee Ghrutham: &#8211;<\/h3>\n<ul>\n<li>5 a 10 g una o dos veces al d\u00eda.<\/li>\n<li>Seg\u00fan lo indique el m\u00e9dico.<\/li>\n<\/ul>\n<\/div>\n","protected":false},"excerpt":{"rendered":"<ul>\n<li>Vaidyaratnam Brahmee Ghrutham es una potente preparaci\u00f3n ayurv\u00e9dica destinada a mejorar la memoria, la inteligencia, las habilidades de aprendizaje y el habla.<\/li>\n<li>Tambi\u00e9n ayuda a mejorar la textura de la piel al tiempo que reduce eficazmente los sentimientos de depresi\u00f3n y estr\u00e9s.<\/li>\n<\/ul>\n","protected":false},"featured_media":6008,"comment_status":"open","ping_status":"closed","template":"","meta":[],"product_brand":[],"product_cat":[200,195,247],"product_tag":[],"class_list":{"0":"post-6006","1":"product","2":"type-product","3":"status-publish","4":"has-post-thumbnail","6":"product_cat-marca","7":"product_cat-productos-ayurvedicos","8":"product_cat-vaidyaratnam","10":"first","11":"instock","12":"shipping-taxable","13":"purchasable","14":"product-type-simple"},"_links":{"self":[{"href":"https:\/\/neelayurvedics.es\/index.php?rest_route=\/wp\/v2\/product\/6006","targetHints":{"allow":["GET"]}}],"collection":[{"href":"https:\/\/neelayurvedics.es\/index.php?rest_route=\/wp\/v2\/product"}],"about":[{"href":"https:\/\/neelayurvedics.es\/index.php?rest_route=\/wp\/v2\/types\/product"}],"replies":[{"embeddable":true,"href":"https:\/\/neelayurvedics.es\/index.php?rest_route=%2Fwp%2Fv2%2Fcomments&post=6006"}],"wp:featuredmedia":[{"embeddable":true,"href":"https:\/\/neelayurvedics.es\/index.php?rest_route=\/wp\/v2\/media\/6008"}],"wp:attachment":[{"href":"https:\/\/neelayurvedics.es\/index.php?rest_route=%2Fwp%2Fv2%2Fmedia&parent=6006"}],"wp:term":[{"taxonomy":"product_brand","embeddable":true,"href":"https:\/\/neelayurvedics.es\/index.php?rest_route=%2Fwp%2Fv2%2Fproduct_brand&post=6006"},{"taxonomy":"product_cat","embeddable":true,"href":"https:\/\/neelayurvedics.es\/index.php?rest_route=%2Fwp%2Fv2%2Fproduct_cat&post=6006"},{"taxonomy":"product_tag","embeddable":true,"href":"https:\/\/neelayurvedics.es\/index.php?rest_route=%2Fwp%2Fv2%2Fproduct_tag&post=6006"}],"curies":[{"name":"wp","href":"https:\/\/api.w.org\/{rel}","templated":true}]}}