{"id":6011,"date":"2024-12-21T08:42:37","date_gmt":"2024-12-21T08:42:37","guid":{"rendered":"https:\/\/neelayurvedics.es\/?post_type=product&#038;p=6011"},"modified":"2025-03-29T10:13:23","modified_gmt":"2025-03-29T10:13:23","slug":"vaidyaratnam-brihat-triphala-choornam-100-gm","status":"publish","type":"product","link":"https:\/\/neelayurvedics.es\/?product=vaidyaratnam-brihat-triphala-choornam-100-gm","title":{"rendered":"Vaidyaratnam Brihat Triphala Choornam \u2013 100 Gm"},"content":{"rendered":"<h3>Composici\u00f3n de Vaidyaratnam Brihat Triphala Choornam:<\/h3>\n<ul>\n<li>Triphala Churna<\/li>\n<li>Polvo de sen<\/li>\n<li>Churna Mulethi<\/li>\n<\/ul>\n<h3>Beneficios de Vaidyaratnam Brihat Triphala Choornam:<\/h3>\n<ol>\n<li>Puede ayudar a mejorar su memoria e inteligencia.<\/li>\n<li>Puede ayudar a reforzar su sistema inmunol\u00f3gico.<\/li>\n<li>Puede ayudar a prevenir deficiencias inmunol\u00f3gicas.<\/li>\n<li>Se utiliza principalmente para tratar trastornos digestivos y est\u00e1 elaborado \u00edntegramente con ingredientes ayurv\u00e9dicos.<\/li>\n<li>Contiene propiedades laxantes suaves que pueden ayudar con el estre\u00f1imiento.<\/li>\n<li>Tambi\u00e9n se puede utilizar para mejorar las funciones estomacales y ayudar con la hinchaz\u00f3n.<\/li>\n<li>Ayuda a controlar la flatulencia y limpia el sistema de todas las impurezas eliminando toxinas.<\/li>\n<li>Su composici\u00f3n a base de hierbas reduce los efectos secundarios t\u00edpicamente asociados con los medicamentos digestivos.<\/li>\n<\/ol>\n<h3>Dosis de Vaidyaratnam Brihat Triphala Choornam:<\/h3>\n<ul>\n<li>Como se indica en la etiqueta<\/li>\n<li>Seg\u00fan lo prescrito por su m\u00e9dico<\/li>\n<\/ul>\n","protected":false},"excerpt":{"rendered":"<div class=\"woocommerce-product-details__short-description\">\n<ul>\n<li>Vaidyaratnam Brihat Triphala Choornam es un remedio herbal utilizado para tratar problemas estomacales como estre\u00f1imiento, hinchaz\u00f3n, flatulencia y hemorroides.<\/li>\n<\/ul>\n<\/div>\n","protected":false},"featured_media":6012,"comment_status":"open","ping_status":"closed","template":"","meta":[],"product_brand":[],"product_cat":[200,195,247],"product_tag":[],"class_list":{"0":"post-6011","1":"product","2":"type-product","3":"status-publish","4":"has-post-thumbnail","6":"product_cat-marca","7":"product_cat-productos-ayurvedicos","8":"product_cat-vaidyaratnam","10":"first","11":"instock","12":"shipping-taxable","13":"purchasable","14":"product-type-simple"},"_links":{"self":[{"href":"https:\/\/neelayurvedics.es\/index.php?rest_route=\/wp\/v2\/product\/6011","targetHints":{"allow":["GET"]}}],"collection":[{"href":"https:\/\/neelayurvedics.es\/index.php?rest_route=\/wp\/v2\/product"}],"about":[{"href":"https:\/\/neelayurvedics.es\/index.php?rest_route=\/wp\/v2\/types\/product"}],"replies":[{"embeddable":true,"href":"https:\/\/neelayurvedics.es\/index.php?rest_route=%2Fwp%2Fv2%2Fcomments&post=6011"}],"wp:featuredmedia":[{"embeddable":true,"href":"https:\/\/neelayurvedics.es\/index.php?rest_route=\/wp\/v2\/media\/6012"}],"wp:attachment":[{"href":"https:\/\/neelayurvedics.es\/index.php?rest_route=%2Fwp%2Fv2%2Fmedia&parent=6011"}],"wp:term":[{"taxonomy":"product_brand","embeddable":true,"href":"https:\/\/neelayurvedics.es\/index.php?rest_route=%2Fwp%2Fv2%2Fproduct_brand&post=6011"},{"taxonomy":"product_cat","embeddable":true,"href":"https:\/\/neelayurvedics.es\/index.php?rest_route=%2Fwp%2Fv2%2Fproduct_cat&post=6011"},{"taxonomy":"product_tag","embeddable":true,"href":"https:\/\/neelayurvedics.es\/index.php?rest_route=%2Fwp%2Fv2%2Fproduct_tag&post=6011"}],"curies":[{"name":"wp","href":"https:\/\/api.w.org\/{rel}","templated":true}]}}