{"id":6031,"date":"2024-12-21T09:55:38","date_gmt":"2024-12-21T09:55:38","guid":{"rendered":"https:\/\/neelayurvedics.es\/?post_type=product&#038;p=6031"},"modified":"2025-03-29T09:59:55","modified_gmt":"2025-03-29T09:59:55","slug":"vaidyaratnam-chandanasavam-voa-450-ml","status":"publish","type":"product","link":"https:\/\/neelayurvedics.es\/?product=vaidyaratnam-chandanasavam-voa-450-ml","title":{"rendered":"Vaidyaratnam Chandanasavam (VOA) \u2013 450 ML"},"content":{"rendered":"<div id=\"nasa-section-accordion-description\" class=\"hidden-tag nasa-panel nasa-content-panel nasa-sp-panel nasa-content-description active first\">\n<h3>Composici\u00f3n de Vaidyaratnam Chandanasavam (VOA):<\/h3>\n<ul>\n<li>Chandana Shweta<\/li>\n<li>Hrivera<\/li>\n<li>Debe<\/li>\n<li>Gambhari<\/li>\n<li>Nilotpala<\/li>\n<li>Priyangu<\/li>\n<li>Padmaka<\/li>\n<li>Lodhra<\/li>\n<li>Manjistha<\/li>\n<li>Rakta Chandana<\/li>\n<\/ul>\n<h3>Beneficios de Vaidyaratnam Chandanasavam:<\/h3>\n<ol>\n<li>Tambi\u00e9n ayuda en el tratamiento de \u00falceras s\u00e9pticas en el tracto urinario que se desarrollan durante las primeras etapas de la s\u00edfilis.<\/li>\n<li>Chandanasava es un excelente t\u00f3nico card\u00edaco con acci\u00f3n cardioprotectora.<\/li>\n<\/ol>\n<h3>Dosis de Vaidyaratnam Chandanasavam:<\/h3>\n<ul>\n<li>Utilizar seg\u00fan las indicaciones del m\u00e9dico.<\/li>\n<\/ul>\n<\/div>\n","protected":false},"excerpt":{"rendered":"<ul>\n<li>Vaidyaratnam Chandanasavam (VOA) se utiliza en trastornos reproductivos masculinos y femeninos, como menorragia (sangrado menstrual excesivo o prolongado), s\u00edndrome posmenop\u00e1usico y leucorrea en mujeres y espermatorrea en hombres.<\/li>\n<\/ul>\n","protected":false},"featured_media":6032,"comment_status":"open","ping_status":"closed","template":"","meta":[],"product_brand":[],"product_cat":[200,195,247],"product_tag":[],"class_list":{"0":"post-6031","1":"product","2":"type-product","3":"status-publish","4":"has-post-thumbnail","6":"product_cat-marca","7":"product_cat-productos-ayurvedicos","8":"product_cat-vaidyaratnam","10":"first","11":"instock","12":"shipping-taxable","13":"purchasable","14":"product-type-simple"},"_links":{"self":[{"href":"https:\/\/neelayurvedics.es\/index.php?rest_route=\/wp\/v2\/product\/6031","targetHints":{"allow":["GET"]}}],"collection":[{"href":"https:\/\/neelayurvedics.es\/index.php?rest_route=\/wp\/v2\/product"}],"about":[{"href":"https:\/\/neelayurvedics.es\/index.php?rest_route=\/wp\/v2\/types\/product"}],"replies":[{"embeddable":true,"href":"https:\/\/neelayurvedics.es\/index.php?rest_route=%2Fwp%2Fv2%2Fcomments&post=6031"}],"wp:featuredmedia":[{"embeddable":true,"href":"https:\/\/neelayurvedics.es\/index.php?rest_route=\/wp\/v2\/media\/6032"}],"wp:attachment":[{"href":"https:\/\/neelayurvedics.es\/index.php?rest_route=%2Fwp%2Fv2%2Fmedia&parent=6031"}],"wp:term":[{"taxonomy":"product_brand","embeddable":true,"href":"https:\/\/neelayurvedics.es\/index.php?rest_route=%2Fwp%2Fv2%2Fproduct_brand&post=6031"},{"taxonomy":"product_cat","embeddable":true,"href":"https:\/\/neelayurvedics.es\/index.php?rest_route=%2Fwp%2Fv2%2Fproduct_cat&post=6031"},{"taxonomy":"product_tag","embeddable":true,"href":"https:\/\/neelayurvedics.es\/index.php?rest_route=%2Fwp%2Fv2%2Fproduct_tag&post=6031"}],"curies":[{"name":"wp","href":"https:\/\/api.w.org\/{rel}","templated":true}]}}