{"id":6058,"date":"2024-12-21T11:38:48","date_gmt":"2024-12-21T11:38:48","guid":{"rendered":"https:\/\/neelayurvedics.es\/?post_type=product&#038;p=6058"},"modified":"2025-04-10T06:55:01","modified_gmt":"2025-04-10T06:55:01","slug":"vaidyaratnam-danthyarishtam-450-ml","status":"publish","type":"product","link":"https:\/\/neelayurvedics.es\/?product=vaidyaratnam-danthyarishtam-450-ml","title":{"rendered":"Vaidyaratnam Danthyarishtam \u2013 450 ML"},"content":{"rendered":"<h3>Composici\u00f3n de Vaidyaratnam Danthyarishtam:<\/h3>\n<ul>\n<li>Danti<\/li>\n<li>Dasamoola<\/li>\n<li>Triphala<\/li>\n<li>Chitraka<\/li>\n<li>Dhataki<\/li>\n<li>guada<\/li>\n<\/ul>\n<h3>Beneficios de Vaidyaratnam Danthyarishtam:<\/h3>\n<ol>\n<li>Hemorroides, edemas, estre\u00f1imiento y trastornos del h\u00edgado y del bazo.<\/li>\n<\/ol>\n<h3>Dosis de Vaidyaratnam Danthyarishtam:<\/h3>\n<ol>\n<li>15 a 30 mililitros dos veces al d\u00eda, ya sea antes de las comidas o seg\u00fan lo prescriba un m\u00e9dico.<\/li>\n<\/ol>\n","protected":false},"excerpt":{"rendered":"<p>Composici\u00f3n de Vaidyaratnam Danthyarishtam: Danti Dasamoola Triphala Chitraka Dhataki guada Beneficios de Vaidyaratnam Danthyarishtam: Hemorroides, edemas, estre\u00f1imiento y trastornos del h\u00edgado y del bazo. Dosis de Vaidyaratnam Danthyarishtam: 15 a 30 mililitros dos veces al d\u00eda, ya sea antes de las comidas o seg\u00fan lo prescriba un m\u00e9dico.<\/p>\n","protected":false},"featured_media":6060,"comment_status":"open","ping_status":"closed","template":"","meta":[],"product_brand":[],"product_cat":[247,200],"product_tag":[],"class_list":{"0":"post-6058","1":"product","2":"type-product","3":"status-publish","4":"has-post-thumbnail","6":"product_cat-vaidyaratnam","7":"product_cat-marca","9":"first","10":"instock","11":"shipping-taxable","12":"purchasable","13":"product-type-simple"},"_links":{"self":[{"href":"https:\/\/neelayurvedics.es\/index.php?rest_route=\/wp\/v2\/product\/6058","targetHints":{"allow":["GET"]}}],"collection":[{"href":"https:\/\/neelayurvedics.es\/index.php?rest_route=\/wp\/v2\/product"}],"about":[{"href":"https:\/\/neelayurvedics.es\/index.php?rest_route=\/wp\/v2\/types\/product"}],"replies":[{"embeddable":true,"href":"https:\/\/neelayurvedics.es\/index.php?rest_route=%2Fwp%2Fv2%2Fcomments&post=6058"}],"wp:featuredmedia":[{"embeddable":true,"href":"https:\/\/neelayurvedics.es\/index.php?rest_route=\/wp\/v2\/media\/6060"}],"wp:attachment":[{"href":"https:\/\/neelayurvedics.es\/index.php?rest_route=%2Fwp%2Fv2%2Fmedia&parent=6058"}],"wp:term":[{"taxonomy":"product_brand","embeddable":true,"href":"https:\/\/neelayurvedics.es\/index.php?rest_route=%2Fwp%2Fv2%2Fproduct_brand&post=6058"},{"taxonomy":"product_cat","embeddable":true,"href":"https:\/\/neelayurvedics.es\/index.php?rest_route=%2Fwp%2Fv2%2Fproduct_cat&post=6058"},{"taxonomy":"product_tag","embeddable":true,"href":"https:\/\/neelayurvedics.es\/index.php?rest_route=%2Fwp%2Fv2%2Fproduct_tag&post=6058"}],"curies":[{"name":"wp","href":"https:\/\/api.w.org\/{rel}","templated":true}]}}