{"id":6074,"date":"2024-12-21T12:10:27","date_gmt":"2024-12-21T12:10:27","guid":{"rendered":"https:\/\/neelayurvedics.es\/?post_type=product&#038;p=6074"},"modified":"2025-04-10T06:41:52","modified_gmt":"2025-04-10T06:41:52","slug":"vaidyaratnam-dasmoolajeerakarishtam-450-ml","status":"publish","type":"product","link":"https:\/\/neelayurvedics.es\/?product=vaidyaratnam-dasmoolajeerakarishtam-450-ml","title":{"rendered":"Vaidyaratnam Dasmoolajeerakarishtam \u2013 450 ML"},"content":{"rendered":"<h3>Composici\u00f3n de Vaidyaratnam Dasamoolajeerakarishtam:<\/h3>\n<ul>\n<li>Dasamoola<\/li>\n<li>Chitraka<\/li>\n<li>Pushkaramoola<\/li>\n<li>Lodra<\/li>\n<li>Gudoochi<\/li>\n<li>Lodhra<\/li>\n<li>Amalaki<\/li>\n<li>Duralabha<\/li>\n<li>Jadira<\/li>\n<li>Asana<\/li>\n<li>Harithaki<\/li>\n<li>Kushta<\/li>\n<li>Manjishta<\/li>\n<li>Devadaru<\/li>\n<li>Vidanga<\/li>\n<li>Yashti madhu<\/li>\n<li>Bharagi<\/li>\n<li>Capitana<\/li>\n<li>Vibheetaki<\/li>\n<li>Punarnava<\/li>\n<li>Chavia<\/li>\n<li>Jatamansi<\/li>\n<li>Priyangu<\/li>\n<li>Sariba<\/li>\n<li>Krishna jeeraka<\/li>\n<li>Trivrit<\/li>\n<li>Harenuka<\/li>\n<li>Rasna<\/li>\n<li>Pippali<\/li>\n<li>Puga<\/li>\n<li>Sati<\/li>\n<li>Haridra<\/li>\n<li>Satapushpa<\/li>\n<li>Padmaka<\/li>\n<li>Nagakesara<\/li>\n<li>Musta<\/li>\n<li>Kutaja<\/li>\n<li>Anillos de Karkataka<\/li>\n<li>Aswagandha<\/li>\n<li>Sathavari<\/li>\n<li>Vidari<\/li>\n<li>Musali<\/li>\n<li>Draksha<\/li>\n<li>Jeeraka<\/li>\n<li>Takola<\/li>\n<li>Jatiphala<\/li>\n<li>Lavanda<\/li>\n<li>Hribera<\/li>\n<li>Usoera<\/li>\n<li>Ella<\/li>\n<li>Ajustar<\/li>\n<li>Tamalap<\/li>\n<li>Nagakesaram<\/li>\n<li>Pippali<\/li>\n<li>Soledad<\/li>\n<li>Musta<\/li>\n<li>Ajamoda<\/li>\n<li>Kathaka<\/li>\n<li>guada<\/li>\n<li>Madhu<\/li>\n<li>Dhataki<\/li>\n<\/ul>\n<h3>Beneficios de Vaidyaratnam Dasamoolajeerakarishtam:<\/h3>\n<ol>\n<li>La tos, la disnea y la hinchaz\u00f3n son excelentes remedios para la debilidad posparto y general.<\/li>\n<\/ol>\n<h3>Dosis de Vaidyaratnam Dasamoolajeerakarishtam:<\/h3>\n<ol>\n<li>15 a 30 ml dos veces al d\u00eda, despu\u00e9s de las comidas o seg\u00fan lo prescriba un m\u00e9dico.<\/li>\n<\/ol>\n","protected":false},"excerpt":{"rendered":"<p>Composici\u00f3n de Vaidyaratnam Dasamoolajeerakarishtam: Dasamoola Chitraka Pushkaramoola Lodra Gudoochi Lodhra Amalaki Duralabha Jadira Asana Harithaki Kushta Manjishta Devadaru Vidanga Yashti madhu Bharagi Capitana Vibheetaki Punarnava Chavia Jatamansi Priyangu Sariba Krishna jeeraka Trivrit Harenuka Rasna Pippali Puga Sati Haridra Satapushpa Padmaka Nagakesara Musta Kutaja Anillos de Karkataka Aswagandha Sathavari Vidari Musali Draksha Jeeraka Takola Jatiphala Lavanda [&hellip;]<\/p>\n","protected":false},"featured_media":6075,"comment_status":"open","ping_status":"closed","template":"","meta":[],"product_brand":[],"product_cat":[200,195,247],"product_tag":[],"class_list":{"0":"post-6074","1":"product","2":"type-product","3":"status-publish","4":"has-post-thumbnail","6":"product_cat-marca","7":"product_cat-productos-ayurvedicos","8":"product_cat-vaidyaratnam","10":"first","11":"instock","12":"shipping-taxable","13":"purchasable","14":"product-type-simple"},"_links":{"self":[{"href":"https:\/\/neelayurvedics.es\/index.php?rest_route=\/wp\/v2\/product\/6074","targetHints":{"allow":["GET"]}}],"collection":[{"href":"https:\/\/neelayurvedics.es\/index.php?rest_route=\/wp\/v2\/product"}],"about":[{"href":"https:\/\/neelayurvedics.es\/index.php?rest_route=\/wp\/v2\/types\/product"}],"replies":[{"embeddable":true,"href":"https:\/\/neelayurvedics.es\/index.php?rest_route=%2Fwp%2Fv2%2Fcomments&post=6074"}],"wp:featuredmedia":[{"embeddable":true,"href":"https:\/\/neelayurvedics.es\/index.php?rest_route=\/wp\/v2\/media\/6075"}],"wp:attachment":[{"href":"https:\/\/neelayurvedics.es\/index.php?rest_route=%2Fwp%2Fv2%2Fmedia&parent=6074"}],"wp:term":[{"taxonomy":"product_brand","embeddable":true,"href":"https:\/\/neelayurvedics.es\/index.php?rest_route=%2Fwp%2Fv2%2Fproduct_brand&post=6074"},{"taxonomy":"product_cat","embeddable":true,"href":"https:\/\/neelayurvedics.es\/index.php?rest_route=%2Fwp%2Fv2%2Fproduct_cat&post=6074"},{"taxonomy":"product_tag","embeddable":true,"href":"https:\/\/neelayurvedics.es\/index.php?rest_route=%2Fwp%2Fv2%2Fproduct_tag&post=6074"}],"curies":[{"name":"wp","href":"https:\/\/api.w.org\/{rel}","templated":true}]}}