{"id":6098,"date":"2024-12-23T05:47:39","date_gmt":"2024-12-23T05:47:39","guid":{"rendered":"https:\/\/neelayurvedics.es\/?post_type=product&#038;p=6098"},"modified":"2025-04-10T06:12:47","modified_gmt":"2025-04-10T06:12:47","slug":"vaidyaratnam-dhanwantharam-kashayam-200ml","status":"publish","type":"product","link":"https:\/\/neelayurvedics.es\/?product=vaidyaratnam-dhanwantharam-kashayam-200ml","title":{"rendered":"Vaidyaratnam Dhanwantharam Kashayam \u2013 200 ML"},"content":{"rendered":"<h3>Composici\u00f3n de Vaidyaratnam Dhanwantharam Kashayam:<\/h3>\n<ul>\n<li>Sadaphala<\/li>\n<li>Cachemira<\/li>\n<li>Takkari<\/li>\n<li>Patala<\/li>\n<li>Dunduka<\/li>\n<li>Brihati<\/li>\n<li>Kandakari<\/li>\n<li>Prisniparni<\/li>\n<li>Salaparni<\/li>\n<li>Gokshura<\/li>\n<\/ul>\n<h3>Composici\u00f3n de Vaidyaratnam Dhanwantharam Kashayam:<\/h3>\n<ol>\n<li>Vaidyaratnam Dhanwantharam Kashayam es eficaz en el tratamiento de las enfermedades vata.<\/li>\n<li>\u00datil en el manejo de afecciones artr\u00edticas.<\/li>\n<li>Tratamiento eficaz para la fiebre y la indigesti\u00f3n.<\/li>\n<li>Excelente para trastornos nerviosos.<\/li>\n<li>Tratar la fiebre, tumores abdominales, enfermedades mentales, enfermedades de hernia intestinal y trastornos uterinos.<\/li>\n<li>Es un potente neuroprotector y antioxidante.<\/li>\n<\/ol>\n<h3>Dosis de Vaidyaratnam Dhanwantharam Kashayam:<\/h3>\n<ul>\n<li>Tome Vaidyaratnam Dhanwantharam Kashayam seg\u00fan las indicaciones del m\u00e9dico.<\/li>\n<\/ul>\n","protected":false},"excerpt":{"rendered":"<ul>\n<li>Vaidyaratnam Dhanwantharam Kashayam es una formulaci\u00f3n ayurv\u00e9dica eficaz que se utiliza en la atenci\u00f3n posnatal.<\/li>\n<li>Es \u00fatil en el tratamiento de trastornos articulares agudos y cr\u00f3nicos, incluidos dolor e inflamaci\u00f3n, fiebre, tumores abdominales, locura, enfermedades de hernia intestinal y trastornos uterinos.<\/li>\n<\/ul>\n","protected":false},"featured_media":6100,"comment_status":"open","ping_status":"closed","template":"","meta":[],"product_brand":[],"product_cat":[200,195,247],"product_tag":[],"class_list":{"0":"post-6098","1":"product","2":"type-product","3":"status-publish","4":"has-post-thumbnail","6":"product_cat-marca","7":"product_cat-productos-ayurvedicos","8":"product_cat-vaidyaratnam","10":"first","11":"instock","12":"shipping-taxable","13":"purchasable","14":"product-type-simple"},"_links":{"self":[{"href":"https:\/\/neelayurvedics.es\/index.php?rest_route=\/wp\/v2\/product\/6098","targetHints":{"allow":["GET"]}}],"collection":[{"href":"https:\/\/neelayurvedics.es\/index.php?rest_route=\/wp\/v2\/product"}],"about":[{"href":"https:\/\/neelayurvedics.es\/index.php?rest_route=\/wp\/v2\/types\/product"}],"replies":[{"embeddable":true,"href":"https:\/\/neelayurvedics.es\/index.php?rest_route=%2Fwp%2Fv2%2Fcomments&post=6098"}],"wp:featuredmedia":[{"embeddable":true,"href":"https:\/\/neelayurvedics.es\/index.php?rest_route=\/wp\/v2\/media\/6100"}],"wp:attachment":[{"href":"https:\/\/neelayurvedics.es\/index.php?rest_route=%2Fwp%2Fv2%2Fmedia&parent=6098"}],"wp:term":[{"taxonomy":"product_brand","embeddable":true,"href":"https:\/\/neelayurvedics.es\/index.php?rest_route=%2Fwp%2Fv2%2Fproduct_brand&post=6098"},{"taxonomy":"product_cat","embeddable":true,"href":"https:\/\/neelayurvedics.es\/index.php?rest_route=%2Fwp%2Fv2%2Fproduct_cat&post=6098"},{"taxonomy":"product_tag","embeddable":true,"href":"https:\/\/neelayurvedics.es\/index.php?rest_route=%2Fwp%2Fv2%2Fproduct_tag&post=6098"}],"curies":[{"name":"wp","href":"https:\/\/api.w.org\/{rel}","templated":true}]}}