{"id":6111,"date":"2024-12-23T06:09:17","date_gmt":"2024-12-23T06:09:17","guid":{"rendered":"https:\/\/neelayurvedics.es\/?post_type=product&#038;p=6111"},"modified":"2025-04-10T06:33:23","modified_gmt":"2025-04-10T06:33:23","slug":"vaidyaratnam-dhanwanthararishtam-450-ml","status":"publish","type":"product","link":"https:\/\/neelayurvedics.es\/?product=vaidyaratnam-dhanwanthararishtam-450-ml","title":{"rendered":"Vaidyaratnam Dhanwanthararishtam \u2013 450 ML"},"content":{"rendered":"<h3><span>Composici\u00f3n de Vaidyaratnam Dhanwanthararishtam:<\/span><\/h3>\n<ul>\n<li><span>Yava<\/span><\/li>\n<li><span>Kola<\/span><\/li>\n<li><span>Kulatha<\/span><\/li>\n<li><span>Dasamoola<\/span><\/li>\n<li><span>Bala<\/span><\/li>\n<li><span>Jeeraka<\/span><\/li>\n<li><span>Devadaru<\/span><\/li>\n<li><span>Manjishta<\/span><\/li>\n<li><span>Vidari<\/span><\/li>\n<li><span>Kushta<\/span><\/li>\n<li><span>Usoera<\/span><\/li>\n<li><span>Tagara<\/span><\/li>\n<li><span>Aswagandha<\/span><\/li>\n<li><span>Triphala<\/span><\/li>\n<li><span>Sariba<\/span><\/li>\n<li><span>Agar\u00fa<\/span><\/li>\n<li><span>Punarnava<\/span><\/li>\n<li><span>Yashtimadhu<\/span><\/li>\n<li><span>Vacha<\/span><\/li>\n<li><span>Satapushpa<\/span><\/li>\n<li><span>Mashaparni<\/span><\/li>\n<li><span>Mudgaparni<\/span><\/li>\n<li><span>Sathavari<\/span><\/li>\n<li><span>Ella<\/span><\/li>\n<li><span>Ajustar<\/span><\/li>\n<li><span>Patra<\/span><\/li>\n<li><span>Jeerakam<\/span><\/li>\n<li><span>Pippali<\/span><\/li>\n<li><span>Lavanda<\/span><\/li>\n<li><span>Vidanga<\/span><\/li>\n<li><span>Methika<\/span><\/li>\n<li><span>Maricha<\/span><\/li>\n<li><span>Chandrashura<\/span><\/li>\n<li><span>Ajamoda<\/span><\/li>\n<li><span>Krushnajeeraka<\/span><\/li>\n<li><span>Misreya<\/span><\/li>\n<li><span>Jathipala<\/span><\/li>\n<li><span>Sathapush<\/span><\/li>\n<li><span>Kankola<\/span><\/li>\n<li><span>Soledad<\/span><\/li>\n<li><span>Silajath<\/span><\/li>\n<li><span>Dhataki<\/span><\/li>\n<li><span>Madhu<\/span><\/li>\n<li><span>guada<\/span><\/li>\n<\/ul>\n<h3><span>Beneficios de Vaidyaratnam Dhanwantharishtam:<\/span><\/h3>\n<ol>\n<li><span>Enfermedades reum\u00e1ticas<\/span><\/li>\n<li><span>Irritaciones g\u00e1stricas<\/span><\/li>\n<li><span>Hernia abdominal<\/span><\/li>\n<li><span>Debilidad general<\/span><\/li>\n<li><span>Atenci\u00f3n posnatal<\/span><\/li>\n<\/ol>\n<h3><span>Dosis de Vaidyaratnam Dhanwanthararishtam:<\/span><\/h3>\n<ul>\n<li><span>15-30 ml dos veces al d\u00eda despu\u00e9s de la comida.<\/span><\/li>\n<li><span>Seg\u00fan lo indique el m\u00e9dico<\/span><\/li>\n<\/ul>\n","protected":false},"excerpt":{"rendered":"<ul>\n<li><span>Vaidyaratnam Dhanwanthararishtam se utiliza para tratar la baja capacidad digestiva y el dolor lumbar. Es un t\u00f3nico uterino muy eficaz.<\/span><\/li>\n<li><span>Tambi\u00e9n es \u00fatil en el cuidado postnatal de la madre. Un tratamiento aceptado para hemiplejia, par\u00e1lisis facial, opist\u00f3tonos (bahyayamam), emprot\u00f3tonos (antarayamam) y todos los dem\u00e1s trastornos vata. Excelente para fiebre, hernia, gulma y micci\u00f3n forzada.<\/span><\/li>\n<\/ul>\n","protected":false},"featured_media":6112,"comment_status":"open","ping_status":"closed","template":"","meta":[],"product_brand":[],"product_cat":[200,195,247],"product_tag":[],"class_list":{"0":"post-6111","1":"product","2":"type-product","3":"status-publish","4":"has-post-thumbnail","6":"product_cat-marca","7":"product_cat-productos-ayurvedicos","8":"product_cat-vaidyaratnam","10":"first","11":"instock","12":"shipping-taxable","13":"purchasable","14":"product-type-simple"},"_links":{"self":[{"href":"https:\/\/neelayurvedics.es\/index.php?rest_route=\/wp\/v2\/product\/6111","targetHints":{"allow":["GET"]}}],"collection":[{"href":"https:\/\/neelayurvedics.es\/index.php?rest_route=\/wp\/v2\/product"}],"about":[{"href":"https:\/\/neelayurvedics.es\/index.php?rest_route=\/wp\/v2\/types\/product"}],"replies":[{"embeddable":true,"href":"https:\/\/neelayurvedics.es\/index.php?rest_route=%2Fwp%2Fv2%2Fcomments&post=6111"}],"wp:featuredmedia":[{"embeddable":true,"href":"https:\/\/neelayurvedics.es\/index.php?rest_route=\/wp\/v2\/media\/6112"}],"wp:attachment":[{"href":"https:\/\/neelayurvedics.es\/index.php?rest_route=%2Fwp%2Fv2%2Fmedia&parent=6111"}],"wp:term":[{"taxonomy":"product_brand","embeddable":true,"href":"https:\/\/neelayurvedics.es\/index.php?rest_route=%2Fwp%2Fv2%2Fproduct_brand&post=6111"},{"taxonomy":"product_cat","embeddable":true,"href":"https:\/\/neelayurvedics.es\/index.php?rest_route=%2Fwp%2Fv2%2Fproduct_cat&post=6111"},{"taxonomy":"product_tag","embeddable":true,"href":"https:\/\/neelayurvedics.es\/index.php?rest_route=%2Fwp%2Fv2%2Fproduct_tag&post=6111"}],"curies":[{"name":"wp","href":"https:\/\/api.w.org\/{rel}","templated":true}]}}