{"id":6116,"date":"2024-12-23T06:35:04","date_gmt":"2024-12-23T06:35:04","guid":{"rendered":"https:\/\/neelayurvedics.es\/?post_type=product&#038;p=6116"},"modified":"2025-04-10T06:30:32","modified_gmt":"2025-04-10T06:30:32","slug":"vaidyaratnam-dhathryadi-ghrutham-150-gm","status":"publish","type":"product","link":"https:\/\/neelayurvedics.es\/?product=vaidyaratnam-dhathryadi-ghrutham-150-gm","title":{"rendered":"Vaidyaratnam Dhathryadi Ghrutham \u2013 150 Gm"},"content":{"rendered":"<h3>Composici\u00f3n de Vaidyaratnam Dhathryadi Ghrutham:<\/h3>\n<ul>\n<li>Swarasa-Amalaki<\/li>\n<li>Vidari<\/li>\n<li>Ikshu<\/li>\n<li>Satavari<\/li>\n<li>Kooshmanda<\/li>\n<li>Kalka-Draksha<\/li>\n<li>Yashtimadhu<\/li>\n<li>Chandana<\/li>\n<\/ul>\n<h3>Beneficios de Vaidyaratnam Dhathryadi Ghrutham:<\/h3>\n<ol>\n<li>infertilidad<\/li>\n<li>Orina escasa<\/li>\n<li>Sangrado uterino disfuncional<\/li>\n<li>S\u00edncope<\/li>\n<li>Leucorrea<\/li>\n<\/ol>\n<h3>Dosis de Vaidyaratnam Dhathryadi Ghrutham:<\/h3>\n<ol>\n<li>10 g una o dos veces al d\u00eda, o seg\u00fan prescripci\u00f3n m\u00e9dica.<\/li>\n<\/ol>\n","protected":false},"excerpt":{"rendered":"<p>Composici\u00f3n de Vaidyaratnam Dhathryadi Ghrutham: Swarasa-Amalaki Vidari Ikshu Satavari Kooshmanda Kalka-Draksha Yashtimadhu Chandana Beneficios de Vaidyaratnam Dhathryadi Ghrutham: infertilidad Orina escasa Sangrado uterino disfuncional S\u00edncope Leucorrea Dosis de Vaidyaratnam Dhathryadi Ghrutham: 10 g una o dos veces al d\u00eda, o seg\u00fan prescripci\u00f3n m\u00e9dica.<\/p>\n","protected":false},"featured_media":6118,"comment_status":"open","ping_status":"closed","template":"","meta":[],"product_brand":[],"product_cat":[200,195,247],"product_tag":[],"class_list":{"0":"post-6116","1":"product","2":"type-product","3":"status-publish","4":"has-post-thumbnail","6":"product_cat-marca","7":"product_cat-productos-ayurvedicos","8":"product_cat-vaidyaratnam","10":"first","11":"instock","12":"shipping-taxable","13":"purchasable","14":"product-type-simple"},"_links":{"self":[{"href":"https:\/\/neelayurvedics.es\/index.php?rest_route=\/wp\/v2\/product\/6116","targetHints":{"allow":["GET"]}}],"collection":[{"href":"https:\/\/neelayurvedics.es\/index.php?rest_route=\/wp\/v2\/product"}],"about":[{"href":"https:\/\/neelayurvedics.es\/index.php?rest_route=\/wp\/v2\/types\/product"}],"replies":[{"embeddable":true,"href":"https:\/\/neelayurvedics.es\/index.php?rest_route=%2Fwp%2Fv2%2Fcomments&post=6116"}],"wp:featuredmedia":[{"embeddable":true,"href":"https:\/\/neelayurvedics.es\/index.php?rest_route=\/wp\/v2\/media\/6118"}],"wp:attachment":[{"href":"https:\/\/neelayurvedics.es\/index.php?rest_route=%2Fwp%2Fv2%2Fmedia&parent=6116"}],"wp:term":[{"taxonomy":"product_brand","embeddable":true,"href":"https:\/\/neelayurvedics.es\/index.php?rest_route=%2Fwp%2Fv2%2Fproduct_brand&post=6116"},{"taxonomy":"product_cat","embeddable":true,"href":"https:\/\/neelayurvedics.es\/index.php?rest_route=%2Fwp%2Fv2%2Fproduct_cat&post=6116"},{"taxonomy":"product_tag","embeddable":true,"href":"https:\/\/neelayurvedics.es\/index.php?rest_route=%2Fwp%2Fv2%2Fproduct_tag&post=6116"}],"curies":[{"name":"wp","href":"https:\/\/api.w.org\/{rel}","templated":true}]}}