{"id":6141,"date":"2024-12-23T10:24:03","date_gmt":"2024-12-23T10:24:03","guid":{"rendered":"https:\/\/neelayurvedics.es\/?post_type=product&#038;p=6141"},"modified":"2025-03-31T12:28:15","modified_gmt":"2025-03-31T12:28:15","slug":"vaidyaratnam-draksharishtam-450-ml","status":"publish","type":"product","link":"https:\/\/neelayurvedics.es\/?product=vaidyaratnam-draksharishtam-450-ml","title":{"rendered":"Vaidyaratnam Draksharishtam \u2013 450 ML"},"content":{"rendered":"<h3>Composici\u00f3n de Vaidyaratnam Draksharishtam:<\/h3>\n<ul>\n<li>Draksha<\/li>\n<li>Ajustar<\/li>\n<li>Ella<\/li>\n<li>Patra<\/li>\n<li>Nagakesara<\/li>\n<li>Priyangu<\/li>\n<li>Maricha<\/li>\n<li>Pippali<\/li>\n<li>Vidanga<\/li>\n<li>guada<\/li>\n<\/ul>\n<h3>Beneficios de Vaidyaratnam Draksharishtam:<\/h3>\n<ol>\n<li>Tos, anorexia, beneficioso para el estre\u00f1imiento y la debilidad general.<\/li>\n<\/ol>\n<h3>Dosis de Vaidyaratnam Draksharishtam:<\/h3>\n<ol>\n<li>15 a 30 ml dos veces al d\u00eda, despu\u00e9s de las comidas o seg\u00fan lo prescriba un m\u00e9dico.<\/li>\n<\/ol>\n","protected":false},"excerpt":{"rendered":"<p>Composici\u00f3n de Vaidyaratnam Draksharishtam: Draksha Ajustar Ella Patra Nagakesara Priyangu Maricha Pippali Vidanga guada Beneficios de Vaidyaratnam Draksharishtam: Tos, anorexia, beneficioso para el estre\u00f1imiento y la debilidad general. Dosis de Vaidyaratnam Draksharishtam: 15 a 30 ml dos veces al d\u00eda, despu\u00e9s de las comidas o seg\u00fan lo prescriba un m\u00e9dico.<\/p>\n","protected":false},"featured_media":6143,"comment_status":"open","ping_status":"closed","template":"","meta":[],"product_brand":[],"product_cat":[200,195,247],"product_tag":[],"class_list":{"0":"post-6141","1":"product","2":"type-product","3":"status-publish","4":"has-post-thumbnail","6":"product_cat-marca","7":"product_cat-productos-ayurvedicos","8":"product_cat-vaidyaratnam","10":"first","11":"instock","12":"shipping-taxable","13":"purchasable","14":"product-type-simple"},"_links":{"self":[{"href":"https:\/\/neelayurvedics.es\/index.php?rest_route=\/wp\/v2\/product\/6141","targetHints":{"allow":["GET"]}}],"collection":[{"href":"https:\/\/neelayurvedics.es\/index.php?rest_route=\/wp\/v2\/product"}],"about":[{"href":"https:\/\/neelayurvedics.es\/index.php?rest_route=\/wp\/v2\/types\/product"}],"replies":[{"embeddable":true,"href":"https:\/\/neelayurvedics.es\/index.php?rest_route=%2Fwp%2Fv2%2Fcomments&post=6141"}],"wp:featuredmedia":[{"embeddable":true,"href":"https:\/\/neelayurvedics.es\/index.php?rest_route=\/wp\/v2\/media\/6143"}],"wp:attachment":[{"href":"https:\/\/neelayurvedics.es\/index.php?rest_route=%2Fwp%2Fv2%2Fmedia&parent=6141"}],"wp:term":[{"taxonomy":"product_brand","embeddable":true,"href":"https:\/\/neelayurvedics.es\/index.php?rest_route=%2Fwp%2Fv2%2Fproduct_brand&post=6141"},{"taxonomy":"product_cat","embeddable":true,"href":"https:\/\/neelayurvedics.es\/index.php?rest_route=%2Fwp%2Fv2%2Fproduct_cat&post=6141"},{"taxonomy":"product_tag","embeddable":true,"href":"https:\/\/neelayurvedics.es\/index.php?rest_route=%2Fwp%2Fv2%2Fproduct_tag&post=6141"}],"curies":[{"name":"wp","href":"https:\/\/api.w.org\/{rel}","templated":true}]}}