{"id":6144,"date":"2024-12-23T10:27:37","date_gmt":"2024-12-23T10:27:37","guid":{"rendered":"https:\/\/neelayurvedics.es\/?post_type=product&#038;p=6144"},"modified":"2025-03-31T12:26:06","modified_gmt":"2025-03-31T12:26:06","slug":"vaidyaratnam-duralabharishtam-450-ml","status":"publish","type":"product","link":"https:\/\/neelayurvedics.es\/?product=vaidyaratnam-duralabharishtam-450-ml","title":{"rendered":"Vaidyaratnam Duralabharishtam \u2013 450 ML"},"content":{"rendered":"<h3>Composici\u00f3n de Vaidyaratnam Duralabharishtam:<\/h3>\n<ul>\n<li>Duralabha<\/li>\n<li>Danti<\/li>\n<li>Pata<\/li>\n<li>Chitraka<\/li>\n<li>Harithaki<\/li>\n<li>Vaso<\/li>\n<li>Amalaki<\/li>\n<li>Soledad<\/li>\n<li>Priyangu<\/li>\n<li>Pippali<\/li>\n<li>Chavia<\/li>\n<li>Madhu<\/li>\n<li>Sita<\/li>\n<\/ul>\n<h3>Beneficios de Vaidyaratnam Duralabharishtam:<\/h3>\n<ol>\n<li>Anorexia, estre\u00f1imiento, hemorroides sangrantes persistentes y utilidad en la debilidad nerviosa.<\/li>\n<\/ol>\n<h3>Dosis de Vaidyaratnam Duralabharishtam:<\/h3>\n<ol>\n<li>15 a 30 mililitros dos veces al d\u00eda, ya sea antes de las comidas o seg\u00fan lo prescriba un m\u00e9dico.<\/li>\n<\/ol>\n","protected":false},"excerpt":{"rendered":"<p>Composici\u00f3n de Vaidyaratnam Duralabharishtam: Duralabha Danti Pata Chitraka Harithaki Vaso Amalaki Soledad Priyangu Pippali Chavia Madhu Sita Beneficios de Vaidyaratnam Duralabharishtam: Anorexia, estre\u00f1imiento, hemorroides sangrantes persistentes y utilidad en la debilidad nerviosa. Dosis de Vaidyaratnam Duralabharishtam: 15 a 30 mililitros dos veces al d\u00eda, ya sea antes de las comidas o seg\u00fan lo prescriba un [&hellip;]<\/p>\n","protected":false},"featured_media":6146,"comment_status":"open","ping_status":"closed","template":"","meta":[],"product_brand":[],"product_cat":[200,195,247],"product_tag":[],"class_list":{"0":"post-6144","1":"product","2":"type-product","3":"status-publish","4":"has-post-thumbnail","6":"product_cat-marca","7":"product_cat-productos-ayurvedicos","8":"product_cat-vaidyaratnam","10":"first","11":"instock","12":"shipping-taxable","13":"purchasable","14":"product-type-simple"},"_links":{"self":[{"href":"https:\/\/neelayurvedics.es\/index.php?rest_route=\/wp\/v2\/product\/6144","targetHints":{"allow":["GET"]}}],"collection":[{"href":"https:\/\/neelayurvedics.es\/index.php?rest_route=\/wp\/v2\/product"}],"about":[{"href":"https:\/\/neelayurvedics.es\/index.php?rest_route=\/wp\/v2\/types\/product"}],"replies":[{"embeddable":true,"href":"https:\/\/neelayurvedics.es\/index.php?rest_route=%2Fwp%2Fv2%2Fcomments&post=6144"}],"wp:featuredmedia":[{"embeddable":true,"href":"https:\/\/neelayurvedics.es\/index.php?rest_route=\/wp\/v2\/media\/6146"}],"wp:attachment":[{"href":"https:\/\/neelayurvedics.es\/index.php?rest_route=%2Fwp%2Fv2%2Fmedia&parent=6144"}],"wp:term":[{"taxonomy":"product_brand","embeddable":true,"href":"https:\/\/neelayurvedics.es\/index.php?rest_route=%2Fwp%2Fv2%2Fproduct_brand&post=6144"},{"taxonomy":"product_cat","embeddable":true,"href":"https:\/\/neelayurvedics.es\/index.php?rest_route=%2Fwp%2Fv2%2Fproduct_cat&post=6144"},{"taxonomy":"product_tag","embeddable":true,"href":"https:\/\/neelayurvedics.es\/index.php?rest_route=%2Fwp%2Fv2%2Fproduct_tag&post=6144"}],"curies":[{"name":"wp","href":"https:\/\/api.w.org\/{rel}","templated":true}]}}