{"id":6155,"date":"2024-12-23T12:13:57","date_gmt":"2024-12-23T12:13:57","guid":{"rendered":"https:\/\/neelayurvedics.es\/?post_type=product&#038;p=6155"},"modified":"2025-03-31T10:52:19","modified_gmt":"2025-03-31T10:52:19","slug":"vaidyaratnam-elaneerkuzhampu-10-gm","status":"publish","type":"product","link":"https:\/\/neelayurvedics.es\/?product=vaidyaratnam-elaneerkuzhampu-10-gm","title":{"rendered":"Vaidyaratnam Elaneerkuzhampu \u2013 10 Gm"},"content":{"rendered":"<h3>Composici\u00f3n de Vaidyaratnam Elaneerkuzhampu:<\/h3>\n<ul>\n<li>Darvi<\/li>\n<li>Haritaki<\/li>\n<li>Bibhitaka<\/li>\n<li>Amalaki<\/li>\n<li>Madhuka<\/li>\n<li>Narikela jala<\/li>\n<li>Sasi<\/li>\n<li>Pitaka rohini<\/li>\n<li>Saindhava<\/li>\n<li>M\u00e1xima<\/li>\n<\/ul>\n<h3>Beneficios de Vaidyaratnam Elaneerkuzhampu:<\/h3>\n<ol>\n<li>Elaneer Kuzhambu tambi\u00e9n se conoce como Narikelanjana.<\/li>\n<li>Es una f\u00f3rmula ayurv\u00e9dica que se ha utilizado tradicionalmente para tratar dolencias oculares y equilibrar los doshas Pitta y Vata para una mejor salud ocular.<\/li>\n<li>Esta medicina ayurv\u00e9dica para la salud ocular alivia la irritaci\u00f3n ocular y puede ayudar con el tratamiento de problemas de visi\u00f3n causados \u200b\u200bpor el sol, el calor y el humo.<\/li>\n<li>Las gotas oft\u00e1lmicas ayurv\u00e9dicas protegen los ojos de infecciones y se utilizan para tratar afecciones como \u00falceras corneales, glaucoma, pterigi\u00f3n y cataratas en etapa temprana.<\/li>\n<li>Es una formulaci\u00f3n ayurv\u00e9dica natural que se puede utilizar para tratar la conjuntivitis, as\u00ed como otras infecciones e inflamaciones oculares.<\/li>\n<\/ol>\n<h3>Usos de Vaidyaratnam Elaneerkuzhampu:<\/h3>\n<ul>\n<li>Aplicar en los p\u00e1rpados internos.<\/li>\n<\/ul>\n","protected":false},"excerpt":{"rendered":"<ul>\n<li>Vaidyaratnam Elaneerkuzhampu es una f\u00f3rmula ayurv\u00e9dica para el cuidado de los ojos que se utiliza para tratar las \u00falceras corneales, el pterigi\u00f3n y las primeras etapas de las cataratas.<\/li>\n<li>Este medicamento s\u00f3lo debe utilizarse bajo supervisi\u00f3n m\u00e9dica.<\/li>\n<\/ul>\n","protected":false},"featured_media":6156,"comment_status":"open","ping_status":"closed","template":"","meta":[],"product_brand":[],"product_cat":[200,195,247],"product_tag":[],"class_list":{"0":"post-6155","1":"product","2":"type-product","3":"status-publish","4":"has-post-thumbnail","6":"product_cat-marca","7":"product_cat-productos-ayurvedicos","8":"product_cat-vaidyaratnam","10":"first","11":"instock","12":"shipping-taxable","13":"purchasable","14":"product-type-simple"},"_links":{"self":[{"href":"https:\/\/neelayurvedics.es\/index.php?rest_route=\/wp\/v2\/product\/6155","targetHints":{"allow":["GET"]}}],"collection":[{"href":"https:\/\/neelayurvedics.es\/index.php?rest_route=\/wp\/v2\/product"}],"about":[{"href":"https:\/\/neelayurvedics.es\/index.php?rest_route=\/wp\/v2\/types\/product"}],"replies":[{"embeddable":true,"href":"https:\/\/neelayurvedics.es\/index.php?rest_route=%2Fwp%2Fv2%2Fcomments&post=6155"}],"wp:featuredmedia":[{"embeddable":true,"href":"https:\/\/neelayurvedics.es\/index.php?rest_route=\/wp\/v2\/media\/6156"}],"wp:attachment":[{"href":"https:\/\/neelayurvedics.es\/index.php?rest_route=%2Fwp%2Fv2%2Fmedia&parent=6155"}],"wp:term":[{"taxonomy":"product_brand","embeddable":true,"href":"https:\/\/neelayurvedics.es\/index.php?rest_route=%2Fwp%2Fv2%2Fproduct_brand&post=6155"},{"taxonomy":"product_cat","embeddable":true,"href":"https:\/\/neelayurvedics.es\/index.php?rest_route=%2Fwp%2Fv2%2Fproduct_cat&post=6155"},{"taxonomy":"product_tag","embeddable":true,"href":"https:\/\/neelayurvedics.es\/index.php?rest_route=%2Fwp%2Fv2%2Fproduct_tag&post=6155"}],"curies":[{"name":"wp","href":"https:\/\/api.w.org\/{rel}","templated":true}]}}