{"id":6161,"date":"2024-12-24T06:00:29","date_gmt":"2024-12-24T06:00:29","guid":{"rendered":"https:\/\/neelayurvedics.es\/?post_type=product&#038;p=6161"},"modified":"2025-03-31T05:41:52","modified_gmt":"2025-03-31T05:41:52","slug":"vaidyaratnam-gandha-thailam-10-ml","status":"publish","type":"product","link":"https:\/\/neelayurvedics.es\/?product=vaidyaratnam-gandha-thailam-10-ml","title":{"rendered":"Vaidyaratnam Gandha Thailam \u2013 10 ML"},"content":{"rendered":"<h3>Composici\u00f3n de Vaidyaratnam Gandha Thailam:<\/h3>\n<ul>\n<li>Te amo thai<\/li>\n<li>Jalam<\/li>\n<li>Ksheera<\/li>\n<li>Yashtimadhu<\/li>\n<li>Manjishta<\/li>\n<li>kola<\/li>\n<\/ul>\n<h3>Beneficios de Vaidyaratnam Gandha Thailam:<\/h3>\n<ol>\n<li>Vaidyaratnam Gandha Thailam tiene como objetivo principal aumentar la masa y la fuerza \u00f3sea.<\/li>\n<li>Es eficaz en el tratamiento de artritis, osteoporosis, fracturas y dislocaciones.<\/li>\n<li>Ayuda a fortalecer los huesos, articulaciones y ligamentos.<\/li>\n<li>Tambi\u00e9n se utiliza para tratar lesiones de ligamentos.<\/li>\n<li>Eficaz para estimular el crecimiento del cabello. Debido a que refuerza el tejido \u00f3seo llamado asthi dhatu y el cabello est\u00e1 asociado con el asthi, es beneficioso para estimular el crecimiento del cabello.<\/li>\n<\/ol>\n<h3>Dosis de Vaidyaratnam Gandha Thailam:<\/h3>\n<ul>\n<li class=\"p1\">5 a 10 gotas una o dos veces al d\u00eda, generalmente administradas antes de la comida con leche tibia o agua tibia o Kashayam adecuado.<\/li>\n<li class=\"p1\">Seg\u00fan lo indicado por el m\u00e9dico ayurv\u00e9dico.<\/li>\n<\/ul>\n","protected":false},"excerpt":{"rendered":"<ul>\n<li>Vaidyaratnam Gandha Thailam es un famoso producto ayurv\u00e9dico utilizado en el tratamiento de la artritis, huesos fracturados y huesos d\u00e9biles.<\/li>\n<\/ul>\n","protected":false},"featured_media":6162,"comment_status":"open","ping_status":"closed","template":"","meta":[],"product_brand":[],"product_cat":[200,195,247],"product_tag":[],"class_list":{"0":"post-6161","1":"product","2":"type-product","3":"status-publish","4":"has-post-thumbnail","6":"product_cat-marca","7":"product_cat-productos-ayurvedicos","8":"product_cat-vaidyaratnam","10":"first","11":"instock","12":"shipping-taxable","13":"purchasable","14":"product-type-simple"},"_links":{"self":[{"href":"https:\/\/neelayurvedics.es\/index.php?rest_route=\/wp\/v2\/product\/6161","targetHints":{"allow":["GET"]}}],"collection":[{"href":"https:\/\/neelayurvedics.es\/index.php?rest_route=\/wp\/v2\/product"}],"about":[{"href":"https:\/\/neelayurvedics.es\/index.php?rest_route=\/wp\/v2\/types\/product"}],"replies":[{"embeddable":true,"href":"https:\/\/neelayurvedics.es\/index.php?rest_route=%2Fwp%2Fv2%2Fcomments&post=6161"}],"wp:featuredmedia":[{"embeddable":true,"href":"https:\/\/neelayurvedics.es\/index.php?rest_route=\/wp\/v2\/media\/6162"}],"wp:attachment":[{"href":"https:\/\/neelayurvedics.es\/index.php?rest_route=%2Fwp%2Fv2%2Fmedia&parent=6161"}],"wp:term":[{"taxonomy":"product_brand","embeddable":true,"href":"https:\/\/neelayurvedics.es\/index.php?rest_route=%2Fwp%2Fv2%2Fproduct_brand&post=6161"},{"taxonomy":"product_cat","embeddable":true,"href":"https:\/\/neelayurvedics.es\/index.php?rest_route=%2Fwp%2Fv2%2Fproduct_cat&post=6161"},{"taxonomy":"product_tag","embeddable":true,"href":"https:\/\/neelayurvedics.es\/index.php?rest_route=%2Fwp%2Fv2%2Fproduct_tag&post=6161"}],"curies":[{"name":"wp","href":"https:\/\/api.w.org\/{rel}","templated":true}]}}