{"id":6188,"date":"2024-12-24T07:37:47","date_gmt":"2024-12-24T07:37:47","guid":{"rendered":"https:\/\/neelayurvedics.es\/?post_type=product&#038;p=6188"},"modified":"2025-04-10T06:06:51","modified_gmt":"2025-04-10T06:06:51","slug":"vaidyaratnam-gulguluthikthakam-kashaya-gulika-tableta-100-tabletas","status":"publish","type":"product","link":"https:\/\/neelayurvedics.es\/?product=vaidyaratnam-gulguluthikthakam-kashaya-gulika-tableta-100-tabletas","title":{"rendered":"Vaidyaratnam Gulguluthikthakam Kashaya Gulika Tableta \u2013 100 Tabletas"},"content":{"rendered":"<p>Modo de empleo:<\/p>\n<ul>\n<li>5-10 ml antes de la comida una o dos veces al d\u00eda o seg\u00fan lo indique el m\u00e9dico.<\/li>\n<\/ul>\n","protected":false},"excerpt":{"rendered":"<p>Modo de empleo: 5-10 ml antes de la comida una o dos veces al d\u00eda o seg\u00fan lo indique el m\u00e9dico.<\/p>\n","protected":false},"featured_media":6190,"comment_status":"open","ping_status":"closed","template":"","meta":[],"product_brand":[],"product_cat":[200,195,247],"product_tag":[],"class_list":{"0":"post-6188","1":"product","2":"type-product","3":"status-publish","4":"has-post-thumbnail","6":"product_cat-marca","7":"product_cat-productos-ayurvedicos","8":"product_cat-vaidyaratnam","10":"first","11":"instock","12":"shipping-taxable","13":"purchasable","14":"product-type-simple"},"_links":{"self":[{"href":"https:\/\/neelayurvedics.es\/index.php?rest_route=\/wp\/v2\/product\/6188","targetHints":{"allow":["GET"]}}],"collection":[{"href":"https:\/\/neelayurvedics.es\/index.php?rest_route=\/wp\/v2\/product"}],"about":[{"href":"https:\/\/neelayurvedics.es\/index.php?rest_route=\/wp\/v2\/types\/product"}],"replies":[{"embeddable":true,"href":"https:\/\/neelayurvedics.es\/index.php?rest_route=%2Fwp%2Fv2%2Fcomments&post=6188"}],"wp:featuredmedia":[{"embeddable":true,"href":"https:\/\/neelayurvedics.es\/index.php?rest_route=\/wp\/v2\/media\/6190"}],"wp:attachment":[{"href":"https:\/\/neelayurvedics.es\/index.php?rest_route=%2Fwp%2Fv2%2Fmedia&parent=6188"}],"wp:term":[{"taxonomy":"product_brand","embeddable":true,"href":"https:\/\/neelayurvedics.es\/index.php?rest_route=%2Fwp%2Fv2%2Fproduct_brand&post=6188"},{"taxonomy":"product_cat","embeddable":true,"href":"https:\/\/neelayurvedics.es\/index.php?rest_route=%2Fwp%2Fv2%2Fproduct_cat&post=6188"},{"taxonomy":"product_tag","embeddable":true,"href":"https:\/\/neelayurvedics.es\/index.php?rest_route=%2Fwp%2Fv2%2Fproduct_tag&post=6188"}],"curies":[{"name":"wp","href":"https:\/\/api.w.org\/{rel}","templated":true}]}}