{"id":6194,"date":"2024-12-24T07:44:49","date_gmt":"2024-12-24T07:44:49","guid":{"rendered":"https:\/\/neelayurvedics.es\/?post_type=product&#038;p=6194"},"modified":"2025-04-10T06:05:06","modified_gmt":"2025-04-10T06:05:06","slug":"vaidyaratnam-guloochyadi-kashayam-200ml","status":"publish","type":"product","link":"https:\/\/neelayurvedics.es\/?product=vaidyaratnam-guloochyadi-kashayam-200ml","title":{"rendered":"Vaidyaratnam Guloochyadi Kashayam \u2013 200ML"},"content":{"rendered":"<h3><span>Composici\u00f3n de Vaidyaratnam Guloochyadi Kashayam:<\/span><\/h3>\n<ul>\n<li><span>Guduchi<\/span><\/li>\n<li><span>Padmaka<\/span><\/li>\n<li><span>Nimba<\/span><\/li>\n<li><span>Dhanyakam<\/span><\/li>\n<li><span>Rakthachandana<\/span><\/li>\n<\/ul>\n<h3><span>Beneficios de Vaidyaratnam Guloochyadi Kashayam:<\/span><\/h3>\n<ol>\n<li><span>Fiebre<\/span><\/li>\n<li><span>V\u00f3mitos<\/span><\/li>\n<li><span>Sensaci\u00f3n de ardor<\/span><\/li>\n<li><span>Sed excesiva<\/span><\/li>\n<\/ol>\n<h3><span>Dosis de Vaidyaratnam Guloochyadi Kashayam:<\/span><\/h3>\n<ul>\n<li><span>15 ml dos veces al d\u00eda, con cuatro tazas de agua tibia, una hora antes de la comida.<\/span><\/li>\n<li><span>Seg\u00fan lo indique el m\u00e9dico<\/span><\/li>\n<\/ul>\n","protected":false},"excerpt":{"rendered":"<p>Vaidyaratnam Guloochyadi Kashayam es una medicina ayurv\u00e9dica utilizada para el tratamiento de las n\u00e1useas y los v\u00f3mitos<\/p>\n","protected":false},"featured_media":6196,"comment_status":"open","ping_status":"closed","template":"","meta":[],"product_brand":[],"product_cat":[200,195,247],"product_tag":[],"class_list":{"0":"post-6194","1":"product","2":"type-product","3":"status-publish","4":"has-post-thumbnail","6":"product_cat-marca","7":"product_cat-productos-ayurvedicos","8":"product_cat-vaidyaratnam","10":"first","11":"instock","12":"shipping-taxable","13":"purchasable","14":"product-type-simple"},"_links":{"self":[{"href":"https:\/\/neelayurvedics.es\/index.php?rest_route=\/wp\/v2\/product\/6194","targetHints":{"allow":["GET"]}}],"collection":[{"href":"https:\/\/neelayurvedics.es\/index.php?rest_route=\/wp\/v2\/product"}],"about":[{"href":"https:\/\/neelayurvedics.es\/index.php?rest_route=\/wp\/v2\/types\/product"}],"replies":[{"embeddable":true,"href":"https:\/\/neelayurvedics.es\/index.php?rest_route=%2Fwp%2Fv2%2Fcomments&post=6194"}],"wp:featuredmedia":[{"embeddable":true,"href":"https:\/\/neelayurvedics.es\/index.php?rest_route=\/wp\/v2\/media\/6196"}],"wp:attachment":[{"href":"https:\/\/neelayurvedics.es\/index.php?rest_route=%2Fwp%2Fv2%2Fmedia&parent=6194"}],"wp:term":[{"taxonomy":"product_brand","embeddable":true,"href":"https:\/\/neelayurvedics.es\/index.php?rest_route=%2Fwp%2Fv2%2Fproduct_brand&post=6194"},{"taxonomy":"product_cat","embeddable":true,"href":"https:\/\/neelayurvedics.es\/index.php?rest_route=%2Fwp%2Fv2%2Fproduct_cat&post=6194"},{"taxonomy":"product_tag","embeddable":true,"href":"https:\/\/neelayurvedics.es\/index.php?rest_route=%2Fwp%2Fv2%2Fproduct_tag&post=6194"}],"curies":[{"name":"wp","href":"https:\/\/api.w.org\/{rel}","templated":true}]}}