{"id":6210,"date":"2024-12-24T11:15:53","date_gmt":"2024-12-24T11:15:53","guid":{"rendered":"https:\/\/neelayurvedics.es\/?post_type=product&#038;p=6210"},"modified":"2025-04-10T06:01:25","modified_gmt":"2025-04-10T06:01:25","slug":"vaidyaratnam-hinguvachadi-gulika-tableta-100-tabletas","status":"publish","type":"product","link":"https:\/\/neelayurvedics.es\/?product=vaidyaratnam-hinguvachadi-gulika-tableta-100-tabletas","title":{"rendered":"Vaidyaratnam Hinguvachadi Gulika Tableta \u2013 100 Tabletas"},"content":{"rendered":"<h3>Composici\u00f3n de la tableta Vaidyaratnam Hinguvachadi Gulika:<\/h3>\n<ul>\n<li>Hingu<\/li>\n<li>Vacha<\/li>\n<li>Vijaya<\/li>\n<li>Pasugandha<\/li>\n<li>Dadima<\/li>\n<li>Dipyaka<\/li>\n<li>Camino<\/li>\n<li>Pushkaramula<\/li>\n<li>Sati<\/li>\n<li>Hapusha<\/li>\n<li>Agni<\/li>\n<li>Ksharayuga<\/li>\n<li>Dvipattu<\/li>\n<li>Trikatu<\/li>\n<li>Ajaji<\/li>\n<li>Chavia<\/li>\n<li>Tintrika<\/li>\n<li>Vetasamia<\/li>\n<\/ul>\n<h3>Beneficios de la tableta Vaidyaratnam Hinguvachadi Gulika:<\/h3>\n<ol>\n<li>Hingu, vacha y vijaya tienen propiedades carminativas y digestivas que ayudan a la digesti\u00f3n y alivian el estre\u00f1imiento.<\/li>\n<li>Tambi\u00e9n tratan la hinchaz\u00f3n, la p\u00e9rdida de apetito, la dispepsia, la diarrea, el asma, la tos y el dolor abdominal. Si se combinan con los aditivos adecuados, tambi\u00e9n pueden tratar la acidez y el ardor de est\u00f3mago.<\/li>\n<li>Ayuda a tratar dolores menores que afectan la vejiga urinaria, el ano y otros \u00f3rganos de la cavidad abdominal.<\/li>\n<\/ol>\n<h3>Dosis de la tableta Vaidyaratnam Hinguvachadi Gulika:<\/h3>\n<ul>\n<li>Tome dos comprimidos dos veces al d\u00eda, antes o despu\u00e9s de las comidas.<\/li>\n<li>Seg\u00fan lo indique su m\u00e9dico.<\/li>\n<\/ul>\n","protected":false},"excerpt":{"rendered":"<h3>Beneficios :<\/h3>\n<ul>\n<li>Tratamiento ayurv\u00e9dico para trastornos estomacales.<\/li>\n<li>Mejora el poder digestivo.<\/li>\n<li>Alivia la hinchaz\u00f3n, la p\u00e9rdida de apetito, la dispepsia, la diarrea, la tos y el dolor abdominal.<\/li>\n<li>Cuando se combina con aditivos adecuados, puede ayudar a tratar el reflujo \u00e1cido y la acidez estomacal.<\/li>\n<li>Tambi\u00e9n se utiliza para tratar el desequilibrio vata y enfermedades relacionadas con vata, como hinchaz\u00f3n, enfermedades de las articulaciones, etc.<\/li>\n<li>Es un buen suplemento para la artritis reumatoide.<\/li>\n<\/ul>\n","protected":false},"featured_media":6212,"comment_status":"open","ping_status":"closed","template":"","meta":[],"product_brand":[],"product_cat":[200,195,247],"product_tag":[],"class_list":{"0":"post-6210","1":"product","2":"type-product","3":"status-publish","4":"has-post-thumbnail","6":"product_cat-marca","7":"product_cat-productos-ayurvedicos","8":"product_cat-vaidyaratnam","10":"first","11":"instock","12":"shipping-taxable","13":"purchasable","14":"product-type-simple"},"_links":{"self":[{"href":"https:\/\/neelayurvedics.es\/index.php?rest_route=\/wp\/v2\/product\/6210","targetHints":{"allow":["GET"]}}],"collection":[{"href":"https:\/\/neelayurvedics.es\/index.php?rest_route=\/wp\/v2\/product"}],"about":[{"href":"https:\/\/neelayurvedics.es\/index.php?rest_route=\/wp\/v2\/types\/product"}],"replies":[{"embeddable":true,"href":"https:\/\/neelayurvedics.es\/index.php?rest_route=%2Fwp%2Fv2%2Fcomments&post=6210"}],"wp:featuredmedia":[{"embeddable":true,"href":"https:\/\/neelayurvedics.es\/index.php?rest_route=\/wp\/v2\/media\/6212"}],"wp:attachment":[{"href":"https:\/\/neelayurvedics.es\/index.php?rest_route=%2Fwp%2Fv2%2Fmedia&parent=6210"}],"wp:term":[{"taxonomy":"product_brand","embeddable":true,"href":"https:\/\/neelayurvedics.es\/index.php?rest_route=%2Fwp%2Fv2%2Fproduct_brand&post=6210"},{"taxonomy":"product_cat","embeddable":true,"href":"https:\/\/neelayurvedics.es\/index.php?rest_route=%2Fwp%2Fv2%2Fproduct_cat&post=6210"},{"taxonomy":"product_tag","embeddable":true,"href":"https:\/\/neelayurvedics.es\/index.php?rest_route=%2Fwp%2Fv2%2Fproduct_tag&post=6210"}],"curies":[{"name":"wp","href":"https:\/\/api.w.org\/{rel}","templated":true}]}}