{"id":6229,"date":"2024-12-25T06:00:58","date_gmt":"2024-12-25T06:00:58","guid":{"rendered":"https:\/\/neelayurvedics.es\/?post_type=product&#038;p=6229"},"modified":"2025-04-10T05:53:18","modified_gmt":"2025-04-10T05:53:18","slug":"vaidyaratnam-jathyadi-ghrutham-150-gm","status":"publish","type":"product","link":"https:\/\/neelayurvedics.es\/?product=vaidyaratnam-jathyadi-ghrutham-150-gm","title":{"rendered":"Vaidyaratnam Jathyadi Ghrutham \u2013 150 Gm"},"content":{"rendered":"<h3>Composici\u00f3n de Vaidyaratnam Jathyadi Ghrutham:<\/h3>\n<ul>\n<li>Kalka-Jati<\/li>\n<li>Nimba<\/li>\n<li>Patola<\/li>\n<li>Katuka<\/li>\n<li>Daruharidra<\/li>\n<li>Haridra<\/li>\n<li>Sariba<\/li>\n<li>Manjishta<\/li>\n<li>Harethaki<\/li>\n<li>Tuta<\/li>\n<li>Yashtimadhu<\/li>\n<li>Karanja<\/li>\n<\/ul>\n<h3>Beneficios de Vaidyaratnam Jathyadi Ghrutham:<\/h3>\n<ol>\n<li>F\u00edstula<\/li>\n<li>Seno<\/li>\n<li>Herida<\/li>\n<li>\u00dalceras cr\u00f3nicas<\/li>\n<\/ol>\n<h3>Dosis de Vaidyaratnam Jathyadi Ghrutham:<\/h3>\n<ol>\n<li>Aplicar \u00fanicamente externamente o seg\u00fan lo recomiende un m\u00e9dico.<\/li>\n<\/ol>\n","protected":false},"excerpt":{"rendered":"<p>Composici\u00f3n de Vaidyaratnam Jathyadi Ghrutham: Kalka-Jati Nimba Patola Katuka Daruharidra Haridra Sariba Manjishta Harethaki Tuta Yashtimadhu Karanja Beneficios de Vaidyaratnam Jathyadi Ghrutham: F\u00edstula Seno Herida \u00dalceras cr\u00f3nicas Dosis de Vaidyaratnam Jathyadi Ghrutham: Aplicar \u00fanicamente externamente o seg\u00fan lo recomiende un m\u00e9dico.<\/p>\n","protected":false},"featured_media":6231,"comment_status":"open","ping_status":"closed","template":"","meta":[],"product_brand":[],"product_cat":[200,195,247],"product_tag":[],"class_list":{"0":"post-6229","1":"product","2":"type-product","3":"status-publish","4":"has-post-thumbnail","6":"product_cat-marca","7":"product_cat-productos-ayurvedicos","8":"product_cat-vaidyaratnam","10":"first","11":"instock","12":"shipping-taxable","13":"purchasable","14":"product-type-simple"},"_links":{"self":[{"href":"https:\/\/neelayurvedics.es\/index.php?rest_route=\/wp\/v2\/product\/6229","targetHints":{"allow":["GET"]}}],"collection":[{"href":"https:\/\/neelayurvedics.es\/index.php?rest_route=\/wp\/v2\/product"}],"about":[{"href":"https:\/\/neelayurvedics.es\/index.php?rest_route=\/wp\/v2\/types\/product"}],"replies":[{"embeddable":true,"href":"https:\/\/neelayurvedics.es\/index.php?rest_route=%2Fwp%2Fv2%2Fcomments&post=6229"}],"wp:featuredmedia":[{"embeddable":true,"href":"https:\/\/neelayurvedics.es\/index.php?rest_route=\/wp\/v2\/media\/6231"}],"wp:attachment":[{"href":"https:\/\/neelayurvedics.es\/index.php?rest_route=%2Fwp%2Fv2%2Fmedia&parent=6229"}],"wp:term":[{"taxonomy":"product_brand","embeddable":true,"href":"https:\/\/neelayurvedics.es\/index.php?rest_route=%2Fwp%2Fv2%2Fproduct_brand&post=6229"},{"taxonomy":"product_cat","embeddable":true,"href":"https:\/\/neelayurvedics.es\/index.php?rest_route=%2Fwp%2Fv2%2Fproduct_cat&post=6229"},{"taxonomy":"product_tag","embeddable":true,"href":"https:\/\/neelayurvedics.es\/index.php?rest_route=%2Fwp%2Fv2%2Fproduct_tag&post=6229"}],"curies":[{"name":"wp","href":"https:\/\/api.w.org\/{rel}","templated":true}]}}