{"id":6237,"date":"2024-12-25T06:11:49","date_gmt":"2024-12-25T06:11:49","guid":{"rendered":"https:\/\/neelayurvedics.es\/?post_type=product&#038;p=6237"},"modified":"2025-04-10T05:51:53","modified_gmt":"2025-04-10T05:51:53","slug":"vaidyaratnam-jeerakarishtam-450-ml","status":"publish","type":"product","link":"https:\/\/neelayurvedics.es\/?product=vaidyaratnam-jeerakarishtam-450-ml","title":{"rendered":"Vaidyaratnam Jeerakarishtam \u2013 450 ML"},"content":{"rendered":"<h3><span>Composici\u00f3n de Vaidyaratnam Jeerakarishtam:<\/span><\/h3>\n<ul>\n<li><span>Jiraka<\/span><\/li>\n<li><span>Ardraka<\/span><\/li>\n<li><span>Jatiphala<\/span><\/li>\n<li><span>Debe<\/span><\/li>\n<\/ul>\n<h3><span>Beneficios de Vaidyaratnam Jeerakarishtam:<\/span><\/h3>\n<ol>\n<li><span>Vaidyaratnam Jeerakarishtam alivia los calambres abdominales y promueve la involuci\u00f3n uterina normal despu\u00e9s del embarazo.<\/span><\/li>\n<li><span>Eficaz para aumentar la producci\u00f3n de leche materna y aliviar los problemas de lactancia.<\/span><\/li>\n<li><span>Eficaz para reducir la debilidad y la fatiga restaurando la energ\u00eda y la salud.<\/span><\/li>\n<li><span>Beneficioso para afecciones como diarrea cr\u00f3nica y dispepsia.<\/span><\/li>\n<li><span>Mejora la salud de la mujer despu\u00e9s del parto.<\/span><\/li>\n<\/ol>\n<h3><span>Dosis de Vaidyaratnam Jeerakarishtam:<\/span><\/h3>\n<ul>\n<li><span>\u00daselo seg\u00fan las indicaciones del m\u00e9dico ayurv\u00e9dico.<\/span><\/li>\n<\/ul>\n","protected":false},"excerpt":{"rendered":"<ul>\n<li><span>Vaidyaratnam Jeerakarishtam es una f\u00f3rmula ayurv\u00e9dica que promueve la fuerza, la salud y la energ\u00eda.<\/span><\/li>\n<li><span>Es eficaz contra la diarrea cr\u00f3nica y las complicaciones posparto.<\/span><\/li>\n<li><span>Tambi\u00e9n ayuda a promover la lactancia.<\/span><\/li>\n<\/ul>\n","protected":false},"featured_media":6239,"comment_status":"open","ping_status":"closed","template":"","meta":[],"product_brand":[],"product_cat":[200,195,247],"product_tag":[],"class_list":{"0":"post-6237","1":"product","2":"type-product","3":"status-publish","4":"has-post-thumbnail","6":"product_cat-marca","7":"product_cat-productos-ayurvedicos","8":"product_cat-vaidyaratnam","10":"first","11":"instock","12":"shipping-taxable","13":"purchasable","14":"product-type-simple"},"_links":{"self":[{"href":"https:\/\/neelayurvedics.es\/index.php?rest_route=\/wp\/v2\/product\/6237","targetHints":{"allow":["GET"]}}],"collection":[{"href":"https:\/\/neelayurvedics.es\/index.php?rest_route=\/wp\/v2\/product"}],"about":[{"href":"https:\/\/neelayurvedics.es\/index.php?rest_route=\/wp\/v2\/types\/product"}],"replies":[{"embeddable":true,"href":"https:\/\/neelayurvedics.es\/index.php?rest_route=%2Fwp%2Fv2%2Fcomments&post=6237"}],"wp:featuredmedia":[{"embeddable":true,"href":"https:\/\/neelayurvedics.es\/index.php?rest_route=\/wp\/v2\/media\/6239"}],"wp:attachment":[{"href":"https:\/\/neelayurvedics.es\/index.php?rest_route=%2Fwp%2Fv2%2Fmedia&parent=6237"}],"wp:term":[{"taxonomy":"product_brand","embeddable":true,"href":"https:\/\/neelayurvedics.es\/index.php?rest_route=%2Fwp%2Fv2%2Fproduct_brand&post=6237"},{"taxonomy":"product_cat","embeddable":true,"href":"https:\/\/neelayurvedics.es\/index.php?rest_route=%2Fwp%2Fv2%2Fproduct_cat&post=6237"},{"taxonomy":"product_tag","embeddable":true,"href":"https:\/\/neelayurvedics.es\/index.php?rest_route=%2Fwp%2Fv2%2Fproduct_tag&post=6237"}],"curies":[{"name":"wp","href":"https:\/\/api.w.org\/{rel}","templated":true}]}}