{"id":6240,"date":"2024-12-25T06:16:31","date_gmt":"2024-12-25T06:16:31","guid":{"rendered":"https:\/\/neelayurvedics.es\/?post_type=product&#038;p=6240"},"modified":"2025-04-10T05:51:25","modified_gmt":"2025-04-10T05:51:25","slug":"vaidyaratnam-jeevabandhu-450-ml","status":"publish","type":"product","link":"https:\/\/neelayurvedics.es\/?product=vaidyaratnam-jeevabandhu-450-ml","title":{"rendered":"Vaidyaratnam Jeevabandhu \u2013 450 ML"},"content":{"rendered":"<h3>Composici\u00f3n de Vaidyaratnam Jeevabandhu:<\/h3>\n<ul>\n<li>Maricha<\/li>\n<li>Amalaki<\/li>\n<li>Vibheethaki<\/li>\n<\/ul>\n<h3>Beneficios de Vaidyaratnam Jeevabandhu:<\/h3>\n<ol>\n<li>Tos, asma y bronquitis. Un maravilloso t\u00f3nico para despu\u00e9s del parto.<\/li>\n<\/ol>\n<h3>Dosis de Vaidyaratnam Jeevabandhu:<\/h3>\n<ol>\n<li>15 a 30 ml dos veces al d\u00eda, despu\u00e9s de las comidas o seg\u00fan lo prescriba un m\u00e9dico.<\/li>\n<\/ol>\n","protected":false},"excerpt":{"rendered":"<ul>\n<li><span>Vaidyaratnam Jeevabandhu es una medicina ayurv\u00e9dica utilizada para el tratamiento de problemas y lesiones genitales femeninos.<\/span><\/li>\n<\/ul>\n","protected":false},"featured_media":6242,"comment_status":"open","ping_status":"closed","template":"","meta":[],"product_brand":[],"product_cat":[200,195,247],"product_tag":[],"class_list":{"0":"post-6240","1":"product","2":"type-product","3":"status-publish","4":"has-post-thumbnail","6":"product_cat-marca","7":"product_cat-productos-ayurvedicos","8":"product_cat-vaidyaratnam","10":"first","11":"instock","12":"shipping-taxable","13":"purchasable","14":"product-type-simple"},"_links":{"self":[{"href":"https:\/\/neelayurvedics.es\/index.php?rest_route=\/wp\/v2\/product\/6240","targetHints":{"allow":["GET"]}}],"collection":[{"href":"https:\/\/neelayurvedics.es\/index.php?rest_route=\/wp\/v2\/product"}],"about":[{"href":"https:\/\/neelayurvedics.es\/index.php?rest_route=\/wp\/v2\/types\/product"}],"replies":[{"embeddable":true,"href":"https:\/\/neelayurvedics.es\/index.php?rest_route=%2Fwp%2Fv2%2Fcomments&post=6240"}],"wp:featuredmedia":[{"embeddable":true,"href":"https:\/\/neelayurvedics.es\/index.php?rest_route=\/wp\/v2\/media\/6242"}],"wp:attachment":[{"href":"https:\/\/neelayurvedics.es\/index.php?rest_route=%2Fwp%2Fv2%2Fmedia&parent=6240"}],"wp:term":[{"taxonomy":"product_brand","embeddable":true,"href":"https:\/\/neelayurvedics.es\/index.php?rest_route=%2Fwp%2Fv2%2Fproduct_brand&post=6240"},{"taxonomy":"product_cat","embeddable":true,"href":"https:\/\/neelayurvedics.es\/index.php?rest_route=%2Fwp%2Fv2%2Fproduct_cat&post=6240"},{"taxonomy":"product_tag","embeddable":true,"href":"https:\/\/neelayurvedics.es\/index.php?rest_route=%2Fwp%2Fv2%2Fproduct_tag&post=6240"}],"curies":[{"name":"wp","href":"https:\/\/api.w.org\/{rel}","templated":true}]}}