{"id":6252,"date":"2024-12-25T07:17:37","date_gmt":"2024-12-25T07:17:37","guid":{"rendered":"https:\/\/neelayurvedics.es\/?post_type=product&#038;p=6252"},"modified":"2025-04-10T05:44:51","modified_gmt":"2025-04-10T05:44:51","slug":"vaidyaratnam-kaisoraguggulu-gulika-tableta-100-tabletas","status":"publish","type":"product","link":"https:\/\/neelayurvedics.es\/?product=vaidyaratnam-kaisoraguggulu-gulika-tableta-100-tabletas","title":{"rendered":"Vaidyaratnam Kaisoraguggulu Gulika Tableta \u2013 100 Tabletas"},"content":{"rendered":"<h3>Composici\u00f3n de la tableta Vaidyaratnam Kaisoraguggulu Gulika:<\/h3>\n<ul>\n<li>Triphala<\/li>\n<li>Guduchi<\/li>\n<li>Guggulu<\/li>\n<li>Vidanga<\/li>\n<li>Trivit<\/li>\n<\/ul>\n<h3>Beneficios de la tableta Vaidyaratnam Kaisoraguggulu Gulika:<\/h3>\n<ol>\n<li>La tableta Vaidyaratnam Kaisoraguggulu Gulika ayuda a mantener la buena salud de la piel y del tracto urinario.<\/li>\n<li>Contiene guggulu, que ayuda a regular los niveles de az\u00facar en sangre y colesterol en el cuerpo.<\/li>\n<li>Tambi\u00e9n contiene triphala, que ayuda a reducir la inflamaci\u00f3n y reforzar el sistema inmunol\u00f3gico.<\/li>\n<\/ol>\n<h3>Dosis de la tableta Vaidyaratnam Kaisoraguggulu Gulika:<\/h3>\n<ul>\n<li>2-4 tabletas dos veces al d\u00eda<\/li>\n<li>Seg\u00fan lo indique el m\u00e9dico<\/li>\n<\/ul>\n","protected":false},"excerpt":{"rendered":"<ul>\n<li>La tableta Vaidyaratnam Kaisoragulgulu contiene Guggulu, que ayuda a regular el az\u00facar en sangre y el colesterol.<\/li>\n<li>Tambi\u00e9n fortalece el sistema inmunol\u00f3gico y reduce la inflamaci\u00f3n.<\/li>\n<\/ul>\n","protected":false},"featured_media":6253,"comment_status":"open","ping_status":"closed","template":"","meta":[],"product_brand":[],"product_cat":[200,195,247],"product_tag":[],"class_list":{"0":"post-6252","1":"product","2":"type-product","3":"status-publish","4":"has-post-thumbnail","6":"product_cat-marca","7":"product_cat-productos-ayurvedicos","8":"product_cat-vaidyaratnam","10":"first","11":"instock","12":"shipping-taxable","13":"purchasable","14":"product-type-simple"},"_links":{"self":[{"href":"https:\/\/neelayurvedics.es\/index.php?rest_route=\/wp\/v2\/product\/6252","targetHints":{"allow":["GET"]}}],"collection":[{"href":"https:\/\/neelayurvedics.es\/index.php?rest_route=\/wp\/v2\/product"}],"about":[{"href":"https:\/\/neelayurvedics.es\/index.php?rest_route=\/wp\/v2\/types\/product"}],"replies":[{"embeddable":true,"href":"https:\/\/neelayurvedics.es\/index.php?rest_route=%2Fwp%2Fv2%2Fcomments&post=6252"}],"wp:featuredmedia":[{"embeddable":true,"href":"https:\/\/neelayurvedics.es\/index.php?rest_route=\/wp\/v2\/media\/6253"}],"wp:attachment":[{"href":"https:\/\/neelayurvedics.es\/index.php?rest_route=%2Fwp%2Fv2%2Fmedia&parent=6252"}],"wp:term":[{"taxonomy":"product_brand","embeddable":true,"href":"https:\/\/neelayurvedics.es\/index.php?rest_route=%2Fwp%2Fv2%2Fproduct_brand&post=6252"},{"taxonomy":"product_cat","embeddable":true,"href":"https:\/\/neelayurvedics.es\/index.php?rest_route=%2Fwp%2Fv2%2Fproduct_cat&post=6252"},{"taxonomy":"product_tag","embeddable":true,"href":"https:\/\/neelayurvedics.es\/index.php?rest_route=%2Fwp%2Fv2%2Fproduct_tag&post=6252"}],"curies":[{"name":"wp","href":"https:\/\/api.w.org\/{rel}","templated":true}]}}