{"id":6254,"date":"2024-12-25T07:28:00","date_gmt":"2024-12-25T07:28:00","guid":{"rendered":"https:\/\/neelayurvedics.es\/?post_type=product&#038;p=6254"},"modified":"2025-04-10T05:39:17","modified_gmt":"2025-04-10T05:39:17","slug":"vaidyaratnam-kalyanakam-ghrutham-150-gm","status":"publish","type":"product","link":"https:\/\/neelayurvedics.es\/?product=vaidyaratnam-kalyanakam-ghrutham-150-gm","title":{"rendered":"Vaidyaratnam Kalyanakam Ghrutham \u2013 150 Gm"},"content":{"rendered":"<h3>Composici\u00f3n de Vaidyaratnam Kalyanakam Ghrutham:<\/h3>\n<ul>\n<li>Kalka-Hareethaki<\/li>\n<li>Vibheethaki<\/li>\n<li>Amalaki<\/li>\n<li>Indravaruni<\/li>\n<li>Ella<\/li>\n<li>Devadaru<\/li>\n<li>Elavaluka<\/li>\n<li>Sariba<\/li>\n<li>Krishnasariva<\/li>\n<li>Haridra<\/li>\n<li>Daruharidra<\/li>\n<li>Salaparni<\/li>\n<li>Presnaparni<\/li>\n<li>Priyangu<\/li>\n<li>Tagara<\/li>\n<li>Bruhati<\/li>\n<li>Kushta<\/li>\n<li>Manjishta<\/li>\n<li>Nagakesara<\/li>\n<li>Dadima<\/li>\n<li>Vidanga<\/li>\n<li>Talesapatra<\/li>\n<li>Ella<\/li>\n<li>Jati<\/li>\n<li>Ulpala<\/li>\n<li>Danti<\/li>\n<li>Padmaka<\/li>\n<li>Chandana<\/li>\n<\/ul>\n<h3>Beneficios de Vaidyaratnam Kalyanakam Ghrutham:<\/h3>\n<ol>\n<li>Man\u00eda<\/li>\n<li>Epilepsia<\/li>\n<li>Anemia<\/li>\n<li>Toxemia<\/li>\n<li>Trastornos menstruales<\/li>\n<\/ol>\n<h3>Dosis de Vaidyaratnam Kalyanakam Ghrutham:<\/h3>\n<ol>\n<li>10 g a primera hora de la ma\u00f1ana o seg\u00fan indique el m\u00e9dico.<\/li>\n<\/ol>\n","protected":false},"excerpt":{"rendered":"<p>Composici\u00f3n de Vaidyaratnam Kalyanakam Ghrutham: Kalka-Hareethaki Vibheethaki Amalaki Indravaruni Ella Devadaru Elavaluka Sariba Krishnasariva Haridra Daruharidra Salaparni Presnaparni Priyangu Tagara Bruhati Kushta Manjishta Nagakesara Dadima Vidanga Talesapatra Ella Jati Ulpala Danti Padmaka Chandana Beneficios de Vaidyaratnam Kalyanakam Ghrutham: Man\u00eda Epilepsia Anemia Toxemia Trastornos menstruales Dosis de Vaidyaratnam Kalyanakam Ghrutham: 10 g a primera hora de [&hellip;]<\/p>\n","protected":false},"featured_media":6256,"comment_status":"open","ping_status":"closed","template":"","meta":[],"product_brand":[],"product_cat":[200,195,247],"product_tag":[],"class_list":{"0":"post-6254","1":"product","2":"type-product","3":"status-publish","4":"has-post-thumbnail","6":"product_cat-marca","7":"product_cat-productos-ayurvedicos","8":"product_cat-vaidyaratnam","10":"first","11":"instock","12":"shipping-taxable","13":"purchasable","14":"product-type-simple"},"_links":{"self":[{"href":"https:\/\/neelayurvedics.es\/index.php?rest_route=\/wp\/v2\/product\/6254","targetHints":{"allow":["GET"]}}],"collection":[{"href":"https:\/\/neelayurvedics.es\/index.php?rest_route=\/wp\/v2\/product"}],"about":[{"href":"https:\/\/neelayurvedics.es\/index.php?rest_route=\/wp\/v2\/types\/product"}],"replies":[{"embeddable":true,"href":"https:\/\/neelayurvedics.es\/index.php?rest_route=%2Fwp%2Fv2%2Fcomments&post=6254"}],"wp:featuredmedia":[{"embeddable":true,"href":"https:\/\/neelayurvedics.es\/index.php?rest_route=\/wp\/v2\/media\/6256"}],"wp:attachment":[{"href":"https:\/\/neelayurvedics.es\/index.php?rest_route=%2Fwp%2Fv2%2Fmedia&parent=6254"}],"wp:term":[{"taxonomy":"product_brand","embeddable":true,"href":"https:\/\/neelayurvedics.es\/index.php?rest_route=%2Fwp%2Fv2%2Fproduct_brand&post=6254"},{"taxonomy":"product_cat","embeddable":true,"href":"https:\/\/neelayurvedics.es\/index.php?rest_route=%2Fwp%2Fv2%2Fproduct_cat&post=6254"},{"taxonomy":"product_tag","embeddable":true,"href":"https:\/\/neelayurvedics.es\/index.php?rest_route=%2Fwp%2Fv2%2Fproduct_tag&post=6254"}],"curies":[{"name":"wp","href":"https:\/\/api.w.org\/{rel}","templated":true}]}}