{"id":6257,"date":"2024-12-25T07:32:31","date_gmt":"2024-12-25T07:32:31","guid":{"rendered":"https:\/\/neelayurvedics.es\/?post_type=product&#038;p=6257"},"modified":"2025-04-10T05:37:37","modified_gmt":"2025-04-10T05:37:37","slug":"vaidyaratnam-kanakasavam-450-ml","status":"publish","type":"product","link":"https:\/\/neelayurvedics.es\/?product=vaidyaratnam-kanakasavam-450-ml","title":{"rendered":"Vaidyaratnam Kanakasavam \u2013 450 ML"},"content":{"rendered":"<h3>Composici\u00f3n de Vaidyaratnam Kanakasavam:<\/h3>\n<ul>\n<li>Datura<\/li>\n<li>Vaso<\/li>\n<li>Yashtimadhu<\/li>\n<li>Pippali<\/li>\n<li>Kandakari<\/li>\n<li>Nagakesara<\/li>\n<li>Shunti<\/li>\n<li>Bharagi<\/li>\n<li>Patra<\/li>\n<li>Draksha<\/li>\n<li>Dhataki<\/li>\n<li>Madhu<\/li>\n<li>guada<\/li>\n<\/ul>\n<h3>Beneficios de Vaidyaratnam Kanakasavam:<\/h3>\n<ol>\n<li>Tos, asma, bronquitis y debilidad general.<\/li>\n<\/ol>\n<h3>Dosis de Vaidyaratnam Kanakasavam:<\/h3>\n<ol>\n<li>5 ml, cinco o seis veces al d\u00eda, o seg\u00fan prescripci\u00f3n m\u00e9dica.<\/li>\n<\/ol>\n","protected":false},"excerpt":{"rendered":"<ul>\n<li>Vaidyaratnam Kankasavam tiene beneficios en enfermedades respiratorias.<\/li>\n<li>Alivia las dificultades respiratorias y la congesti\u00f3n del pecho.<\/li>\n<li>Proporciona alivio del hipo, la rinitis y el sangrado nasal.<\/li>\n<li>Vaidyaratnam Kankasavam es eficaz en el tratamiento de lesiones pulmonares y tuberculosis.<\/li>\n<li>Eficaz para bronquitis, tos, asma y enfermedades cr\u00f3nicas.<\/li>\n<\/ul>\n","protected":false},"featured_media":6259,"comment_status":"open","ping_status":"closed","template":"","meta":[],"product_brand":[],"product_cat":[200,195,247],"product_tag":[],"class_list":{"0":"post-6257","1":"product","2":"type-product","3":"status-publish","4":"has-post-thumbnail","6":"product_cat-marca","7":"product_cat-productos-ayurvedicos","8":"product_cat-vaidyaratnam","10":"first","11":"instock","12":"shipping-taxable","13":"purchasable","14":"product-type-simple"},"_links":{"self":[{"href":"https:\/\/neelayurvedics.es\/index.php?rest_route=\/wp\/v2\/product\/6257","targetHints":{"allow":["GET"]}}],"collection":[{"href":"https:\/\/neelayurvedics.es\/index.php?rest_route=\/wp\/v2\/product"}],"about":[{"href":"https:\/\/neelayurvedics.es\/index.php?rest_route=\/wp\/v2\/types\/product"}],"replies":[{"embeddable":true,"href":"https:\/\/neelayurvedics.es\/index.php?rest_route=%2Fwp%2Fv2%2Fcomments&post=6257"}],"wp:featuredmedia":[{"embeddable":true,"href":"https:\/\/neelayurvedics.es\/index.php?rest_route=\/wp\/v2\/media\/6259"}],"wp:attachment":[{"href":"https:\/\/neelayurvedics.es\/index.php?rest_route=%2Fwp%2Fv2%2Fmedia&parent=6257"}],"wp:term":[{"taxonomy":"product_brand","embeddable":true,"href":"https:\/\/neelayurvedics.es\/index.php?rest_route=%2Fwp%2Fv2%2Fproduct_brand&post=6257"},{"taxonomy":"product_cat","embeddable":true,"href":"https:\/\/neelayurvedics.es\/index.php?rest_route=%2Fwp%2Fv2%2Fproduct_cat&post=6257"},{"taxonomy":"product_tag","embeddable":true,"href":"https:\/\/neelayurvedics.es\/index.php?rest_route=%2Fwp%2Fv2%2Fproduct_tag&post=6257"}],"curies":[{"name":"wp","href":"https:\/\/api.w.org\/{rel}","templated":true}]}}