{"id":6271,"date":"2024-12-25T08:25:31","date_gmt":"2024-12-25T08:25:31","guid":{"rendered":"https:\/\/neelayurvedics.es\/?post_type=product&#038;p=6271"},"modified":"2025-04-10T05:27:54","modified_gmt":"2025-04-10T05:27:54","slug":"vaidyaratnam-karpoora-thailam-450-ml","status":"publish","type":"product","link":"https:\/\/neelayurvedics.es\/?product=vaidyaratnam-karpoora-thailam-450-ml","title":{"rendered":"Vaidyaratnam Karpoora Thailam \u2013 450 ML"},"content":{"rendered":"<h3><span>Composici\u00f3n de Vaidyaratnam Karpoora Thailam:<\/span><\/h3>\n<ul>\n<li><span>Alcanfor<\/span><\/li>\n<li><span>Aceite de s\u00e9samo<\/span><\/li>\n<\/ul>\n<h3><span>Usos de Vaidyaratnam Karpoora Thailam:<\/span><\/h3>\n<ol>\n<li><span>Vaidyaratnam Karpoora Thailam ayuda a aliviar el dolor y los calambres en el cuerpo.<\/span><\/li>\n<li><span>Trata calambres corporales, reumatismo muscular, entumecimiento, dolor en las articulaciones y rigidez muscular.<\/span><\/li>\n<li><span>Ayuda a aliviar la hinchaz\u00f3n.<\/span><\/li>\n<li><span>Alivia el dolor de cuello, la artritis y los hombros congelados.<\/span><\/li>\n<\/ol>\n","protected":false},"excerpt":{"rendered":"<ul>\n<li><span>Vaidyaratnam Karpoora Thailam reduce la hinchaz\u00f3n y alivia el dolor y la inflamaci\u00f3n en las articulaciones.<\/span><\/li>\n<li><span>Karpoora Thailam es un aceite de hierbas ayurv\u00e9dicas preparado con aceite de s\u00e9samo o de coco. Se utiliza para tratar dolores musculares, molestias reum\u00e1ticas y calambres musculares.<\/span><\/li>\n<\/ul>\n","protected":false},"featured_media":6269,"comment_status":"open","ping_status":"closed","template":"","meta":[],"product_brand":[],"product_cat":[200,195,247],"product_tag":[],"class_list":{"0":"post-6271","1":"product","2":"type-product","3":"status-publish","4":"has-post-thumbnail","6":"product_cat-marca","7":"product_cat-productos-ayurvedicos","8":"product_cat-vaidyaratnam","10":"first","11":"instock","12":"shipping-taxable","13":"purchasable","14":"product-type-simple"},"_links":{"self":[{"href":"https:\/\/neelayurvedics.es\/index.php?rest_route=\/wp\/v2\/product\/6271","targetHints":{"allow":["GET"]}}],"collection":[{"href":"https:\/\/neelayurvedics.es\/index.php?rest_route=\/wp\/v2\/product"}],"about":[{"href":"https:\/\/neelayurvedics.es\/index.php?rest_route=\/wp\/v2\/types\/product"}],"replies":[{"embeddable":true,"href":"https:\/\/neelayurvedics.es\/index.php?rest_route=%2Fwp%2Fv2%2Fcomments&post=6271"}],"wp:featuredmedia":[{"embeddable":true,"href":"https:\/\/neelayurvedics.es\/index.php?rest_route=\/wp\/v2\/media\/6269"}],"wp:attachment":[{"href":"https:\/\/neelayurvedics.es\/index.php?rest_route=%2Fwp%2Fv2%2Fmedia&parent=6271"}],"wp:term":[{"taxonomy":"product_brand","embeddable":true,"href":"https:\/\/neelayurvedics.es\/index.php?rest_route=%2Fwp%2Fv2%2Fproduct_brand&post=6271"},{"taxonomy":"product_cat","embeddable":true,"href":"https:\/\/neelayurvedics.es\/index.php?rest_route=%2Fwp%2Fv2%2Fproduct_cat&post=6271"},{"taxonomy":"product_tag","embeddable":true,"href":"https:\/\/neelayurvedics.es\/index.php?rest_route=%2Fwp%2Fv2%2Fproduct_tag&post=6271"}],"curies":[{"name":"wp","href":"https:\/\/api.w.org\/{rel}","templated":true}]}}