{"id":6282,"date":"2024-12-25T10:51:51","date_gmt":"2024-12-25T10:51:51","guid":{"rendered":"https:\/\/neelayurvedics.es\/?post_type=product&#038;p=6282"},"modified":"2025-04-10T05:21:13","modified_gmt":"2025-04-10T05:21:13","slug":"vaidyaratnam-kesaranjini-thailam-200ml","status":"publish","type":"product","link":"https:\/\/neelayurvedics.es\/?product=vaidyaratnam-kesaranjini-thailam-200ml","title":{"rendered":"Vaidyaratnam Kesaranjini Thailam \u2013 200 ML"},"content":{"rendered":"<h3>Composici\u00f3n de Vaidyaratnam Kesaranjini Thailam:<\/h3>\n<ul>\n<li>Bhringaraj<\/li>\n<li>Amalaki<\/li>\n<li>Yashtimadhu<\/li>\n<li>Gunja<\/li>\n<li>Vidanga<\/li>\n<li>Jap\u00f3n<\/li>\n<li>Tila Taila<\/li>\n<li>Ksheera<\/li>\n<li>Karpoora<\/li>\n<\/ul>\n<h3>Beneficios de Vaidyaratnam Kesaranjini Thailam:<\/h3>\n<ol>\n<li>Aceite capilar 100% natural sin qu\u00edmicos que da\u00f1en el cabello y con efectos potentes.<\/li>\n<li>Muy \u00fatil en caso de encanecimiento prematuro del cabello, picaz\u00f3n del cuero cabelludo y caspa.<\/li>\n<li>Fortalece el cabello desde la ra\u00edz y es un remedio natural contra la ca\u00edda y p\u00e9rdida del cabello.<\/li>\n<li>A\u00f1ade brillo y lustre a tu cabello y es muy \u00fatil para personas con cabello fino.<\/li>\n<li>Tambi\u00e9n controla las puntas abiertas.<\/li>\n<\/ol>\n<h3>Usos de Vaidyaratnam Kesaranjini Thailam:<\/h3>\n<ul>\n<li>Aplicar la cantidad necesaria sobre el cabello y el cuero cabelludo y masajear suavemente.<\/li>\n<li>D\u00e9jalo actuar durante la noche y luego enjuaga con champ\u00fa por la ma\u00f1ana.<\/li>\n<\/ul>\n","protected":false},"excerpt":{"rendered":"<ul>\n<li>Vaidyaratnam Kesaranjini Thailam es un aceite capilar natural elaborado con ingredientes que se han utilizado durante siglos para nutrir el cabello. Es extremadamente eficaz para tratar el encanecimiento prematuro y la ca\u00edda del cabello.<\/li>\n<li>Alivia el picor del cuero cabelludo y reduce eficazmente la caspa. Contiene ingredientes naturales y no contiene productos qu\u00edmicos agresivos, lo que garantiza un cuidado del cabello seguro y eficaz.<\/li>\n<\/ul>\n","protected":false},"featured_media":6283,"comment_status":"open","ping_status":"closed","template":"","meta":[],"product_brand":[],"product_cat":[200,195,247],"product_tag":[],"class_list":{"0":"post-6282","1":"product","2":"type-product","3":"status-publish","4":"has-post-thumbnail","6":"product_cat-marca","7":"product_cat-productos-ayurvedicos","8":"product_cat-vaidyaratnam","10":"first","11":"instock","12":"shipping-taxable","13":"purchasable","14":"product-type-simple"},"_links":{"self":[{"href":"https:\/\/neelayurvedics.es\/index.php?rest_route=\/wp\/v2\/product\/6282","targetHints":{"allow":["GET"]}}],"collection":[{"href":"https:\/\/neelayurvedics.es\/index.php?rest_route=\/wp\/v2\/product"}],"about":[{"href":"https:\/\/neelayurvedics.es\/index.php?rest_route=\/wp\/v2\/types\/product"}],"replies":[{"embeddable":true,"href":"https:\/\/neelayurvedics.es\/index.php?rest_route=%2Fwp%2Fv2%2Fcomments&post=6282"}],"wp:featuredmedia":[{"embeddable":true,"href":"https:\/\/neelayurvedics.es\/index.php?rest_route=\/wp\/v2\/media\/6283"}],"wp:attachment":[{"href":"https:\/\/neelayurvedics.es\/index.php?rest_route=%2Fwp%2Fv2%2Fmedia&parent=6282"}],"wp:term":[{"taxonomy":"product_brand","embeddable":true,"href":"https:\/\/neelayurvedics.es\/index.php?rest_route=%2Fwp%2Fv2%2Fproduct_brand&post=6282"},{"taxonomy":"product_cat","embeddable":true,"href":"https:\/\/neelayurvedics.es\/index.php?rest_route=%2Fwp%2Fv2%2Fproduct_cat&post=6282"},{"taxonomy":"product_tag","embeddable":true,"href":"https:\/\/neelayurvedics.es\/index.php?rest_route=%2Fwp%2Fv2%2Fproduct_tag&post=6282"}],"curies":[{"name":"wp","href":"https:\/\/api.w.org\/{rel}","templated":true}]}}