{"id":6292,"date":"2024-12-25T11:16:37","date_gmt":"2024-12-25T11:16:37","guid":{"rendered":"https:\/\/neelayurvedics.es\/?post_type=product&#038;p=6292"},"modified":"2025-04-10T05:06:51","modified_gmt":"2025-04-10T05:06:51","slug":"vaidyaratnam-kolakulathadi-choornam-100-gm","status":"publish","type":"product","link":"https:\/\/neelayurvedics.es\/?product=vaidyaratnam-kolakulathadi-choornam-100-gm","title":{"rendered":"Vaidyaratnam Kolakulathadi Choornam \u2013 100 Gm"},"content":{"rendered":"<h3><span>Composici\u00f3n de Vaidyaratnam Kolakulathadi Choornam:<\/span><\/h3>\n<ul>\n<li><span>Kola<\/span><\/li>\n<li><span>Kulattha<\/span><\/li>\n<li><span>Suradaru<\/span><\/li>\n<li><span>Devadaru<\/span><\/li>\n<li><span>Rasna<\/span><\/li>\n<li><span>Masha<\/span><\/li>\n<li><span>Atasi<\/span><\/li>\n<li><span>Kushta<\/span><\/li>\n<li><span>Vacha<\/span><\/li>\n<li><span>Shatahva<\/span><\/li>\n<li><span>Yava<\/span><\/li>\n<li><span>Cola de rata<\/span><\/li>\n<\/ul>\n<h3><span>Beneficios de Vaidyaratnam Kolakulathadi Choornam:<\/span><\/h3>\n<ul>\n<li><span>Vaidyaratnam Kolakulathadi Choornam se utiliza para el equilibrio Vata<\/span><\/li>\n<li><span>Tambi\u00e9n alivia el dolor y la inflamaci\u00f3n en casos de par\u00e1lisis, par\u00e1lisis facial, artritis reumatoide, dolores articulares, dolores de espalda, dolores de hombros, ci\u00e1tica, lumbago, esguinces e inflamaciones musculares, etc.<\/span><\/li>\n<\/ul>\n<h3><span>Dosis de Vaidyaratnam Kolakulathadi Choornam:<\/span><\/h3>\n<ul>\n<li><span>Seg\u00fan consejo del m\u00e9dico<\/span><\/li>\n<\/ul>\n","protected":false},"excerpt":{"rendered":"<ul>\n<li><span>Vaidyaratnam Kolakulathadi Choornam tiene como objetivo reducir el dolor y la inflamaci\u00f3n, especialmente en las articulaciones y los m\u00fasculos.<\/span><\/li>\n<\/ul>\n","protected":false},"featured_media":6294,"comment_status":"open","ping_status":"closed","template":"","meta":[],"product_brand":[],"product_cat":[200,195,247],"product_tag":[],"class_list":{"0":"post-6292","1":"product","2":"type-product","3":"status-publish","4":"has-post-thumbnail","6":"product_cat-marca","7":"product_cat-productos-ayurvedicos","8":"product_cat-vaidyaratnam","10":"first","11":"instock","12":"shipping-taxable","13":"purchasable","14":"product-type-simple"},"_links":{"self":[{"href":"https:\/\/neelayurvedics.es\/index.php?rest_route=\/wp\/v2\/product\/6292","targetHints":{"allow":["GET"]}}],"collection":[{"href":"https:\/\/neelayurvedics.es\/index.php?rest_route=\/wp\/v2\/product"}],"about":[{"href":"https:\/\/neelayurvedics.es\/index.php?rest_route=\/wp\/v2\/types\/product"}],"replies":[{"embeddable":true,"href":"https:\/\/neelayurvedics.es\/index.php?rest_route=%2Fwp%2Fv2%2Fcomments&post=6292"}],"wp:featuredmedia":[{"embeddable":true,"href":"https:\/\/neelayurvedics.es\/index.php?rest_route=\/wp\/v2\/media\/6294"}],"wp:attachment":[{"href":"https:\/\/neelayurvedics.es\/index.php?rest_route=%2Fwp%2Fv2%2Fmedia&parent=6292"}],"wp:term":[{"taxonomy":"product_brand","embeddable":true,"href":"https:\/\/neelayurvedics.es\/index.php?rest_route=%2Fwp%2Fv2%2Fproduct_brand&post=6292"},{"taxonomy":"product_cat","embeddable":true,"href":"https:\/\/neelayurvedics.es\/index.php?rest_route=%2Fwp%2Fv2%2Fproduct_cat&post=6292"},{"taxonomy":"product_tag","embeddable":true,"href":"https:\/\/neelayurvedics.es\/index.php?rest_route=%2Fwp%2Fv2%2Fproduct_tag&post=6292"}],"curies":[{"name":"wp","href":"https:\/\/api.w.org\/{rel}","templated":true}]}}