{"id":6312,"date":"2024-12-25T12:21:09","date_gmt":"2024-12-25T12:21:09","guid":{"rendered":"https:\/\/neelayurvedics.es\/?post_type=product&#038;p=6312"},"modified":"2025-04-09T12:26:55","modified_gmt":"2025-04-09T12:26:55","slug":"vaidyaratnam-ksheerabala-thailam-200ml","status":"publish","type":"product","link":"https:\/\/neelayurvedics.es\/?product=vaidyaratnam-ksheerabala-thailam-200ml","title":{"rendered":"Vaidyaratnam Ksheerabala Thailam \u2013 200 ML"},"content":{"rendered":"<p>Modo de empleo:<\/p>\n<ul>\n<li>2 c\u00e1psulas 2 veces al d\u00eda antes de la comida con agua caliente o seg\u00fan indicaci\u00f3n m\u00e9dica.<\/li>\n<\/ul>\n","protected":false},"excerpt":{"rendered":"<p>Modo de empleo: 2 c\u00e1psulas 2 veces al d\u00eda antes de la comida con agua caliente o seg\u00fan indicaci\u00f3n m\u00e9dica.<\/p>\n","protected":false},"featured_media":6314,"comment_status":"open","ping_status":"closed","template":"","meta":[],"product_brand":[],"product_cat":[200,195,247],"product_tag":[],"class_list":{"0":"post-6312","1":"product","2":"type-product","3":"status-publish","4":"has-post-thumbnail","6":"product_cat-marca","7":"product_cat-productos-ayurvedicos","8":"product_cat-vaidyaratnam","10":"first","11":"instock","12":"shipping-taxable","13":"purchasable","14":"product-type-simple"},"_links":{"self":[{"href":"https:\/\/neelayurvedics.es\/index.php?rest_route=\/wp\/v2\/product\/6312","targetHints":{"allow":["GET"]}}],"collection":[{"href":"https:\/\/neelayurvedics.es\/index.php?rest_route=\/wp\/v2\/product"}],"about":[{"href":"https:\/\/neelayurvedics.es\/index.php?rest_route=\/wp\/v2\/types\/product"}],"replies":[{"embeddable":true,"href":"https:\/\/neelayurvedics.es\/index.php?rest_route=%2Fwp%2Fv2%2Fcomments&post=6312"}],"wp:featuredmedia":[{"embeddable":true,"href":"https:\/\/neelayurvedics.es\/index.php?rest_route=\/wp\/v2\/media\/6314"}],"wp:attachment":[{"href":"https:\/\/neelayurvedics.es\/index.php?rest_route=%2Fwp%2Fv2%2Fmedia&parent=6312"}],"wp:term":[{"taxonomy":"product_brand","embeddable":true,"href":"https:\/\/neelayurvedics.es\/index.php?rest_route=%2Fwp%2Fv2%2Fproduct_brand&post=6312"},{"taxonomy":"product_cat","embeddable":true,"href":"https:\/\/neelayurvedics.es\/index.php?rest_route=%2Fwp%2Fv2%2Fproduct_cat&post=6312"},{"taxonomy":"product_tag","embeddable":true,"href":"https:\/\/neelayurvedics.es\/index.php?rest_route=%2Fwp%2Fv2%2Fproduct_tag&post=6312"}],"curies":[{"name":"wp","href":"https:\/\/api.w.org\/{rel}","templated":true}]}}