{"id":6319,"date":"2024-12-26T05:15:38","date_gmt":"2024-12-26T05:15:38","guid":{"rendered":"https:\/\/neelayurvedics.es\/?post_type=product&#038;p=6319"},"modified":"2025-04-09T12:25:54","modified_gmt":"2025-04-09T12:25:54","slug":"vaidyaratnam-kumaryasavam-450-ml","status":"publish","type":"product","link":"https:\/\/neelayurvedics.es\/?product=vaidyaratnam-kumaryasavam-450-ml","title":{"rendered":"Vaidyaratnam Kumaryasavam \u2013 450 ML"},"content":{"rendered":"<h3><span>Composici\u00f3n de Vaidyaratnam Kumaryasavam:<\/span><\/h3>\n<ul>\n<li><span>Kumari<\/span><\/li>\n<li><span>Loha bhasma<\/span><\/li>\n<li><span>Trikatu<\/span><\/li>\n<li><span>Lavangam<\/span><\/li>\n<li><span>Chaturjatha<\/span><\/li>\n<li><span>Chitraka<\/span><\/li>\n<li><span>Pippalimoola<\/span><\/li>\n<li><span>Vidanga<\/span><\/li>\n<li><span>Gajapippali<\/span><\/li>\n<li><span>Chavia<\/span><\/li>\n<li><span>Hapusha<\/span><\/li>\n<li><span>Dhanyakam<\/span><\/li>\n<li><span>Puga<\/span><\/li>\n<li><span>Katuka<\/span><\/li>\n<li><span>Musta<\/span><\/li>\n<li><span>Triphala<\/span><\/li>\n<li><span>Rasna<\/span><\/li>\n<li><span>Devadaru<\/span><\/li>\n<li><span>Haridra<\/span><\/li>\n<li><span>Daruharidra<\/span><\/li>\n<li><span>Murva<\/span><\/li>\n<li><span>Draksha<\/span><\/li>\n<li><span>Danti<\/span><\/li>\n<li><span>Pushkaramoola<\/span><\/li>\n<li><span>Bala<\/span><\/li>\n<li><span>Atibala<\/span><\/li>\n<li><span>Kapikachu<\/span><\/li>\n<li><span>Gokshura<\/span><\/li>\n<li><span>Satapushpa<\/span><\/li>\n<li><span>Hingu<\/span><\/li>\n<li><span>Agragrahi<\/span><\/li>\n<li><span>Utingana<\/span><\/li>\n<li><span>Punarnava<\/span><\/li>\n<li><span>Sweta punarnava<\/span><\/li>\n<li><span>Lodhra<\/span><\/li>\n<li><span>Dhathumakshika<\/span><\/li>\n<li><span>Dhataki<\/span><\/li>\n<li><span>Madhu<\/span><\/li>\n<li><span>guada<\/span><\/li>\n<\/ul>\n<h3><span>Beneficios de Vaidyaratnam Kumaryasavam:<\/span><\/h3>\n<ol>\n<li><span>La diabetes, los c\u00e1lculos y el dolor de est\u00f3mago aumentan la potencia y la resistencia.<\/span><\/li>\n<\/ol>\n<h3><span>Dosis de Vaidyaratnam Kumaryasavam:<\/span><\/h3>\n<ol>\n<li><span>15 a 30 ml dos veces al d\u00eda, despu\u00e9s de las comidas o seg\u00fan lo prescriba un m\u00e9dico.<\/span><\/li>\n<\/ol>\n","protected":false},"excerpt":{"rendered":"<p>Composici\u00f3n de Vaidyaratnam Kumaryasavam: Kumari Loha bhasma Trikatu Lavangam Chaturjatha Chitraka Pippalimoola Vidanga Gajapippali Chavia Hapusha Dhanyakam Puga Katuka Musta Triphala Rasna Devadaru Haridra Daruharidra Murva Draksha Danti Pushkaramoola Bala Atibala Kapikachu Gokshura Satapushpa Hingu Agragrahi Utingana Punarnava Sweta punarnava Lodhra Dhathumakshika Dhataki Madhu guada Beneficios de Vaidyaratnam Kumaryasavam: La diabetes, los c\u00e1lculos y el [&hellip;]<\/p>\n","protected":false},"featured_media":6321,"comment_status":"open","ping_status":"closed","template":"","meta":[],"product_brand":[],"product_cat":[200,195,247],"product_tag":[],"class_list":{"0":"post-6319","1":"product","2":"type-product","3":"status-publish","4":"has-post-thumbnail","6":"product_cat-marca","7":"product_cat-productos-ayurvedicos","8":"product_cat-vaidyaratnam","10":"first","11":"instock","12":"shipping-taxable","13":"purchasable","14":"product-type-simple"},"_links":{"self":[{"href":"https:\/\/neelayurvedics.es\/index.php?rest_route=\/wp\/v2\/product\/6319","targetHints":{"allow":["GET"]}}],"collection":[{"href":"https:\/\/neelayurvedics.es\/index.php?rest_route=\/wp\/v2\/product"}],"about":[{"href":"https:\/\/neelayurvedics.es\/index.php?rest_route=\/wp\/v2\/types\/product"}],"replies":[{"embeddable":true,"href":"https:\/\/neelayurvedics.es\/index.php?rest_route=%2Fwp%2Fv2%2Fcomments&post=6319"}],"wp:featuredmedia":[{"embeddable":true,"href":"https:\/\/neelayurvedics.es\/index.php?rest_route=\/wp\/v2\/media\/6321"}],"wp:attachment":[{"href":"https:\/\/neelayurvedics.es\/index.php?rest_route=%2Fwp%2Fv2%2Fmedia&parent=6319"}],"wp:term":[{"taxonomy":"product_brand","embeddable":true,"href":"https:\/\/neelayurvedics.es\/index.php?rest_route=%2Fwp%2Fv2%2Fproduct_brand&post=6319"},{"taxonomy":"product_cat","embeddable":true,"href":"https:\/\/neelayurvedics.es\/index.php?rest_route=%2Fwp%2Fv2%2Fproduct_cat&post=6319"},{"taxonomy":"product_tag","embeddable":true,"href":"https:\/\/neelayurvedics.es\/index.php?rest_route=%2Fwp%2Fv2%2Fproduct_tag&post=6319"}],"curies":[{"name":"wp","href":"https:\/\/api.w.org\/{rel}","templated":true}]}}