{"id":6324,"date":"2024-12-26T05:30:30","date_gmt":"2024-12-26T05:30:30","guid":{"rendered":"https:\/\/neelayurvedics.es\/?post_type=product&#038;p=6324"},"modified":"2025-04-09T12:18:04","modified_gmt":"2025-04-09T12:18:04","slug":"vaidyaratnam-kutajarishtam-450ml","status":"publish","type":"product","link":"https:\/\/neelayurvedics.es\/?product=vaidyaratnam-kutajarishtam-450ml","title":{"rendered":"Vaidyaratnam Kutajarishtam \u2013 450 ML"},"content":{"rendered":"<h3>Composici\u00f3n de Vaidyaratnam Kutajarishtam (Voa):<\/h3>\n<ul>\n<li>Kutaja<\/li>\n<\/ul>\n<h3>Beneficios de Vaidyaratnam Kutajarishtam (Voa):<\/h3>\n<ul>\n<li>Vaidyaratnam Kutajarishtam (Voa) es un producto ayurv\u00e9dico que ayuda con el estre\u00f1imiento.<\/li>\n<li>Promueve la salud digestiva y aborda problemas estomacales como hemorroides, estre\u00f1imiento y par\u00e1sitos intestinales.<\/li>\n<li>Se utiliza principalmente para tratar la diarrea y afecciones asociadas.<\/li>\n<\/ul>\n<h3>Dosis de Vaidyaratnam Kutajarishtam (Voa):<\/h3>\n<ul>\n<li>Seg\u00fan lo indicado por el Doctor<\/li>\n<\/ul>\n","protected":false},"excerpt":{"rendered":"<ul>\n<li>Vaidyaratnam Kutajarishtam es eficaz contra el estre\u00f1imiento.<\/li>\n<li>Favorece la salud del sistema digestivo y del tracto abdominal.<\/li>\n<li>Tambi\u00e9n ayuda con problemas estomacales como hemorroides, espr\u00faes y par\u00e1sitos intestinales.<\/li>\n<li>Promueve la salud intestinal general y el bienestar corporal.<\/li>\n<\/ul>\n","protected":false},"featured_media":6326,"comment_status":"open","ping_status":"closed","template":"","meta":[],"product_brand":[],"product_cat":[200,195,247],"product_tag":[],"class_list":{"0":"post-6324","1":"product","2":"type-product","3":"status-publish","4":"has-post-thumbnail","6":"product_cat-marca","7":"product_cat-productos-ayurvedicos","8":"product_cat-vaidyaratnam","10":"first","11":"instock","12":"shipping-taxable","13":"purchasable","14":"product-type-simple"},"_links":{"self":[{"href":"https:\/\/neelayurvedics.es\/index.php?rest_route=\/wp\/v2\/product\/6324","targetHints":{"allow":["GET"]}}],"collection":[{"href":"https:\/\/neelayurvedics.es\/index.php?rest_route=\/wp\/v2\/product"}],"about":[{"href":"https:\/\/neelayurvedics.es\/index.php?rest_route=\/wp\/v2\/types\/product"}],"replies":[{"embeddable":true,"href":"https:\/\/neelayurvedics.es\/index.php?rest_route=%2Fwp%2Fv2%2Fcomments&post=6324"}],"wp:featuredmedia":[{"embeddable":true,"href":"https:\/\/neelayurvedics.es\/index.php?rest_route=\/wp\/v2\/media\/6326"}],"wp:attachment":[{"href":"https:\/\/neelayurvedics.es\/index.php?rest_route=%2Fwp%2Fv2%2Fmedia&parent=6324"}],"wp:term":[{"taxonomy":"product_brand","embeddable":true,"href":"https:\/\/neelayurvedics.es\/index.php?rest_route=%2Fwp%2Fv2%2Fproduct_brand&post=6324"},{"taxonomy":"product_cat","embeddable":true,"href":"https:\/\/neelayurvedics.es\/index.php?rest_route=%2Fwp%2Fv2%2Fproduct_cat&post=6324"},{"taxonomy":"product_tag","embeddable":true,"href":"https:\/\/neelayurvedics.es\/index.php?rest_route=%2Fwp%2Fv2%2Fproduct_tag&post=6324"}],"curies":[{"name":"wp","href":"https:\/\/api.w.org\/{rel}","templated":true}]}}