{"id":6348,"date":"2024-12-26T06:12:38","date_gmt":"2024-12-26T06:12:38","guid":{"rendered":"https:\/\/neelayurvedics.es\/?post_type=product&#038;p=6348"},"modified":"2025-04-09T07:02:51","modified_gmt":"2025-04-09T07:02:51","slug":"vaidyaratnam-madhookasavam-450-ml","status":"publish","type":"product","link":"https:\/\/neelayurvedics.es\/?product=vaidyaratnam-madhookasavam-450-ml","title":{"rendered":"Vaidyaratnam Madhookasavam \u2013 450 ML"},"content":{"rendered":"<h3>Composici\u00f3n de Vaidyaratnam Madhookasavam:<\/h3>\n<ul>\n<li>Madhooka<\/li>\n<li>Vidanga<\/li>\n<li>Chitraka<\/li>\n<li>Bhallathaka<\/li>\n<li>Manjishta<\/li>\n<li>Ella<\/li>\n<li>Kamalam<\/li>\n<li>Agar\u00fa<\/li>\n<li>Chandana<\/li>\n<li>Madhu<\/li>\n<\/ul>\n<h3>Beneficios de Vaidyaratnam Madhookasavam:<\/h3>\n<ol>\n<li>Bebedero<\/li>\n<li>Hemoptisis<\/li>\n<li>Tisis<\/li>\n<li>Anorexia<\/li>\n<\/ol>\n<h3>Dosis de Vaidyaratnam Madhookasavam:<\/h3>\n<ol>\n<li>15 a 30 ml dos veces al d\u00eda, despu\u00e9s de las comidas o seg\u00fan lo prescriba un m\u00e9dico.<\/li>\n<\/ol>\n","protected":false},"excerpt":{"rendered":"<p>Composici\u00f3n de Vaidyaratnam Madhookasavam: Madhooka Vidanga Chitraka Bhallathaka Manjishta Ella Kamalam Agar\u00fa Chandana Madhu Beneficios de Vaidyaratnam Madhookasavam: Bebedero Hemoptisis Tisis Anorexia Dosis de Vaidyaratnam Madhookasavam: 15 a 30 ml dos veces al d\u00eda, despu\u00e9s de las comidas o seg\u00fan lo prescriba un m\u00e9dico.<\/p>\n","protected":false},"featured_media":6350,"comment_status":"open","ping_status":"closed","template":"","meta":[],"product_brand":[],"product_cat":[200,195,247],"product_tag":[],"class_list":{"0":"post-6348","1":"product","2":"type-product","3":"status-publish","4":"has-post-thumbnail","6":"product_cat-marca","7":"product_cat-productos-ayurvedicos","8":"product_cat-vaidyaratnam","10":"first","11":"instock","12":"shipping-taxable","13":"purchasable","14":"product-type-simple"},"_links":{"self":[{"href":"https:\/\/neelayurvedics.es\/index.php?rest_route=\/wp\/v2\/product\/6348","targetHints":{"allow":["GET"]}}],"collection":[{"href":"https:\/\/neelayurvedics.es\/index.php?rest_route=\/wp\/v2\/product"}],"about":[{"href":"https:\/\/neelayurvedics.es\/index.php?rest_route=\/wp\/v2\/types\/product"}],"replies":[{"embeddable":true,"href":"https:\/\/neelayurvedics.es\/index.php?rest_route=%2Fwp%2Fv2%2Fcomments&post=6348"}],"wp:featuredmedia":[{"embeddable":true,"href":"https:\/\/neelayurvedics.es\/index.php?rest_route=\/wp\/v2\/media\/6350"}],"wp:attachment":[{"href":"https:\/\/neelayurvedics.es\/index.php?rest_route=%2Fwp%2Fv2%2Fmedia&parent=6348"}],"wp:term":[{"taxonomy":"product_brand","embeddable":true,"href":"https:\/\/neelayurvedics.es\/index.php?rest_route=%2Fwp%2Fv2%2Fproduct_brand&post=6348"},{"taxonomy":"product_cat","embeddable":true,"href":"https:\/\/neelayurvedics.es\/index.php?rest_route=%2Fwp%2Fv2%2Fproduct_cat&post=6348"},{"taxonomy":"product_tag","embeddable":true,"href":"https:\/\/neelayurvedics.es\/index.php?rest_route=%2Fwp%2Fv2%2Fproduct_tag&post=6348"}],"curies":[{"name":"wp","href":"https:\/\/api.w.org\/{rel}","templated":true}]}}