{"id":6362,"date":"2024-12-26T06:27:27","date_gmt":"2024-12-26T06:27:27","guid":{"rendered":"https:\/\/neelayurvedics.es\/?post_type=product&#038;p=6362"},"modified":"2025-04-09T07:00:08","modified_gmt":"2025-04-09T07:00:08","slug":"vaidyaratnam-mahakalyanakam-ghrutham-150-gm","status":"publish","type":"product","link":"https:\/\/neelayurvedics.es\/?product=vaidyaratnam-mahakalyanakam-ghrutham-150-gm","title":{"rendered":"Vaidyaratnam Mahakalyanakam Ghrutham \u2013 150 Gm"},"content":{"rendered":"<h3>Composici\u00f3n de Vaidyaratnam Mahakalyanakam Ghrutham:<\/h3>\n<ul>\n<li>Kwatha-Sariba<\/li>\n<li>Krishnasariva<\/li>\n<li>Haridra<\/li>\n<li>Daruharidra<\/li>\n<li>Salaparni<\/li>\n<li>Presnaparni<\/li>\n<li>Priyangu<\/li>\n<li>Tagara<\/li>\n<li>Bruhati<\/li>\n<li>Kushta<\/li>\n<li>Manjishta<\/li>\n<li>Nagakesara<\/li>\n<li>Dadima<\/li>\n<li>Vidanga<\/li>\n<li>Talesapatra<\/li>\n<li>Ella<\/li>\n<li>Jati<\/li>\n<li>Ulpala<\/li>\n<li>Danti<\/li>\n<li>Padmaka<\/li>\n<li>Chandana<\/li>\n<li>Kalka-Bimbi<\/li>\n<li>Cacao<\/li>\n<li>Media<\/li>\n<li>Hridhi<\/li>\n<li>Kapikacchu<\/li>\n<li>Visani<\/li>\n<li>Masha<\/li>\n<li>Mudga<\/li>\n<li>Mashaparni<\/li>\n<li>Mudgaparni<\/li>\n<\/ul>\n<h3>Beneficios de Vaidyaratnam Mahakalyanakam Ghrutham:<\/h3>\n<ol>\n<li>Man\u00eda<\/li>\n<li>Epilepsia<\/li>\n<li>Hidropes\u00eda<\/li>\n<\/ol>\n<h3>Dosis de Vaidyaratnam Mahakalyanakam Ghrutham:<\/h3>\n<ol>\n<li>10 g una o dos veces al d\u00eda, o seg\u00fan prescripci\u00f3n m\u00e9dica.<\/li>\n<\/ol>\n","protected":false},"excerpt":{"rendered":"<p>Composici\u00f3n de Vaidyaratnam Mahakalyanakam Ghrutham: Kwatha-Sariba Krishnasariva Haridra Daruharidra Salaparni Presnaparni Priyangu Tagara Bruhati Kushta Manjishta Nagakesara Dadima Vidanga Talesapatra Ella Jati Ulpala Danti Padmaka Chandana Kalka-Bimbi Cacao Media Hridhi Kapikacchu Visani Masha Mudga Mashaparni Mudgaparni Beneficios de Vaidyaratnam Mahakalyanakam Ghrutham: Man\u00eda Epilepsia Hidropes\u00eda Dosis de Vaidyaratnam Mahakalyanakam Ghrutham: 10 g una o dos veces [&hellip;]<\/p>\n","protected":false},"featured_media":6364,"comment_status":"open","ping_status":"closed","template":"","meta":[],"product_brand":[],"product_cat":[200,195,247],"product_tag":[],"class_list":{"0":"post-6362","1":"product","2":"type-product","3":"status-publish","4":"has-post-thumbnail","6":"product_cat-marca","7":"product_cat-productos-ayurvedicos","8":"product_cat-vaidyaratnam","10":"first","11":"instock","12":"shipping-taxable","13":"purchasable","14":"product-type-simple"},"_links":{"self":[{"href":"https:\/\/neelayurvedics.es\/index.php?rest_route=\/wp\/v2\/product\/6362","targetHints":{"allow":["GET"]}}],"collection":[{"href":"https:\/\/neelayurvedics.es\/index.php?rest_route=\/wp\/v2\/product"}],"about":[{"href":"https:\/\/neelayurvedics.es\/index.php?rest_route=\/wp\/v2\/types\/product"}],"replies":[{"embeddable":true,"href":"https:\/\/neelayurvedics.es\/index.php?rest_route=%2Fwp%2Fv2%2Fcomments&post=6362"}],"wp:featuredmedia":[{"embeddable":true,"href":"https:\/\/neelayurvedics.es\/index.php?rest_route=\/wp\/v2\/media\/6364"}],"wp:attachment":[{"href":"https:\/\/neelayurvedics.es\/index.php?rest_route=%2Fwp%2Fv2%2Fmedia&parent=6362"}],"wp:term":[{"taxonomy":"product_brand","embeddable":true,"href":"https:\/\/neelayurvedics.es\/index.php?rest_route=%2Fwp%2Fv2%2Fproduct_brand&post=6362"},{"taxonomy":"product_cat","embeddable":true,"href":"https:\/\/neelayurvedics.es\/index.php?rest_route=%2Fwp%2Fv2%2Fproduct_cat&post=6362"},{"taxonomy":"product_tag","embeddable":true,"href":"https:\/\/neelayurvedics.es\/index.php?rest_route=%2Fwp%2Fv2%2Fproduct_tag&post=6362"}],"curies":[{"name":"wp","href":"https:\/\/api.w.org\/{rel}","templated":true}]}}