{"id":6365,"date":"2024-12-26T06:31:52","date_gmt":"2024-12-26T06:31:52","guid":{"rendered":"https:\/\/neelayurvedics.es\/?post_type=product&#038;p=6365"},"modified":"2025-04-09T06:59:30","modified_gmt":"2025-04-09T06:59:30","slug":"vaidyaratnam-mahal-panchagavyam-ghrutham-150-gm","status":"publish","type":"product","link":"https:\/\/neelayurvedics.es\/?product=vaidyaratnam-mahal-panchagavyam-ghrutham-150-gm","title":{"rendered":"Vaidyaratnam Mahal Panchagavyam Ghrutham \u2013 150 Gm"},"content":{"rendered":"<h3>Composici\u00f3n de Vaidyaratnam Mahal Panchagavyam Ghrutham:<\/h3>\n<ul>\n<li>Kwatha-Bruhathi<\/li>\n<li>Kandakari<\/li>\n<li>Presnaparni<\/li>\n<li>Salaparni<\/li>\n<li>Gokshura<\/li>\n<li>Bilva<\/li>\n<li>Gambhari<\/li>\n<li>Patala<\/li>\n<li>Shyonaka<\/li>\n<li>Agnimanta<\/li>\n<li>Harethaki<\/li>\n<li>Vibheethaki<\/li>\n<li>Amalaki<\/li>\n<li>Haridra<\/li>\n<li>Daruharidra<\/li>\n<li>Kutaja<\/li>\n<li>Sapthaparna<\/li>\n<li>Apamarga<\/li>\n<li>Neelini<\/li>\n<li>Katuka<\/li>\n<li>Aragwadha<\/li>\n<li>Pushkaramoola<\/li>\n<li>Jatamamsi<\/li>\n<li>Phalgmoola<\/li>\n<li>Duralabha<\/li>\n<li>Kalka-Bharangi<\/li>\n<li>Pata<\/li>\n<li>Adaki<\/li>\n<li>Trivrit<\/li>\n<li>Danti<\/li>\n<li>Soledad<\/li>\n<li>Maricha<\/li>\n<li>Pippali<\/li>\n<li>Hapusha<\/li>\n<li>Murva<\/li>\n<li>Kirathathiktha<\/li>\n<li>Chiruvilwa<\/li>\n<li>Gajapippali<\/li>\n<li>Sariba<\/li>\n<li>Krishnasariva<\/li>\n<li>Dhathaki<\/li>\n<li>Chitraka<\/li>\n<li>Nichula<\/li>\n<\/ul>\n<h3>Beneficios de Vaidyaratnam Mahal Panchagavyam Ghrutham:<\/h3>\n<ol>\n<li>Epilepsia<\/li>\n<li>Locura<\/li>\n<li>Ictericia<\/li>\n<li>Mejorar el poder intelectual<\/li>\n<\/ol>\n<h3>Dosis de Vaidyaratnam Mahal Panchagavyam Ghrutham:<\/h3>\n<ol>\n<li>10 g a primera hora de la ma\u00f1ana o seg\u00fan prescripci\u00f3n m\u00e9dica.<\/li>\n<\/ol>\n","protected":false},"excerpt":{"rendered":"<p>Composici\u00f3n de Vaidyaratnam Mahal Panchagavyam Ghrutham: Kwatha-Bruhathi Kandakari Presnaparni Salaparni Gokshura Bilva Gambhari Patala Shyonaka Agnimanta Harethaki Vibheethaki Amalaki Haridra Daruharidra Kutaja Sapthaparna Apamarga Neelini Katuka Aragwadha Pushkaramoola Jatamamsi Phalgmoola Duralabha Kalka-Bharangi Pata Adaki Trivrit Danti Soledad Maricha Pippali Hapusha Murva Kirathathiktha Chiruvilwa Gajapippali Sariba Krishnasariva Dhathaki Chitraka Nichula Beneficios de Vaidyaratnam Mahal Panchagavyam Ghrutham: [&hellip;]<\/p>\n","protected":false},"featured_media":6367,"comment_status":"open","ping_status":"closed","template":"","meta":[],"product_brand":[],"product_cat":[200,195,247],"product_tag":[],"class_list":{"0":"post-6365","1":"product","2":"type-product","3":"status-publish","4":"has-post-thumbnail","6":"product_cat-marca","7":"product_cat-productos-ayurvedicos","8":"product_cat-vaidyaratnam","10":"first","11":"instock","12":"shipping-taxable","13":"purchasable","14":"product-type-simple"},"_links":{"self":[{"href":"https:\/\/neelayurvedics.es\/index.php?rest_route=\/wp\/v2\/product\/6365","targetHints":{"allow":["GET"]}}],"collection":[{"href":"https:\/\/neelayurvedics.es\/index.php?rest_route=\/wp\/v2\/product"}],"about":[{"href":"https:\/\/neelayurvedics.es\/index.php?rest_route=\/wp\/v2\/types\/product"}],"replies":[{"embeddable":true,"href":"https:\/\/neelayurvedics.es\/index.php?rest_route=%2Fwp%2Fv2%2Fcomments&post=6365"}],"wp:featuredmedia":[{"embeddable":true,"href":"https:\/\/neelayurvedics.es\/index.php?rest_route=\/wp\/v2\/media\/6367"}],"wp:attachment":[{"href":"https:\/\/neelayurvedics.es\/index.php?rest_route=%2Fwp%2Fv2%2Fmedia&parent=6365"}],"wp:term":[{"taxonomy":"product_brand","embeddable":true,"href":"https:\/\/neelayurvedics.es\/index.php?rest_route=%2Fwp%2Fv2%2Fproduct_brand&post=6365"},{"taxonomy":"product_cat","embeddable":true,"href":"https:\/\/neelayurvedics.es\/index.php?rest_route=%2Fwp%2Fv2%2Fproduct_cat&post=6365"},{"taxonomy":"product_tag","embeddable":true,"href":"https:\/\/neelayurvedics.es\/index.php?rest_route=%2Fwp%2Fv2%2Fproduct_tag&post=6365"}],"curies":[{"name":"wp","href":"https:\/\/api.w.org\/{rel}","templated":true}]}}