{"id":6378,"date":"2024-12-26T06:56:35","date_gmt":"2024-12-26T06:56:35","guid":{"rendered":"https:\/\/neelayurvedics.es\/?post_type=product&#038;p=6378"},"modified":"2025-04-09T06:55:13","modified_gmt":"2025-04-09T06:55:13","slug":"vaidyaratnam-mahasneham-150-gm","status":"publish","type":"product","link":"https:\/\/neelayurvedics.es\/?product=vaidyaratnam-mahasneham-150-gm","title":{"rendered":"Vaidyaratnam Mahasneham \u2013 150 Gm"},"content":{"rendered":"<h3>Composici\u00f3n de Vaidyaratnam Mahasneham:<\/h3>\n<ul>\n<li>Kulatha<\/li>\n<li>Yava<\/li>\n<li>Kola<\/li>\n<li>Devadaru<\/li>\n<li>Thakar<\/li>\n<li>Kushta<\/li>\n<li>Bilva<\/li>\n<li>Gambhari<\/li>\n<li>Patala<\/li>\n<li>Shyonaka<\/li>\n<li>Agnimanta<\/li>\n<li>Salaparni<\/li>\n<li>Presnaparni<\/li>\n<li>Bruhati<\/li>\n<li>Kandakari<\/li>\n<li>Gokshura<\/li>\n<li>Bala<\/li>\n<li>Atibala<\/li>\n<li>Mahishamamsa<\/li>\n<li>Kalka-Panasa<\/li>\n<li>Tala<\/li>\n<li>Parooshaka<\/li>\n<li>Satavari<\/li>\n<li>Bimbi<\/li>\n<li>Bala<\/li>\n<li>Atibala<\/li>\n<li>Nagabala<\/li>\n<li>Rishabhaka<\/li>\n<li>Jeevaka<\/li>\n<li>Mudgaparni<\/li>\n<li>Mashaparni<\/li>\n<li>Mudga<\/li>\n<li>Masha<\/li>\n<li>Jeevanthi<\/li>\n<li>Madhooka<\/li>\n<li>Yashtimadhu<\/li>\n<li>Vamsa<\/li>\n<li>Cacao<\/li>\n<li>Ksheerakakoli (Ksheerakakoli)<\/li>\n<li>Media<\/li>\n<li>Mahameda<\/li>\n<li>Gambhari<\/li>\n<li>Ikshu<\/li>\n<li>Gokshura<\/li>\n<li>Draksha<\/li>\n<li>Aswagandha<\/li>\n<li>Vidari<\/li>\n<\/ul>\n<h3>Beneficios de Vaidyaratnam Mahasneham:<\/h3>\n<ol>\n<li>Enfermedades de Vata<\/li>\n<li>Adelgazamiento<\/li>\n<\/ol>\n<h3>Dosis de Vaidyaratnam Mahasneham:<\/h3>\n<ol>\n<li>10 g una o dos veces al d\u00eda, o seg\u00fan prescripci\u00f3n m\u00e9dica.<\/li>\n<\/ol>\n","protected":false},"excerpt":{"rendered":"<p>Composici\u00f3n de Vaidyaratnam Mahasneham: Kulatha Yava Kola Devadaru Thakar Kushta Bilva Gambhari Patala Shyonaka Agnimanta Salaparni Presnaparni Bruhati Kandakari Gokshura Bala Atibala Mahishamamsa Kalka-Panasa Tala Parooshaka Satavari Bimbi Bala Atibala Nagabala Rishabhaka Jeevaka Mudgaparni Mashaparni Mudga Masha Jeevanthi Madhooka Yashtimadhu Vamsa Cacao Ksheerakakoli (Ksheerakakoli) Media Mahameda Gambhari Ikshu Gokshura Draksha Aswagandha Vidari Beneficios de Vaidyaratnam [&hellip;]<\/p>\n","protected":false},"featured_media":6380,"comment_status":"open","ping_status":"closed","template":"","meta":[],"product_brand":[],"product_cat":[200,195,247],"product_tag":[],"class_list":{"0":"post-6378","1":"product","2":"type-product","3":"status-publish","4":"has-post-thumbnail","6":"product_cat-marca","7":"product_cat-productos-ayurvedicos","8":"product_cat-vaidyaratnam","10":"first","11":"instock","12":"shipping-taxable","13":"purchasable","14":"product-type-simple"},"_links":{"self":[{"href":"https:\/\/neelayurvedics.es\/index.php?rest_route=\/wp\/v2\/product\/6378","targetHints":{"allow":["GET"]}}],"collection":[{"href":"https:\/\/neelayurvedics.es\/index.php?rest_route=\/wp\/v2\/product"}],"about":[{"href":"https:\/\/neelayurvedics.es\/index.php?rest_route=\/wp\/v2\/types\/product"}],"replies":[{"embeddable":true,"href":"https:\/\/neelayurvedics.es\/index.php?rest_route=%2Fwp%2Fv2%2Fcomments&post=6378"}],"wp:featuredmedia":[{"embeddable":true,"href":"https:\/\/neelayurvedics.es\/index.php?rest_route=\/wp\/v2\/media\/6380"}],"wp:attachment":[{"href":"https:\/\/neelayurvedics.es\/index.php?rest_route=%2Fwp%2Fv2%2Fmedia&parent=6378"}],"wp:term":[{"taxonomy":"product_brand","embeddable":true,"href":"https:\/\/neelayurvedics.es\/index.php?rest_route=%2Fwp%2Fv2%2Fproduct_brand&post=6378"},{"taxonomy":"product_cat","embeddable":true,"href":"https:\/\/neelayurvedics.es\/index.php?rest_route=%2Fwp%2Fv2%2Fproduct_cat&post=6378"},{"taxonomy":"product_tag","embeddable":true,"href":"https:\/\/neelayurvedics.es\/index.php?rest_route=%2Fwp%2Fv2%2Fproduct_tag&post=6378"}],"curies":[{"name":"wp","href":"https:\/\/api.w.org\/{rel}","templated":true}]}}