{"id":6381,"date":"2024-12-26T06:59:51","date_gmt":"2024-12-26T06:59:51","guid":{"rendered":"https:\/\/neelayurvedics.es\/?post_type=product&#038;p=6381"},"modified":"2025-04-09T06:54:33","modified_gmt":"2025-04-09T06:54:33","slug":"vaidyaratnam-mahathikthakam-ghrutham-150-gm","status":"publish","type":"product","link":"https:\/\/neelayurvedics.es\/?product=vaidyaratnam-mahathikthakam-ghrutham-150-gm","title":{"rendered":"Vaidyaratnam Mahathikthakam Ghrutham \u2013 150 Gm"},"content":{"rendered":"<p>Modo de empleo:<\/p>\n<ul>\n<li>10-20 g una o dos veces al d\u00eda o seg\u00fan lo indique el m\u00e9dico.<\/li>\n<\/ul>\n","protected":false},"excerpt":{"rendered":"<p>Modo de empleo: 10-20 g una o dos veces al d\u00eda o seg\u00fan lo indique el m\u00e9dico.<\/p>\n","protected":false},"featured_media":6383,"comment_status":"open","ping_status":"closed","template":"","meta":[],"product_brand":[],"product_cat":[200,195,247],"product_tag":[],"class_list":{"0":"post-6381","1":"product","2":"type-product","3":"status-publish","4":"has-post-thumbnail","6":"product_cat-marca","7":"product_cat-productos-ayurvedicos","8":"product_cat-vaidyaratnam","10":"first","11":"instock","12":"shipping-taxable","13":"purchasable","14":"product-type-simple"},"_links":{"self":[{"href":"https:\/\/neelayurvedics.es\/index.php?rest_route=\/wp\/v2\/product\/6381","targetHints":{"allow":["GET"]}}],"collection":[{"href":"https:\/\/neelayurvedics.es\/index.php?rest_route=\/wp\/v2\/product"}],"about":[{"href":"https:\/\/neelayurvedics.es\/index.php?rest_route=\/wp\/v2\/types\/product"}],"replies":[{"embeddable":true,"href":"https:\/\/neelayurvedics.es\/index.php?rest_route=%2Fwp%2Fv2%2Fcomments&post=6381"}],"wp:featuredmedia":[{"embeddable":true,"href":"https:\/\/neelayurvedics.es\/index.php?rest_route=\/wp\/v2\/media\/6383"}],"wp:attachment":[{"href":"https:\/\/neelayurvedics.es\/index.php?rest_route=%2Fwp%2Fv2%2Fmedia&parent=6381"}],"wp:term":[{"taxonomy":"product_brand","embeddable":true,"href":"https:\/\/neelayurvedics.es\/index.php?rest_route=%2Fwp%2Fv2%2Fproduct_brand&post=6381"},{"taxonomy":"product_cat","embeddable":true,"href":"https:\/\/neelayurvedics.es\/index.php?rest_route=%2Fwp%2Fv2%2Fproduct_cat&post=6381"},{"taxonomy":"product_tag","embeddable":true,"href":"https:\/\/neelayurvedics.es\/index.php?rest_route=%2Fwp%2Fv2%2Fproduct_tag&post=6381"}],"curies":[{"name":"wp","href":"https:\/\/api.w.org\/{rel}","templated":true}]}}