{"id":6413,"date":"2024-12-26T08:04:24","date_gmt":"2024-12-26T08:04:24","guid":{"rendered":"https:\/\/neelayurvedics.es\/?post_type=product&#038;p=6413"},"modified":"2025-04-09T06:40:28","modified_gmt":"2025-04-09T06:40:28","slug":"vaidyaratnam-mehanil-tableta-100-tabletas","status":"publish","type":"product","link":"https:\/\/neelayurvedics.es\/?product=vaidyaratnam-mehanil-tableta-100-tabletas","title":{"rendered":"Vaidyaratnam Mehanil Tableta \u2013 100 Tabletas"},"content":{"rendered":"<h3>Composici\u00f3n de la tableta Vaidyaratnam Mehanil:<\/h3>\n<ul>\n<li>Methika<\/li>\n<li>karela<\/li>\n<li>Saptachakra<\/li>\n<li>Avartaki<\/li>\n<\/ul>\n<h3>Beneficios de la tableta Vaidyaratnam Mehanil:<\/h3>\n<ol>\n<li>La tableta Vaidyaratnam Mehanil tiene muchos beneficios para la salud y puede reducir la inflamaci\u00f3n, controlar el az\u00facar en sangre, reducir los niveles de l\u00edpidos y colesterol.<\/li>\n<li>Se utiliza para tratar los niveles de az\u00facar en sangre.<\/li>\n<li>Tambi\u00e9n mejora la funci\u00f3n hep\u00e1tica en el organismo.<\/li>\n<li>Se utiliza para prevenir el aumento de peso, hemorroides, az\u00facar en sangre y similares.<\/li>\n<li>Es una hierba rejuvenecedora que se utiliza para controlar problemas urinarios y az\u00facar en sangre.<\/li>\n<\/ol>\n<h3>Dosis de la tableta Vaidyaratnam Mehanil:<\/h3>\n<ul>\n<li>\u00daselo seg\u00fan las instrucciones de la etiqueta.<\/li>\n<li>Seg\u00fan lo recomendado por su proveedor de atenci\u00f3n m\u00e9dica.<\/li>\n<\/ul>\n","protected":false},"excerpt":{"rendered":"<ul>\n<li>Se cree que las tabletas Vaidyaratnam Mehanil son una soluci\u00f3n eficaz para el control del az\u00facar en sangre.<\/li>\n<li>La diabetes tipo 2 es una enfermedad prevalente que afecta a una gran proporci\u00f3n de la poblaci\u00f3n.<\/li>\n<li>Si bien puede haber causas gen\u00e9ticas para la diabetes, las opciones de estilo de vida juegan un papel importante en los niveles de az\u00facar en sangre no controlados.<\/li>\n<\/ul>\n","protected":false},"featured_media":6416,"comment_status":"open","ping_status":"closed","template":"","meta":[],"product_brand":[],"product_cat":[200,195,247],"product_tag":[],"class_list":{"0":"post-6413","1":"product","2":"type-product","3":"status-publish","4":"has-post-thumbnail","6":"product_cat-marca","7":"product_cat-productos-ayurvedicos","8":"product_cat-vaidyaratnam","10":"first","11":"instock","12":"shipping-taxable","13":"purchasable","14":"product-type-simple"},"_links":{"self":[{"href":"https:\/\/neelayurvedics.es\/index.php?rest_route=\/wp\/v2\/product\/6413","targetHints":{"allow":["GET"]}}],"collection":[{"href":"https:\/\/neelayurvedics.es\/index.php?rest_route=\/wp\/v2\/product"}],"about":[{"href":"https:\/\/neelayurvedics.es\/index.php?rest_route=\/wp\/v2\/types\/product"}],"replies":[{"embeddable":true,"href":"https:\/\/neelayurvedics.es\/index.php?rest_route=%2Fwp%2Fv2%2Fcomments&post=6413"}],"wp:featuredmedia":[{"embeddable":true,"href":"https:\/\/neelayurvedics.es\/index.php?rest_route=\/wp\/v2\/media\/6416"}],"wp:attachment":[{"href":"https:\/\/neelayurvedics.es\/index.php?rest_route=%2Fwp%2Fv2%2Fmedia&parent=6413"}],"wp:term":[{"taxonomy":"product_brand","embeddable":true,"href":"https:\/\/neelayurvedics.es\/index.php?rest_route=%2Fwp%2Fv2%2Fproduct_brand&post=6413"},{"taxonomy":"product_cat","embeddable":true,"href":"https:\/\/neelayurvedics.es\/index.php?rest_route=%2Fwp%2Fv2%2Fproduct_cat&post=6413"},{"taxonomy":"product_tag","embeddable":true,"href":"https:\/\/neelayurvedics.es\/index.php?rest_route=%2Fwp%2Fv2%2Fproduct_tag&post=6413"}],"curies":[{"name":"wp","href":"https:\/\/api.w.org\/{rel}","templated":true}]}}