{"id":6420,"date":"2024-12-26T08:11:41","date_gmt":"2024-12-26T08:11:41","guid":{"rendered":"https:\/\/neelayurvedics.es\/?post_type=product&#038;p=6420"},"modified":"2025-04-09T06:39:27","modified_gmt":"2025-04-09T06:39:27","slug":"vaidyaratnam-moolakasavam-450-ml","status":"publish","type":"product","link":"https:\/\/neelayurvedics.es\/?product=vaidyaratnam-moolakasavam-450-ml","title":{"rendered":"Vaidyaratnam Moolakasavam \u2013 450 ML"},"content":{"rendered":"<h3>Composici\u00f3n de Vaidyaratnam Moolakasavam:<\/h3>\n<ul>\n<li>Madhusnuhi<\/li>\n<li>Nimba<\/li>\n<li>Katuka<\/li>\n<li>Yashtimadhu<\/li>\n<li>Triphala<\/li>\n<li>Bala<\/li>\n<li>Krishnajeeraka<\/li>\n<li>Madhu<\/li>\n<\/ul>\n<h3>Beneficios de Vaidyaratnam Moolakasavam:<\/h3>\n<ol>\n<li>Problemas de la piel en ni\u00f1os: caspa, acn\u00e9 y picaz\u00f3n.<\/li>\n<\/ol>\n<h3>Dosis de Vaidyaratnam Moolakasavam:<\/h3>\n<ol>\n<li>15 a 30 ml dos veces al d\u00eda, despu\u00e9s de las comidas o seg\u00fan lo prescriba un m\u00e9dico<\/li>\n<\/ol>\n","protected":false},"excerpt":{"rendered":"<p>Composici\u00f3n de Vaidyaratnam Moolakasavam: Madhusnuhi Nimba Katuka Yashtimadhu Triphala Bala Krishnajeeraka Madhu Beneficios de Vaidyaratnam Moolakasavam: Problemas de la piel en ni\u00f1os: caspa, acn\u00e9 y picaz\u00f3n. Dosis de Vaidyaratnam Moolakasavam: 15 a 30 ml dos veces al d\u00eda, despu\u00e9s de las comidas o seg\u00fan lo prescriba un m\u00e9dico<\/p>\n","protected":false},"featured_media":6422,"comment_status":"open","ping_status":"closed","template":"","meta":[],"product_brand":[],"product_cat":[200,195,247],"product_tag":[],"class_list":{"0":"post-6420","1":"product","2":"type-product","3":"status-publish","4":"has-post-thumbnail","6":"product_cat-marca","7":"product_cat-productos-ayurvedicos","8":"product_cat-vaidyaratnam","10":"first","11":"instock","12":"shipping-taxable","13":"purchasable","14":"product-type-simple"},"_links":{"self":[{"href":"https:\/\/neelayurvedics.es\/index.php?rest_route=\/wp\/v2\/product\/6420","targetHints":{"allow":["GET"]}}],"collection":[{"href":"https:\/\/neelayurvedics.es\/index.php?rest_route=\/wp\/v2\/product"}],"about":[{"href":"https:\/\/neelayurvedics.es\/index.php?rest_route=\/wp\/v2\/types\/product"}],"replies":[{"embeddable":true,"href":"https:\/\/neelayurvedics.es\/index.php?rest_route=%2Fwp%2Fv2%2Fcomments&post=6420"}],"wp:featuredmedia":[{"embeddable":true,"href":"https:\/\/neelayurvedics.es\/index.php?rest_route=\/wp\/v2\/media\/6422"}],"wp:attachment":[{"href":"https:\/\/neelayurvedics.es\/index.php?rest_route=%2Fwp%2Fv2%2Fmedia&parent=6420"}],"wp:term":[{"taxonomy":"product_brand","embeddable":true,"href":"https:\/\/neelayurvedics.es\/index.php?rest_route=%2Fwp%2Fv2%2Fproduct_brand&post=6420"},{"taxonomy":"product_cat","embeddable":true,"href":"https:\/\/neelayurvedics.es\/index.php?rest_route=%2Fwp%2Fv2%2Fproduct_cat&post=6420"},{"taxonomy":"product_tag","embeddable":true,"href":"https:\/\/neelayurvedics.es\/index.php?rest_route=%2Fwp%2Fv2%2Fproduct_tag&post=6420"}],"curies":[{"name":"wp","href":"https:\/\/api.w.org\/{rel}","templated":true}]}}