{"id":6435,"date":"2024-12-26T08:32:54","date_gmt":"2024-12-26T08:32:54","guid":{"rendered":"https:\/\/neelayurvedics.es\/?post_type=product&#038;p=6435"},"modified":"2024-12-26T08:32:54","modified_gmt":"2024-12-26T08:32:54","slug":"vaidyaratnam-mustharishtam-450-ml","status":"publish","type":"product","link":"https:\/\/neelayurvedics.es\/?product=vaidyaratnam-mustharishtam-450-ml","title":{"rendered":"Vaidyaratnam Mustharishtam \u2013 450 ML"},"content":{"rendered":"<h3><span>Composici\u00f3n de Vaidyaratnam Mustharishtam:<\/span><\/h3>\n<ul>\n<li><span>Musta<\/span><\/li>\n<li><span>Yavani<\/span><\/li>\n<li><span>Soledad<\/span><\/li>\n<li><span>Maricha<\/span><\/li>\n<li><span>Lavangam<\/span><\/li>\n<li><span>Methika<\/span><\/li>\n<li><span>Chitraka<\/span><\/li>\n<li><span>Jeeraka<\/span><\/li>\n<li><span>guada<\/span><\/li>\n<li><span>Dhataki<\/span><\/li>\n<\/ul>\n<h3><span>Beneficios de Vaidyaratnam Mustharishtam:<\/span><\/h3>\n<ol>\n<li><span>Indigesti\u00f3n<\/span><\/li>\n<li><span>Diarrea cr\u00f3nica<\/span><\/li>\n<li><span>Bebedero<\/span><\/li>\n<\/ol>\n<h3><span>Dosis de Vaidyaratnam Mustharishtam:<\/span><\/h3>\n<ol>\n<li><span>15 a 30 ml dos veces al d\u00eda despu\u00e9s de las comidas o seg\u00fan lo indique el m\u00e9dico.<\/span><\/li>\n<\/ol>\n","protected":false},"excerpt":{"rendered":"<p>Composici\u00f3n de Vaidyaratnam Mustharishtam: Musta Yavani Soledad Maricha Lavangam Methika Chitraka Jeeraka guada Dhataki Beneficios de Vaidyaratnam Mustharishtam: Indigesti\u00f3n Diarrea cr\u00f3nica Bebedero Dosis de Vaidyaratnam Mustharishtam: 15 a 30 ml dos veces al d\u00eda despu\u00e9s de las comidas o seg\u00fan lo indique el m\u00e9dico.<\/p>\n","protected":false},"featured_media":6437,"comment_status":"open","ping_status":"closed","template":"","meta":[],"product_brand":[],"product_cat":[200,195,247],"product_tag":[],"class_list":{"0":"post-6435","1":"product","2":"type-product","3":"status-publish","4":"has-post-thumbnail","6":"product_cat-marca","7":"product_cat-productos-ayurvedicos","8":"product_cat-vaidyaratnam","10":"first","11":"instock","12":"shipping-taxable","13":"purchasable","14":"product-type-simple"},"_links":{"self":[{"href":"https:\/\/neelayurvedics.es\/index.php?rest_route=\/wp\/v2\/product\/6435","targetHints":{"allow":["GET"]}}],"collection":[{"href":"https:\/\/neelayurvedics.es\/index.php?rest_route=\/wp\/v2\/product"}],"about":[{"href":"https:\/\/neelayurvedics.es\/index.php?rest_route=\/wp\/v2\/types\/product"}],"replies":[{"embeddable":true,"href":"https:\/\/neelayurvedics.es\/index.php?rest_route=%2Fwp%2Fv2%2Fcomments&post=6435"}],"wp:featuredmedia":[{"embeddable":true,"href":"https:\/\/neelayurvedics.es\/index.php?rest_route=\/wp\/v2\/media\/6437"}],"wp:attachment":[{"href":"https:\/\/neelayurvedics.es\/index.php?rest_route=%2Fwp%2Fv2%2Fmedia&parent=6435"}],"wp:term":[{"taxonomy":"product_brand","embeddable":true,"href":"https:\/\/neelayurvedics.es\/index.php?rest_route=%2Fwp%2Fv2%2Fproduct_brand&post=6435"},{"taxonomy":"product_cat","embeddable":true,"href":"https:\/\/neelayurvedics.es\/index.php?rest_route=%2Fwp%2Fv2%2Fproduct_cat&post=6435"},{"taxonomy":"product_tag","embeddable":true,"href":"https:\/\/neelayurvedics.es\/index.php?rest_route=%2Fwp%2Fv2%2Fproduct_tag&post=6435"}],"curies":[{"name":"wp","href":"https:\/\/api.w.org\/{rel}","templated":true}]}}