{"id":6454,"date":"2024-12-27T04:58:36","date_gmt":"2024-12-27T04:58:36","guid":{"rendered":"https:\/\/neelayurvedics.es\/?post_type=product&#038;p=6454"},"modified":"2025-04-09T06:32:56","modified_gmt":"2025-04-09T06:32:56","slug":"vaidyaratnam-nayopayam-kashayam-200ml","status":"publish","type":"product","link":"https:\/\/neelayurvedics.es\/?product=vaidyaratnam-nayopayam-kashayam-200ml","title":{"rendered":"Vaidyaratnam Nayopayam Kashayam \u2013 200 ML"},"content":{"rendered":"<h3>Composici\u00f3n de Vaidyaratnam Nayopayam Kashayam:<\/h3>\n<ul>\n<li>Bala<\/li>\n<li>Jeeraka<\/li>\n<li>Soledad<\/li>\n<\/ul>\n<h3>Beneficios de Vaidyaratnam Nayopayam Kashayam:<\/h3>\n<ol>\n<li>Vaidyaratnam Nayopayam Kashayam tiene propiedades expectorantes que ayudan a aliviar la tos.<\/li>\n<li>Funciona diluyendo la mucosidad en las v\u00edas respiratorias para limpiarlas.<\/li>\n<li>La formulaci\u00f3n relaja los m\u00fasculos de los bronquios de los pulmones.<\/li>\n<li>Ayuda a despejar la congesti\u00f3n en el pecho y controla las dificultades respiratorias.<\/li>\n<li>Los ingredientes ayudan a aliviar el dolor, la irritaci\u00f3n y el malestar de garganta.<\/li>\n<\/ol>\n<h3>Dosis de Vaidyaratnam Nayopayam Kashayam:<\/h3>\n<ul>\n<li>Utilizar seg\u00fan indicaci\u00f3n m\u00e9dica.<\/li>\n<\/ul>\n","protected":false},"excerpt":{"rendered":"<ul>\n<li>Vaidyaratnam Nayopayam Kashayam es una f\u00f3rmula no adictiva, no estre\u00f1idora y no sedante que alivia la tos y el resfriado.<\/li>\n<li>Mejora la salud respiratoria y ayuda a prevenir problemas respiratorios.<\/li>\n<\/ul>\n","protected":false},"featured_media":6456,"comment_status":"open","ping_status":"closed","template":"","meta":[],"product_brand":[],"product_cat":[200,195,247],"product_tag":[],"class_list":{"0":"post-6454","1":"product","2":"type-product","3":"status-publish","4":"has-post-thumbnail","6":"product_cat-marca","7":"product_cat-productos-ayurvedicos","8":"product_cat-vaidyaratnam","10":"first","11":"instock","12":"shipping-taxable","13":"purchasable","14":"product-type-simple"},"_links":{"self":[{"href":"https:\/\/neelayurvedics.es\/index.php?rest_route=\/wp\/v2\/product\/6454","targetHints":{"allow":["GET"]}}],"collection":[{"href":"https:\/\/neelayurvedics.es\/index.php?rest_route=\/wp\/v2\/product"}],"about":[{"href":"https:\/\/neelayurvedics.es\/index.php?rest_route=\/wp\/v2\/types\/product"}],"replies":[{"embeddable":true,"href":"https:\/\/neelayurvedics.es\/index.php?rest_route=%2Fwp%2Fv2%2Fcomments&post=6454"}],"wp:featuredmedia":[{"embeddable":true,"href":"https:\/\/neelayurvedics.es\/index.php?rest_route=\/wp\/v2\/media\/6456"}],"wp:attachment":[{"href":"https:\/\/neelayurvedics.es\/index.php?rest_route=%2Fwp%2Fv2%2Fmedia&parent=6454"}],"wp:term":[{"taxonomy":"product_brand","embeddable":true,"href":"https:\/\/neelayurvedics.es\/index.php?rest_route=%2Fwp%2Fv2%2Fproduct_brand&post=6454"},{"taxonomy":"product_cat","embeddable":true,"href":"https:\/\/neelayurvedics.es\/index.php?rest_route=%2Fwp%2Fv2%2Fproduct_cat&post=6454"},{"taxonomy":"product_tag","embeddable":true,"href":"https:\/\/neelayurvedics.es\/index.php?rest_route=%2Fwp%2Fv2%2Fproduct_tag&post=6454"}],"curies":[{"name":"wp","href":"https:\/\/api.w.org\/{rel}","templated":true}]}}