{"id":6466,"date":"2024-12-27T05:13:06","date_gmt":"2024-12-27T05:13:06","guid":{"rendered":"https:\/\/neelayurvedics.es\/?post_type=product&#038;p=6466"},"modified":"2025-04-09T06:29:40","modified_gmt":"2025-04-09T06:29:40","slug":"vaidyaratnam-nimbadi-kashayam-200ml","status":"publish","type":"product","link":"https:\/\/neelayurvedics.es\/?product=vaidyaratnam-nimbadi-kashayam-200ml","title":{"rendered":"Vaidyaratnam Nimbadi Kashayam \u2013 200 ML"},"content":{"rendered":"<h3>Composici\u00f3n de Vaidyaratnam Nimbadi Kashayam:<\/h3>\n<ul>\n<li>Nimba<\/li>\n<li>Guduchi<\/li>\n<li>Soledad<\/li>\n<li>Haridra<\/li>\n<li>Vaso<\/li>\n<li>Harethaki<\/li>\n<li>Vibheethaki<\/li>\n<li>Amalaki<\/li>\n<li>Patola<\/li>\n<li>Bruhati<\/li>\n<\/ul>\n<h3>Beneficios de Vaidyaratnam Nimbadi Kashayam:<\/h3>\n<ol>\n<li>Enfermedades de la piel<\/li>\n<li>Abscesos y for\u00fanculos<\/li>\n<\/ol>\n<h3>Dosis de Vaidyaratnam Nimbadi Kashayam:<\/h3>\n<ul>\n<li>15 ml dos veces al d\u00eda, con cuatro tazas de agua tibia, una hora antes de comer.<\/li>\n<li>Seg\u00fan lo indique el m\u00e9dico.<\/li>\n<\/ul>\n","protected":false},"excerpt":{"rendered":"<ul>\n<li>Vaidyaratnam Nimbadi Kashayam es eficaz en el tratamiento de enfermedades de la piel y for\u00fanculos.<\/li>\n<li>Ayuda a reducir los for\u00fanculos y \u00e1ntrax en todo el cuerpo, incluidos los \u00e1ntrax diab\u00e9ticos.<\/li>\n<li>Vaidyaratnam Nimbadi Kashayam ayuda a aliviar las enfermedades inflamatorias de la piel debido a las propiedades antibacterianas y antiinflamatorias de los ingredientes, particularmente el neem.<\/li>\n<li>Ayuda a neutralizar la toxicidad y las impurezas de la sangre.<\/li>\n<\/ul>\n","protected":false},"featured_media":6468,"comment_status":"open","ping_status":"closed","template":"","meta":[],"product_brand":[],"product_cat":[200,195,247],"product_tag":[],"class_list":{"0":"post-6466","1":"product","2":"type-product","3":"status-publish","4":"has-post-thumbnail","6":"product_cat-marca","7":"product_cat-productos-ayurvedicos","8":"product_cat-vaidyaratnam","10":"first","11":"instock","12":"shipping-taxable","13":"purchasable","14":"product-type-simple"},"_links":{"self":[{"href":"https:\/\/neelayurvedics.es\/index.php?rest_route=\/wp\/v2\/product\/6466","targetHints":{"allow":["GET"]}}],"collection":[{"href":"https:\/\/neelayurvedics.es\/index.php?rest_route=\/wp\/v2\/product"}],"about":[{"href":"https:\/\/neelayurvedics.es\/index.php?rest_route=\/wp\/v2\/types\/product"}],"replies":[{"embeddable":true,"href":"https:\/\/neelayurvedics.es\/index.php?rest_route=%2Fwp%2Fv2%2Fcomments&post=6466"}],"wp:featuredmedia":[{"embeddable":true,"href":"https:\/\/neelayurvedics.es\/index.php?rest_route=\/wp\/v2\/media\/6468"}],"wp:attachment":[{"href":"https:\/\/neelayurvedics.es\/index.php?rest_route=%2Fwp%2Fv2%2Fmedia&parent=6466"}],"wp:term":[{"taxonomy":"product_brand","embeddable":true,"href":"https:\/\/neelayurvedics.es\/index.php?rest_route=%2Fwp%2Fv2%2Fproduct_brand&post=6466"},{"taxonomy":"product_cat","embeddable":true,"href":"https:\/\/neelayurvedics.es\/index.php?rest_route=%2Fwp%2Fv2%2Fproduct_cat&post=6466"},{"taxonomy":"product_tag","embeddable":true,"href":"https:\/\/neelayurvedics.es\/index.php?rest_route=%2Fwp%2Fv2%2Fproduct_tag&post=6466"}],"curies":[{"name":"wp","href":"https:\/\/api.w.org\/{rel}","templated":true}]}}