{"id":6469,"date":"2024-12-27T05:16:38","date_gmt":"2024-12-27T05:16:38","guid":{"rendered":"https:\/\/neelayurvedics.es\/?post_type=product&#038;p=6469"},"modified":"2025-04-09T06:29:16","modified_gmt":"2025-04-09T06:29:16","slug":"vaidyaratnam-nimbamrithadi-eranda-thailam-100-ml","status":"publish","type":"product","link":"https:\/\/neelayurvedics.es\/?product=vaidyaratnam-nimbamrithadi-eranda-thailam-100-ml","title":{"rendered":"Vaidyaratnam Nimbamrithadi Eranda Thailam \u2013 100 ML"},"content":{"rendered":"<p>Excelente para afecciones reum\u00e1ticas y de la piel. Bueno para la regularidad de las deposiciones, \u00fatil en caso de estre\u00f1imiento<\/p>\n","protected":false},"excerpt":{"rendered":"<p>Excelente para afecciones reum\u00e1ticas y de la piel. Bueno para la regularidad de las deposiciones, \u00fatil en caso de estre\u00f1imiento<\/p>\n","protected":false},"featured_media":6470,"comment_status":"open","ping_status":"closed","template":"","meta":[],"product_brand":[],"product_cat":[200,195,247],"product_tag":[],"class_list":{"0":"post-6469","1":"product","2":"type-product","3":"status-publish","4":"has-post-thumbnail","6":"product_cat-marca","7":"product_cat-productos-ayurvedicos","8":"product_cat-vaidyaratnam","10":"first","11":"instock","12":"shipping-taxable","13":"purchasable","14":"product-type-simple"},"_links":{"self":[{"href":"https:\/\/neelayurvedics.es\/index.php?rest_route=\/wp\/v2\/product\/6469","targetHints":{"allow":["GET"]}}],"collection":[{"href":"https:\/\/neelayurvedics.es\/index.php?rest_route=\/wp\/v2\/product"}],"about":[{"href":"https:\/\/neelayurvedics.es\/index.php?rest_route=\/wp\/v2\/types\/product"}],"replies":[{"embeddable":true,"href":"https:\/\/neelayurvedics.es\/index.php?rest_route=%2Fwp%2Fv2%2Fcomments&post=6469"}],"wp:featuredmedia":[{"embeddable":true,"href":"https:\/\/neelayurvedics.es\/index.php?rest_route=\/wp\/v2\/media\/6470"}],"wp:attachment":[{"href":"https:\/\/neelayurvedics.es\/index.php?rest_route=%2Fwp%2Fv2%2Fmedia&parent=6469"}],"wp:term":[{"taxonomy":"product_brand","embeddable":true,"href":"https:\/\/neelayurvedics.es\/index.php?rest_route=%2Fwp%2Fv2%2Fproduct_brand&post=6469"},{"taxonomy":"product_cat","embeddable":true,"href":"https:\/\/neelayurvedics.es\/index.php?rest_route=%2Fwp%2Fv2%2Fproduct_cat&post=6469"},{"taxonomy":"product_tag","embeddable":true,"href":"https:\/\/neelayurvedics.es\/index.php?rest_route=%2Fwp%2Fv2%2Fproduct_tag&post=6469"}],"curies":[{"name":"wp","href":"https:\/\/api.w.org\/{rel}","templated":true}]}}